{"id":899,"date":"2017-04-14T16:34:12","date_gmt":"2017-04-14T14:34:12","guid":{"rendered":"http:\/\/357nkacsig.preview.infomaniak.website\/?product=mobile-necklace"},"modified":"2023-01-23T00:00:21","modified_gmt":"2023-01-22T23:00:21","slug":"mobile-necklace-silver","status":"publish","type":"product","link":"https:\/\/preprod.unchicfou.com\/en\/produit\/mobile-necklace-silver\/","title":{"rendered":"Necklace MOBILE"},"content":{"rendered":"<ul>\n<li><b>Solid silver necklace.\u00a0<\/b><\/li>\n<li>Material: solid 925\/1000 silver with rhodium plating.<\/li>\n<li>Inspiration: like a child mobile or an automatic watchmaking movement. The satin brushed part glide over the polished disk below.<\/li>\n<li>Details: pendant diameter 15mm. 3 length possibilities, 42 \u00e0 52cm.<\/li>\n<li><b>Swiss Design. Local production in the Great Geneva area.<\/b><\/li>\n<li>The necklace comes with its 100% cotton pouch.<\/li>\n<li>To extend the family <a href=\"https:\/\/preprod.unchicfou.com\/?s=ASWISSTORY&amp;post_type=product\">ASWISSTORY<\/a>.<\/li>\n<\/ul>\n","protected":false},"excerpt":{"rendered":"<p>Solid silver necklace.<\/p>\n<p>Sleek as an automatic watchmaking movement around the neck.<\/p>\n","protected":false},"featured_media":4409,"template":"","meta":{"_acf_changed":false},"product_brand":[],"product_cat":[1374,89],"product_tag":[1172,1933,803,472,440],"class_list":{"0":"post-899","1":"product","2":"type-product","3":"status-publish","4":"has-post-thumbnail","6":"product_cat-sales","7":"product_cat-necklaces-adjustable-gold-silver","8":"product_tag-swiss-en","9":"product_tag-black-friday-en","10":"product_tag-les-dernieres-chances-en","11":"product_tag-rhodium-plated-en","12":"product_tag-silver-en","14":"first","15":"instock","16":"featured","17":"purchasable","18":"product-type-simple"},"acf":[],"yoast_head":"<!-- This site is optimized with the Yoast SEO plugin v27.3 - https:\/\/yoast.com\/product\/yoast-seo-wordpress\/ -->\n<title>un chic fou - Necklace MOBILE. Solid silver mobile necklace.<\/title>\n<meta name=\"description\" content=\"un chic fou - Solid 925\/1000 silver necklace, rhodium-plated. Adjustable with three lengths possibilities. Simple and elegant design.\" \/>\n<meta name=\"robots\" content=\"index, follow, max-snippet:-1, max-image-preview:large, max-video-preview:-1\" \/>\n<link rel=\"canonical\" href=\"https:\/\/preprod.unchicfou.com\/en\/produit\/mobile-necklace-silver\/\" \/>\n<meta property=\"og:locale\" content=\"en_US\" \/>\n<meta property=\"og:type\" content=\"article\" \/>\n<meta property=\"og:title\" content=\"un chic fou - Necklace MOBILE. Solid silver mobile necklace.\" \/>\n<meta property=\"og:description\" content=\"un chic fou - Solid 925\/1000 silver necklace, rhodium-plated. Adjustable with three lengths possibilities. Simple and elegant design.\" \/>\n<meta property=\"og:url\" content=\"https:\/\/preprod.unchicfou.com\/en\/produit\/mobile-necklace-silver\/\" \/>\n<meta property=\"og:site_name\" content=\"un chic fou\" \/>\n<meta property=\"article:modified_time\" content=\"2023-01-22T23:00:21+00:00\" \/>\n<meta property=\"og:image\" content=\"https:\/\/preprod.unchicfou.com\/wp-content\/uploads\/2020\/06\/MOBILE-AG_GP-scaled.jpg\" \/>\n\t<meta property=\"og:image:width\" content=\"2560\" \/>\n\t<meta property=\"og:image:height\" content=\"2560\" \/>\n\t<meta property=\"og:image:type\" content=\"image\/jpeg\" \/>\n<meta name=\"twitter:card\" content=\"summary_large_image\" \/>\n<meta name=\"twitter:label1\" content=\"Est. reading time\" \/>\n\t<meta name=\"twitter:data1\" content=\"1 minute\" \/>\n<!-- \/ Yoast SEO plugin. -->","yoast_head_json":{"title":"un chic fou - Necklace MOBILE. Solid silver mobile necklace.","description":"un chic fou - Solid 925\/1000 silver necklace, rhodium-plated. Adjustable with three lengths possibilities. Simple and elegant design.","robots":{"index":"index","follow":"follow","max-snippet":"max-snippet:-1","max-image-preview":"max-image-preview:large","max-video-preview":"max-video-preview:-1"},"canonical":"https:\/\/preprod.unchicfou.com\/en\/produit\/mobile-necklace-silver\/","og_locale":"en_US","og_type":"article","og_title":"un chic fou - Necklace MOBILE. Solid silver mobile necklace.","og_description":"un chic fou - Solid 925\/1000 silver necklace, rhodium-plated. Adjustable with three lengths possibilities. Simple and elegant design.","og_url":"https:\/\/preprod.unchicfou.com\/en\/produit\/mobile-necklace-silver\/","og_site_name":"un chic fou","article_modified_time":"2023-01-22T23:00:21+00:00","og_image":[{"width":2560,"height":2560,"url":"https:\/\/preprod.unchicfou.com\/wp-content\/uploads\/2020\/06\/MOBILE-AG_GP-scaled.jpg","type":"image\/jpeg"}],"twitter_card":"summary_large_image","twitter_misc":{"Est. reading time":"1 minute"},"schema":{"@context":"https:\/\/schema.org","@graph":[{"@type":"WebPage","@id":"https:\/\/preprod.unchicfou.com\/en\/produit\/mobile-necklace-silver\/","url":"https:\/\/preprod.unchicfou.com\/en\/produit\/mobile-necklace-silver\/","name":"un chic fou - Necklace MOBILE. Solid silver mobile necklace.","isPartOf":{"@id":"https:\/\/preprod.unchicfou.com\/en\/#website"},"primaryImageOfPage":{"@id":"https:\/\/preprod.unchicfou.com\/en\/produit\/mobile-necklace-silver\/#primaryimage"},"image":{"@id":"https:\/\/preprod.unchicfou.com\/en\/produit\/mobile-necklace-silver\/#primaryimage"},"thumbnailUrl":"https:\/\/preprod.unchicfou.com\/wp-content\/uploads\/2020\/06\/MOBILE-AG_GP-scaled.jpg","datePublished":"2017-04-14T14:34:12+00:00","dateModified":"2023-01-22T23:00:21+00:00","description":"un chic fou - Solid 925\/1000 silver necklace, rhodium-plated. Adjustable with three lengths possibilities. Simple and elegant design.","breadcrumb":{"@id":"https:\/\/preprod.unchicfou.com\/en\/produit\/mobile-necklace-silver\/#breadcrumb"},"inLanguage":"en-US","potentialAction":[{"@type":"ReadAction","target":["https:\/\/preprod.unchicfou.com\/en\/produit\/mobile-necklace-silver\/"]}]},{"@type":"ImageObject","inLanguage":"en-US","@id":"https:\/\/preprod.unchicfou.com\/en\/produit\/mobile-necklace-silver\/#primaryimage","url":"https:\/\/preprod.unchicfou.com\/wp-content\/uploads\/2020\/06\/MOBILE-AG_GP-scaled.jpg","contentUrl":"https:\/\/preprod.unchicfou.com\/wp-content\/uploads\/2020\/06\/MOBILE-AG_GP-scaled.jpg","width":2560,"height":2560,"caption":"MOBILE AG GP scaled"},{"@type":"BreadcrumbList","@id":"https:\/\/preprod.unchicfou.com\/en\/produit\/mobile-necklace-silver\/#breadcrumb","itemListElement":[{"@type":"ListItem","position":1,"name":"Accueil","item":"https:\/\/preprod.unchicfou.com\/en\/"},{"@type":"ListItem","position":2,"name":"Boutique","item":"https:\/\/preprod.unchicfou.com\/boutique-unchicfou-bijoux-lin\/"},{"@type":"ListItem","position":3,"name":"Necklace MOBILE"}]},{"@type":"WebSite","@id":"https:\/\/preprod.unchicfou.com\/en\/#website","url":"https:\/\/preprod.unchicfou.com\/en\/","name":"un chic fou","description":"Bijoux \u00e9l\u00e9gants, raffin\u00e9s et intemporels faits avec le coeur","potentialAction":[{"@type":"SearchAction","target":{"@type":"EntryPoint","urlTemplate":"https:\/\/preprod.unchicfou.com\/en\/?s={search_term_string}"},"query-input":{"@type":"PropertyValueSpecification","valueRequired":true,"valueName":"search_term_string"}}],"inLanguage":"en-US"}]}},"_links":{"self":[{"href":"https:\/\/preprod.unchicfou.com\/en\/wp-json\/wp\/v2\/product\/899","targetHints":{"allow":["GET"]}}],"collection":[{"href":"https:\/\/preprod.unchicfou.com\/en\/wp-json\/wp\/v2\/product"}],"about":[{"href":"https:\/\/preprod.unchicfou.com\/en\/wp-json\/wp\/v2\/types\/product"}],"wp:featuredmedia":[{"embeddable":true,"href":"https:\/\/preprod.unchicfou.com\/en\/wp-json\/wp\/v2\/media\/4409"}],"wp:attachment":[{"href":"https:\/\/preprod.unchicfou.com\/en\/wp-json\/wp\/v2\/media?parent=899"}],"wp:term":[{"taxonomy":"product_brand","embeddable":true,"href":"https:\/\/preprod.unchicfou.com\/en\/wp-json\/wp\/v2\/product_brand?post=899"},{"taxonomy":"product_cat","embeddable":true,"href":"https:\/\/preprod.unchicfou.com\/en\/wp-json\/wp\/v2\/product_cat?post=899"},{"taxonomy":"product_tag","embeddable":true,"href":"https:\/\/preprod.unchicfou.com\/en\/wp-json\/wp\/v2\/product_tag?post=899"}],"curies":[{"name":"wp","href":"https:\/\/api.w.org\/{rel}","templated":true}]}}