{"id":896,"date":"2017-04-13T16:33:54","date_gmt":"2017-04-13T14:33:54","guid":{"rendered":"http:\/\/357nkacsig.preview.infomaniak.website\/?product=eclipse-hammered-bracelet"},"modified":"2022-01-29T16:45:30","modified_gmt":"2022-01-29T15:45:30","slug":"eclipse-hammered-bracelet-gold","status":"publish","type":"product","link":"https:\/\/preprod.unchicfou.com\/en\/produit\/eclipse-hammered-bracelet-gold\/","title":{"rendered":"Bracelet ECLIPSE Hammered"},"content":{"rendered":"<ul>\n<li><b>Gold\u00a0plated\u00a0half bangle bracelet with its chain.<\/b><\/li>\n<li>Material: brass with 18k gold plating at 5 microns.<\/li>\n<li>Inspiration: a half-moon with its chain to take it off easily. Still a small parenthesis in our crazy lives to simply appreciate it. Declination of our best seller DEMIE.<\/li>\n<li>Details: hammered finish. Half rigid, half chain.<\/li>\n<li><b>Swiss Design. Local production in the Greater Geneva area.<\/b><\/li>\n<li>The bracelet comes with its 100% cotton pouch.<\/li>\n<li>To extend the family\u00a0<a href=\"https:\/\/preprod.unchicfou.com\/?s=DEMIE&amp;post_type=product\">DEMIE<\/a>.<\/li>\n<\/ul>\n","protected":false},"excerpt":{"rendered":"<p>Gold plated hammered bracelet, half rigid, half chain.<\/p>\n<p>It can be worn with the arch up and the chain below or sideways on the wrist.<\/p>\n","protected":false},"featured_media":892,"template":"","meta":{"_acf_changed":false},"product_brand":[],"product_cat":[1929,85],"product_tag":[896,809,375,509],"class_list":{"0":"post-896","1":"product","2":"type-product","3":"status-publish","4":"has-post-thumbnail","6":"product_cat-demi-jonc-or-argent-en","7":"product_cat-bracelets-gold-silver-text-cords-ajustable","8":"product_tag-christmas-selection","9":"product_tag-collection-demie-en","10":"product_tag-gold-plated-en","11":"product_tag-hammered-en","13":"first","14":"instock","15":"featured","16":"purchasable","17":"product-type-simple"},"acf":[],"yoast_head":"<!-- This site is optimized with the Yoast SEO plugin v27.3 - https:\/\/yoast.com\/product\/yoast-seo-wordpress\/ -->\n<title>un chic fou - Bracelet ECLIPSE Hammered. Gold-plated bangle and chain.<\/title>\n<meta name=\"description\" content=\"un chic fou - Brass bracelet with 18k gold plating. Hammered finish. Half stiff, half chain. Derived from our top-selling model: DEMIE.\" \/>\n<meta name=\"robots\" content=\"index, follow, max-snippet:-1, max-image-preview:large, max-video-preview:-1\" \/>\n<link rel=\"canonical\" href=\"https:\/\/preprod.unchicfou.com\/en\/produit\/eclipse-hammered-bracelet-gold\/\" \/>\n<meta property=\"og:locale\" content=\"en_US\" \/>\n<meta property=\"og:type\" content=\"article\" \/>\n<meta property=\"og:title\" content=\"un chic fou - Bracelet ECLIPSE Hammered. Gold-plated bangle and chain.\" \/>\n<meta property=\"og:description\" content=\"un chic fou - Brass bracelet with 18k gold plating. Hammered finish. Half stiff, half chain. Derived from our top-selling model: DEMIE.\" \/>\n<meta property=\"og:url\" content=\"https:\/\/preprod.unchicfou.com\/en\/produit\/eclipse-hammered-bracelet-gold\/\" \/>\n<meta property=\"og:site_name\" content=\"un chic fou\" \/>\n<meta property=\"article:modified_time\" content=\"2022-01-29T15:45:30+00:00\" \/>\n<meta property=\"og:image\" content=\"https:\/\/preprod.unchicfou.com\/wp-content\/uploads\/2020\/06\/2789-scaled.jpg\" \/>\n\t<meta property=\"og:image:width\" content=\"2560\" \/>\n\t<meta property=\"og:image:height\" content=\"2560\" \/>\n\t<meta property=\"og:image:type\" content=\"image\/jpeg\" \/>\n<meta name=\"twitter:card\" content=\"summary_large_image\" \/>\n<!-- \/ Yoast SEO plugin. -->","yoast_head_json":{"title":"un chic fou - Bracelet ECLIPSE Hammered. Gold-plated bangle and chain.","description":"un chic fou - Brass bracelet with 18k gold plating. Hammered finish. Half stiff, half chain. Derived from our top-selling model: DEMIE.","robots":{"index":"index","follow":"follow","max-snippet":"max-snippet:-1","max-image-preview":"max-image-preview:large","max-video-preview":"max-video-preview:-1"},"canonical":"https:\/\/preprod.unchicfou.com\/en\/produit\/eclipse-hammered-bracelet-gold\/","og_locale":"en_US","og_type":"article","og_title":"un chic fou - Bracelet ECLIPSE Hammered. Gold-plated bangle and chain.","og_description":"un chic fou - Brass bracelet with 18k gold plating. Hammered finish. Half stiff, half chain. Derived from our top-selling model: DEMIE.","og_url":"https:\/\/preprod.unchicfou.com\/en\/produit\/eclipse-hammered-bracelet-gold\/","og_site_name":"un chic fou","article_modified_time":"2022-01-29T15:45:30+00:00","og_image":[{"width":2560,"height":2560,"url":"https:\/\/preprod.unchicfou.com\/wp-content\/uploads\/2020\/06\/2789-scaled.jpg","type":"image\/jpeg"}],"twitter_card":"summary_large_image","schema":{"@context":"https:\/\/schema.org","@graph":[{"@type":"WebPage","@id":"https:\/\/preprod.unchicfou.com\/en\/produit\/eclipse-hammered-bracelet-gold\/","url":"https:\/\/preprod.unchicfou.com\/en\/produit\/eclipse-hammered-bracelet-gold\/","name":"un chic fou - Bracelet ECLIPSE Hammered. Gold-plated bangle and chain.","isPartOf":{"@id":"https:\/\/preprod.unchicfou.com\/en\/#website"},"primaryImageOfPage":{"@id":"https:\/\/preprod.unchicfou.com\/en\/produit\/eclipse-hammered-bracelet-gold\/#primaryimage"},"image":{"@id":"https:\/\/preprod.unchicfou.com\/en\/produit\/eclipse-hammered-bracelet-gold\/#primaryimage"},"thumbnailUrl":"https:\/\/preprod.unchicfou.com\/wp-content\/uploads\/2020\/06\/2789-scaled.jpg","datePublished":"2017-04-13T14:33:54+00:00","dateModified":"2022-01-29T15:45:30+00:00","description":"un chic fou - Brass bracelet with 18k gold plating. Hammered finish. Half stiff, half chain. Derived from our top-selling model: DEMIE.","breadcrumb":{"@id":"https:\/\/preprod.unchicfou.com\/en\/produit\/eclipse-hammered-bracelet-gold\/#breadcrumb"},"inLanguage":"en-US","potentialAction":[{"@type":"ReadAction","target":["https:\/\/preprod.unchicfou.com\/en\/produit\/eclipse-hammered-bracelet-gold\/"]}]},{"@type":"ImageObject","inLanguage":"en-US","@id":"https:\/\/preprod.unchicfou.com\/en\/produit\/eclipse-hammered-bracelet-gold\/#primaryimage","url":"https:\/\/preprod.unchicfou.com\/wp-content\/uploads\/2020\/06\/2789-scaled.jpg","contentUrl":"https:\/\/preprod.unchicfou.com\/wp-content\/uploads\/2020\/06\/2789-scaled.jpg","width":1200,"height":1200,"caption":"2789 scaled"},{"@type":"BreadcrumbList","@id":"https:\/\/preprod.unchicfou.com\/en\/produit\/eclipse-hammered-bracelet-gold\/#breadcrumb","itemListElement":[{"@type":"ListItem","position":1,"name":"Accueil","item":"https:\/\/preprod.unchicfou.com\/en\/"},{"@type":"ListItem","position":2,"name":"Boutique","item":"https:\/\/preprod.unchicfou.com\/boutique-unchicfou-bijoux-lin\/"},{"@type":"ListItem","position":3,"name":"Bracelet ECLIPSE Hammered"}]},{"@type":"WebSite","@id":"https:\/\/preprod.unchicfou.com\/en\/#website","url":"https:\/\/preprod.unchicfou.com\/en\/","name":"un chic fou","description":"Bijoux \u00e9l\u00e9gants, raffin\u00e9s et intemporels faits avec le coeur","potentialAction":[{"@type":"SearchAction","target":{"@type":"EntryPoint","urlTemplate":"https:\/\/preprod.unchicfou.com\/en\/?s={search_term_string}"},"query-input":{"@type":"PropertyValueSpecification","valueRequired":true,"valueName":"search_term_string"}}],"inLanguage":"en-US"}]}},"_links":{"self":[{"href":"https:\/\/preprod.unchicfou.com\/en\/wp-json\/wp\/v2\/product\/896","targetHints":{"allow":["GET"]}}],"collection":[{"href":"https:\/\/preprod.unchicfou.com\/en\/wp-json\/wp\/v2\/product"}],"about":[{"href":"https:\/\/preprod.unchicfou.com\/en\/wp-json\/wp\/v2\/types\/product"}],"wp:featuredmedia":[{"embeddable":true,"href":"https:\/\/preprod.unchicfou.com\/en\/wp-json\/wp\/v2\/media\/892"}],"wp:attachment":[{"href":"https:\/\/preprod.unchicfou.com\/en\/wp-json\/wp\/v2\/media?parent=896"}],"wp:term":[{"taxonomy":"product_brand","embeddable":true,"href":"https:\/\/preprod.unchicfou.com\/en\/wp-json\/wp\/v2\/product_brand?post=896"},{"taxonomy":"product_cat","embeddable":true,"href":"https:\/\/preprod.unchicfou.com\/en\/wp-json\/wp\/v2\/product_cat?post=896"},{"taxonomy":"product_tag","embeddable":true,"href":"https:\/\/preprod.unchicfou.com\/en\/wp-json\/wp\/v2\/product_tag?post=896"}],"curies":[{"name":"wp","href":"https:\/\/api.w.org\/{rel}","templated":true}]}}