{"id":8909,"date":"2021-03-16T15:08:05","date_gmt":"2021-03-16T14:08:05","guid":{"rendered":"http:\/\/prod.unchicfou.com\/?post_type=product&#038;p=8909"},"modified":"2021-03-26T19:16:17","modified_gmt":"2021-03-26T18:16:17","slug":"swiss-poya-large","status":"publish","type":"product","link":"https:\/\/preprod.unchicfou.com\/en\/produit\/swiss-poya-large\/","title":{"rendered":"SWISS Poya Large"},"content":{"rendered":"<ul>\n<li><b>Solid silver bracelet. Rigid. Large size<\/b><\/li>\n<li>Material : solid 925\/1000 silver, rhodium plating.<\/li>\n<li>Inspiration : symbol of our beautiful Switzerland, like the Poya: the alpine pastures of cattle in the Swiss Alps.<\/li>\n<li>Details: polished finish. Laser engraving.<\/li>\n<li><b>Swiss Design. Local production in the Greater Geneva area.<\/b><\/li>\n<li>The bracelet comes with its 100% cotton pouch.<\/li>\n<li>To extend the family <a href=\"https:\/\/preprod.unchicfou.com\/?s=aswisstory&#038;post_type=product\">ASWISSTORY<\/a><\/li>\n<\/ul>\n","protected":false},"excerpt":{"rendered":"<p>Solid silver\u00a0bracelet, rigid. Large size.<\/p>\n<p>The emblematic Swiss Alps pastures of cow cattle in our beautiful Switzerland.<\/p>\n","protected":false},"featured_media":8919,"template":"","meta":{"_acf_changed":false},"product_brand":[],"product_cat":[85],"product_tag":[1172,472,440],"class_list":{"0":"post-8909","1":"product","2":"type-product","3":"status-publish","4":"has-post-thumbnail","6":"product_cat-bracelets-gold-silver-text-cords-ajustable","7":"product_tag-swiss-en","8":"product_tag-rhodium-plated-en","9":"product_tag-silver-en","11":"first","12":"outofstock","13":"purchasable","14":"product-type-simple"},"acf":[],"yoast_head":"<!-- This site is optimized with the Yoast SEO plugin v27.3 - https:\/\/yoast.com\/product\/yoast-seo-wordpress\/ -->\n<title>un chic fou - SWISS Poya Large. Solid silver rigid bracelet. Poya design<\/title>\n<meta name=\"description\" content=\"un chic fou - Solid 925\/1000 silver bracelet with rhodium plating. Large size. Design of the Alpine pastures of cattles in the Swiss Alps.\" \/>\n<meta name=\"robots\" content=\"index, follow, max-snippet:-1, max-image-preview:large, max-video-preview:-1\" \/>\n<link rel=\"canonical\" href=\"https:\/\/preprod.unchicfou.com\/en\/produit\/swiss-poya-large\/\" \/>\n<meta property=\"og:locale\" content=\"en_US\" \/>\n<meta property=\"og:type\" content=\"article\" \/>\n<meta property=\"og:title\" content=\"un chic fou - SWISS Poya Large. Solid silver rigid bracelet. Poya design\" \/>\n<meta property=\"og:description\" content=\"un chic fou - Solid 925\/1000 silver bracelet with rhodium plating. Large size. Design of the Alpine pastures of cattles in the Swiss Alps.\" \/>\n<meta property=\"og:url\" content=\"https:\/\/preprod.unchicfou.com\/en\/produit\/swiss-poya-large\/\" \/>\n<meta property=\"og:site_name\" content=\"un chic fou\" \/>\n<meta property=\"article:modified_time\" content=\"2021-03-26T18:16:17+00:00\" \/>\n<meta property=\"og:image\" content=\"https:\/\/preprod.unchicfou.com\/wp-content\/uploads\/2021\/03\/UNCHICFOU_959-scaled.jpg\" \/>\n\t<meta property=\"og:image:width\" content=\"2560\" \/>\n\t<meta property=\"og:image:height\" content=\"2560\" \/>\n\t<meta property=\"og:image:type\" content=\"image\/jpeg\" \/>\n<meta name=\"twitter:card\" content=\"summary_large_image\" \/>\n<meta name=\"twitter:label1\" content=\"Est. reading time\" \/>\n\t<meta name=\"twitter:data1\" content=\"1 minute\" \/>\n<!-- \/ Yoast SEO plugin. -->","yoast_head_json":{"title":"un chic fou - SWISS Poya Large. Solid silver rigid bracelet. Poya design","description":"un chic fou - Solid 925\/1000 silver bracelet with rhodium plating. Large size. Design of the Alpine pastures of cattles in the Swiss Alps.","robots":{"index":"index","follow":"follow","max-snippet":"max-snippet:-1","max-image-preview":"max-image-preview:large","max-video-preview":"max-video-preview:-1"},"canonical":"https:\/\/preprod.unchicfou.com\/en\/produit\/swiss-poya-large\/","og_locale":"en_US","og_type":"article","og_title":"un chic fou - SWISS Poya Large. Solid silver rigid bracelet. Poya design","og_description":"un chic fou - Solid 925\/1000 silver bracelet with rhodium plating. Large size. Design of the Alpine pastures of cattles in the Swiss Alps.","og_url":"https:\/\/preprod.unchicfou.com\/en\/produit\/swiss-poya-large\/","og_site_name":"un chic fou","article_modified_time":"2021-03-26T18:16:17+00:00","og_image":[{"width":2560,"height":2560,"url":"https:\/\/preprod.unchicfou.com\/wp-content\/uploads\/2021\/03\/UNCHICFOU_959-scaled.jpg","type":"image\/jpeg"}],"twitter_card":"summary_large_image","twitter_misc":{"Est. reading time":"1 minute"},"schema":{"@context":"https:\/\/schema.org","@graph":[{"@type":"WebPage","@id":"https:\/\/preprod.unchicfou.com\/en\/produit\/swiss-poya-large\/","url":"https:\/\/preprod.unchicfou.com\/en\/produit\/swiss-poya-large\/","name":"un chic fou - SWISS Poya Large. Solid silver rigid bracelet. Poya design","isPartOf":{"@id":"https:\/\/preprod.unchicfou.com\/en\/#website"},"primaryImageOfPage":{"@id":"https:\/\/preprod.unchicfou.com\/en\/produit\/swiss-poya-large\/#primaryimage"},"image":{"@id":"https:\/\/preprod.unchicfou.com\/en\/produit\/swiss-poya-large\/#primaryimage"},"thumbnailUrl":"https:\/\/preprod.unchicfou.com\/wp-content\/uploads\/2021\/03\/UNCHICFOU_959-scaled.jpg","datePublished":"2021-03-16T14:08:05+00:00","dateModified":"2021-03-26T18:16:17+00:00","description":"un chic fou - Solid 925\/1000 silver bracelet with rhodium plating. Large size. Design of the Alpine pastures of cattles in the Swiss Alps.","breadcrumb":{"@id":"https:\/\/preprod.unchicfou.com\/en\/produit\/swiss-poya-large\/#breadcrumb"},"inLanguage":"en-US","potentialAction":[{"@type":"ReadAction","target":["https:\/\/preprod.unchicfou.com\/en\/produit\/swiss-poya-large\/"]}]},{"@type":"ImageObject","inLanguage":"en-US","@id":"https:\/\/preprod.unchicfou.com\/en\/produit\/swiss-poya-large\/#primaryimage","url":"https:\/\/preprod.unchicfou.com\/wp-content\/uploads\/2021\/03\/UNCHICFOU_959-scaled.jpg","contentUrl":"https:\/\/preprod.unchicfou.com\/wp-content\/uploads\/2021\/03\/UNCHICFOU_959-scaled.jpg","width":2560,"height":2560,"caption":"UNCHICFOU 959 scaled"},{"@type":"BreadcrumbList","@id":"https:\/\/preprod.unchicfou.com\/en\/produit\/swiss-poya-large\/#breadcrumb","itemListElement":[{"@type":"ListItem","position":1,"name":"Accueil","item":"https:\/\/preprod.unchicfou.com\/en\/"},{"@type":"ListItem","position":2,"name":"Boutique","item":"https:\/\/preprod.unchicfou.com\/boutique-unchicfou-bijoux-lin\/"},{"@type":"ListItem","position":3,"name":"SWISS Poya Large"}]},{"@type":"WebSite","@id":"https:\/\/preprod.unchicfou.com\/en\/#website","url":"https:\/\/preprod.unchicfou.com\/en\/","name":"un chic fou","description":"Bijoux \u00e9l\u00e9gants, raffin\u00e9s et intemporels faits avec le coeur","potentialAction":[{"@type":"SearchAction","target":{"@type":"EntryPoint","urlTemplate":"https:\/\/preprod.unchicfou.com\/en\/?s={search_term_string}"},"query-input":{"@type":"PropertyValueSpecification","valueRequired":true,"valueName":"search_term_string"}}],"inLanguage":"en-US"}]}},"_links":{"self":[{"href":"https:\/\/preprod.unchicfou.com\/en\/wp-json\/wp\/v2\/product\/8909","targetHints":{"allow":["GET"]}}],"collection":[{"href":"https:\/\/preprod.unchicfou.com\/en\/wp-json\/wp\/v2\/product"}],"about":[{"href":"https:\/\/preprod.unchicfou.com\/en\/wp-json\/wp\/v2\/types\/product"}],"wp:featuredmedia":[{"embeddable":true,"href":"https:\/\/preprod.unchicfou.com\/en\/wp-json\/wp\/v2\/media\/8919"}],"wp:attachment":[{"href":"https:\/\/preprod.unchicfou.com\/en\/wp-json\/wp\/v2\/media?parent=8909"}],"wp:term":[{"taxonomy":"product_brand","embeddable":true,"href":"https:\/\/preprod.unchicfou.com\/en\/wp-json\/wp\/v2\/product_brand?post=8909"},{"taxonomy":"product_cat","embeddable":true,"href":"https:\/\/preprod.unchicfou.com\/en\/wp-json\/wp\/v2\/product_cat?post=8909"},{"taxonomy":"product_tag","embeddable":true,"href":"https:\/\/preprod.unchicfou.com\/en\/wp-json\/wp\/v2\/product_tag?post=8909"}],"curies":[{"name":"wp","href":"https:\/\/api.w.org\/{rel}","templated":true}]}}