{"id":881,"date":"2017-04-13T15:18:01","date_gmt":"2017-04-13T13:18:01","guid":{"rendered":"http:\/\/357nkacsig.preview.infomaniak.website\/?product=laravissante-bracelet"},"modified":"2022-04-08T08:59:29","modified_gmt":"2022-04-08T06:59:29","slug":"laravissante-bracelet-text-gold","status":"publish","type":"product","link":"https:\/\/preprod.unchicfou.com\/en\/produit\/laravissante-bracelet-text-gold\/","title":{"rendered":"Bracelet LA RAVISSANTE"},"content":{"rendered":"<ul>\n<li><b>Bracelet, rigid, ajustable. Text &#8220;La Ravissante&#8221;, meaning &#8220;The Ravishing&#8221;<\/b><\/li>\n<li>Material : brass with 18k-gold plating at 5 microns.<\/li>\n<li>Inspiration : Words. Those that reveal emotions, that are original and meaningful, that incarnate the <em>un chic fou<\/em> woman.<\/li>\n<li>Details : Set on the edge of the bracelet for a unique wear. Laser engraving. Polished finish.<\/li>\n<li><b>Swiss design. Local production in the Greater Geneva area.<\/b><\/li>\n<li>The bracelet comes in its 100% cotton pouch.<\/li>\n<\/ul>\n","protected":false},"excerpt":{"rendered":"<p>The alliance of simplicity and originality of its form. Placed on the edge it gives a different and new volume on the wrist.<\/p>\n<p>The text will certainly make you smile! Gold plated bracelet. Rigid and adjustable to\u00a0the wrist.<\/p>\n","protected":false},"featured_media":16688,"template":"","meta":{"_acf_changed":false},"product_brand":[],"product_cat":[1964,85],"product_tag":[1942,566,375,536,2174],"class_list":{"0":"post-881","1":"product","2":"type-product","3":"status-publish","4":"has-post-thumbnail","6":"product_cat-bracelet-un-chic-fou-women","7":"product_cat-bracelets-gold-silver-text-cords-ajustable","8":"product_tag-selection-st-valentin-en","9":"product_tag-adjustable-en","10":"product_tag-gold-plated-en","11":"product_tag-text-jewelry-en","12":"product_tag-un-chic-fou-woman","14":"first","15":"instock","16":"purchasable","17":"product-type-simple"},"acf":[],"yoast_head":"<!-- This site is optimized with the Yoast SEO plugin v27.3 - https:\/\/yoast.com\/product\/yoast-seo-wordpress\/ -->\n<title>un chic fou - Bracelet LA RAVISSANTE. Golden bracelet.<\/title>\n<meta name=\"description\" content=\"un chic fou - Stiff bracelet, 18k gold-plated brass, adjustable to all wrists, written LA RAVISSANTE = The Ravishing.\" \/>\n<meta name=\"robots\" content=\"index, follow, max-snippet:-1, max-image-preview:large, max-video-preview:-1\" \/>\n<link rel=\"canonical\" href=\"https:\/\/preprod.unchicfou.com\/en\/produit\/laravissante-bracelet-text-gold\/\" \/>\n<meta property=\"og:locale\" content=\"en_US\" \/>\n<meta property=\"og:type\" content=\"article\" \/>\n<meta property=\"og:title\" content=\"un chic fou - Bracelet LA RAVISSANTE. Golden bracelet.\" \/>\n<meta property=\"og:description\" content=\"un chic fou - Stiff bracelet, 18k gold-plated brass, adjustable to all wrists, written LA RAVISSANTE = The Ravishing.\" \/>\n<meta property=\"og:url\" content=\"https:\/\/preprod.unchicfou.com\/en\/produit\/laravissante-bracelet-text-gold\/\" \/>\n<meta property=\"og:site_name\" content=\"un chic fou\" \/>\n<meta property=\"article:modified_time\" content=\"2022-04-08T06:59:29+00:00\" \/>\n<meta property=\"og:image\" content=\"https:\/\/preprod.unchicfou.com\/wp-content\/uploads\/2022\/02\/LARAVISSANTE.jpg\" \/>\n\t<meta property=\"og:image:width\" content=\"2362\" \/>\n\t<meta property=\"og:image:height\" content=\"2362\" \/>\n\t<meta property=\"og:image:type\" content=\"image\/jpeg\" \/>\n<meta name=\"twitter:card\" content=\"summary_large_image\" \/>\n<meta name=\"twitter:label1\" content=\"Est. reading time\" \/>\n\t<meta name=\"twitter:data1\" content=\"2 minutes\" \/>\n<!-- \/ Yoast SEO plugin. -->","yoast_head_json":{"title":"un chic fou - Bracelet LA RAVISSANTE. Golden bracelet.","description":"un chic fou - Stiff bracelet, 18k gold-plated brass, adjustable to all wrists, written LA RAVISSANTE = The Ravishing.","robots":{"index":"index","follow":"follow","max-snippet":"max-snippet:-1","max-image-preview":"max-image-preview:large","max-video-preview":"max-video-preview:-1"},"canonical":"https:\/\/preprod.unchicfou.com\/en\/produit\/laravissante-bracelet-text-gold\/","og_locale":"en_US","og_type":"article","og_title":"un chic fou - Bracelet LA RAVISSANTE. Golden bracelet.","og_description":"un chic fou - Stiff bracelet, 18k gold-plated brass, adjustable to all wrists, written LA RAVISSANTE = The Ravishing.","og_url":"https:\/\/preprod.unchicfou.com\/en\/produit\/laravissante-bracelet-text-gold\/","og_site_name":"un chic fou","article_modified_time":"2022-04-08T06:59:29+00:00","og_image":[{"width":2362,"height":2362,"url":"https:\/\/preprod.unchicfou.com\/wp-content\/uploads\/2022\/02\/LARAVISSANTE.jpg","type":"image\/jpeg"}],"twitter_card":"summary_large_image","twitter_misc":{"Est. reading time":"2 minutes"},"schema":{"@context":"https:\/\/schema.org","@graph":[{"@type":"WebPage","@id":"https:\/\/preprod.unchicfou.com\/en\/produit\/laravissante-bracelet-text-gold\/","url":"https:\/\/preprod.unchicfou.com\/en\/produit\/laravissante-bracelet-text-gold\/","name":"un chic fou - Bracelet LA RAVISSANTE. Golden bracelet.","isPartOf":{"@id":"https:\/\/preprod.unchicfou.com\/en\/#website"},"primaryImageOfPage":{"@id":"https:\/\/preprod.unchicfou.com\/en\/produit\/laravissante-bracelet-text-gold\/#primaryimage"},"image":{"@id":"https:\/\/preprod.unchicfou.com\/en\/produit\/laravissante-bracelet-text-gold\/#primaryimage"},"thumbnailUrl":"https:\/\/preprod.unchicfou.com\/wp-content\/uploads\/2022\/02\/LARAVISSANTE.jpg","datePublished":"2017-04-13T13:18:01+00:00","dateModified":"2022-04-08T06:59:29+00:00","description":"un chic fou - Stiff bracelet, 18k gold-plated brass, adjustable to all wrists, written LA RAVISSANTE = The Ravishing.","breadcrumb":{"@id":"https:\/\/preprod.unchicfou.com\/en\/produit\/laravissante-bracelet-text-gold\/#breadcrumb"},"inLanguage":"en-US","potentialAction":[{"@type":"ReadAction","target":["https:\/\/preprod.unchicfou.com\/en\/produit\/laravissante-bracelet-text-gold\/"]}]},{"@type":"ImageObject","inLanguage":"en-US","@id":"https:\/\/preprod.unchicfou.com\/en\/produit\/laravissante-bracelet-text-gold\/#primaryimage","url":"https:\/\/preprod.unchicfou.com\/wp-content\/uploads\/2022\/02\/LARAVISSANTE.jpg","contentUrl":"https:\/\/preprod.unchicfou.com\/wp-content\/uploads\/2022\/02\/LARAVISSANTE.jpg","width":2362,"height":2362},{"@type":"BreadcrumbList","@id":"https:\/\/preprod.unchicfou.com\/en\/produit\/laravissante-bracelet-text-gold\/#breadcrumb","itemListElement":[{"@type":"ListItem","position":1,"name":"Accueil","item":"https:\/\/preprod.unchicfou.com\/en\/"},{"@type":"ListItem","position":2,"name":"Boutique","item":"https:\/\/preprod.unchicfou.com\/boutique-unchicfou-bijoux-lin\/"},{"@type":"ListItem","position":3,"name":"Bracelet LA RAVISSANTE"}]},{"@type":"WebSite","@id":"https:\/\/preprod.unchicfou.com\/en\/#website","url":"https:\/\/preprod.unchicfou.com\/en\/","name":"un chic fou","description":"Bijoux \u00e9l\u00e9gants, raffin\u00e9s et intemporels faits avec le coeur","potentialAction":[{"@type":"SearchAction","target":{"@type":"EntryPoint","urlTemplate":"https:\/\/preprod.unchicfou.com\/en\/?s={search_term_string}"},"query-input":{"@type":"PropertyValueSpecification","valueRequired":true,"valueName":"search_term_string"}}],"inLanguage":"en-US"}]}},"_links":{"self":[{"href":"https:\/\/preprod.unchicfou.com\/en\/wp-json\/wp\/v2\/product\/881","targetHints":{"allow":["GET"]}}],"collection":[{"href":"https:\/\/preprod.unchicfou.com\/en\/wp-json\/wp\/v2\/product"}],"about":[{"href":"https:\/\/preprod.unchicfou.com\/en\/wp-json\/wp\/v2\/types\/product"}],"wp:featuredmedia":[{"embeddable":true,"href":"https:\/\/preprod.unchicfou.com\/en\/wp-json\/wp\/v2\/media\/16688"}],"wp:attachment":[{"href":"https:\/\/preprod.unchicfou.com\/en\/wp-json\/wp\/v2\/media?parent=881"}],"wp:term":[{"taxonomy":"product_brand","embeddable":true,"href":"https:\/\/preprod.unchicfou.com\/en\/wp-json\/wp\/v2\/product_brand?post=881"},{"taxonomy":"product_cat","embeddable":true,"href":"https:\/\/preprod.unchicfou.com\/en\/wp-json\/wp\/v2\/product_cat?post=881"},{"taxonomy":"product_tag","embeddable":true,"href":"https:\/\/preprod.unchicfou.com\/en\/wp-json\/wp\/v2\/product_tag?post=881"}],"curies":[{"name":"wp","href":"https:\/\/api.w.org\/{rel}","templated":true}]}}