{"id":877,"date":"2017-04-12T16:45:50","date_gmt":"2017-04-12T14:45:50","guid":{"rendered":"http:\/\/357nkacsig.preview.infomaniak.website\/?product=cristiana-bracelet"},"modified":"2022-01-12T17:47:41","modified_gmt":"2022-01-12T16:47:41","slug":"cristiana-bracelet","status":"publish","type":"product","link":"https:\/\/preprod.unchicfou.com\/en\/produit\/cristiana-bracelet\/","title":{"rendered":"Bracelet CRISTIANA"},"content":{"rendered":"<p class=\"Pardfaut\">Brass bracelet with 18K Gold plating at 5 \u00a0microns. Rigid with three adjustable notches.<\/p>\n<p>Taking a closer look at\u00a0the bracelet\u00a0reveals\u00a0a zoomed-in kaleidoscope, her favorite object&#8230; To never forget that we can always see things from a different point of view. A friendship testimony to Cristiana !<\/p>\n","protected":false},"excerpt":{"rendered":"<p>Gold plated bracelet with 3 adjustable closing notches.<\/p>\n","protected":false},"featured_media":4141,"template":"","meta":{"_acf_changed":false},"product_brand":[],"product_cat":[85],"product_tag":[566,375],"class_list":{"0":"post-877","1":"product","2":"type-product","3":"status-publish","4":"has-post-thumbnail","6":"product_cat-bracelets-gold-silver-text-cords-ajustable","7":"product_tag-adjustable-en","8":"product_tag-gold-plated-en","10":"first","11":"outofstock","12":"purchasable","13":"product-type-simple"},"acf":[],"yoast_head":"<!-- This site is optimized with the Yoast SEO plugin v27.3 - https:\/\/yoast.com\/product\/yoast-seo-wordpress\/ -->\n<title>Bracelet gold-plated, adjustable, kaleidoscope&#039;s print<\/title>\n<meta name=\"description\" content=\"Bracelet gold-plated, three-notch lock, reproduce kaleidoscope&#039;s print. Friendship testimony.\" \/>\n<meta name=\"robots\" content=\"index, follow, max-snippet:-1, max-image-preview:large, max-video-preview:-1\" \/>\n<link rel=\"canonical\" href=\"https:\/\/preprod.unchicfou.com\/en\/produit\/cristiana-bracelet\/\" \/>\n<meta property=\"og:locale\" content=\"en_US\" \/>\n<meta property=\"og:type\" content=\"article\" \/>\n<meta property=\"og:title\" content=\"Bracelet gold-plated, adjustable, kaleidoscope&#039;s print\" \/>\n<meta property=\"og:description\" content=\"Bracelet gold-plated, three-notch lock, reproduce kaleidoscope&#039;s print. Friendship testimony.\" \/>\n<meta property=\"og:url\" content=\"https:\/\/preprod.unchicfou.com\/en\/produit\/cristiana-bracelet\/\" \/>\n<meta property=\"og:site_name\" content=\"un chic fou\" \/>\n<meta property=\"article:modified_time\" content=\"2022-01-12T16:47:41+00:00\" \/>\n<meta property=\"og:image\" content=\"https:\/\/preprod.unchicfou.com\/wp-content\/uploads\/2020\/06\/CRISTIANA-OR_1-scaled.jpg\" \/>\n\t<meta property=\"og:image:width\" content=\"2560\" \/>\n\t<meta property=\"og:image:height\" content=\"2560\" \/>\n\t<meta property=\"og:image:type\" content=\"image\/jpeg\" \/>\n<meta name=\"twitter:card\" content=\"summary_large_image\" \/>\n<meta name=\"twitter:label1\" content=\"Est. reading time\" \/>\n\t<meta name=\"twitter:data1\" content=\"1 minute\" \/>\n<!-- \/ Yoast SEO plugin. -->","yoast_head_json":{"title":"Bracelet gold-plated, adjustable, kaleidoscope's print","description":"Bracelet gold-plated, three-notch lock, reproduce kaleidoscope's print. Friendship testimony.","robots":{"index":"index","follow":"follow","max-snippet":"max-snippet:-1","max-image-preview":"max-image-preview:large","max-video-preview":"max-video-preview:-1"},"canonical":"https:\/\/preprod.unchicfou.com\/en\/produit\/cristiana-bracelet\/","og_locale":"en_US","og_type":"article","og_title":"Bracelet gold-plated, adjustable, kaleidoscope's print","og_description":"Bracelet gold-plated, three-notch lock, reproduce kaleidoscope's print. Friendship testimony.","og_url":"https:\/\/preprod.unchicfou.com\/en\/produit\/cristiana-bracelet\/","og_site_name":"un chic fou","article_modified_time":"2022-01-12T16:47:41+00:00","og_image":[{"width":2560,"height":2560,"url":"https:\/\/preprod.unchicfou.com\/wp-content\/uploads\/2020\/06\/CRISTIANA-OR_1-scaled.jpg","type":"image\/jpeg"}],"twitter_card":"summary_large_image","twitter_misc":{"Est. reading time":"1 minute"},"schema":{"@context":"https:\/\/schema.org","@graph":[{"@type":"WebPage","@id":"https:\/\/preprod.unchicfou.com\/en\/produit\/cristiana-bracelet\/","url":"https:\/\/preprod.unchicfou.com\/en\/produit\/cristiana-bracelet\/","name":"Bracelet gold-plated, adjustable, kaleidoscope's print","isPartOf":{"@id":"https:\/\/preprod.unchicfou.com\/en\/#website"},"primaryImageOfPage":{"@id":"https:\/\/preprod.unchicfou.com\/en\/produit\/cristiana-bracelet\/#primaryimage"},"image":{"@id":"https:\/\/preprod.unchicfou.com\/en\/produit\/cristiana-bracelet\/#primaryimage"},"thumbnailUrl":"https:\/\/preprod.unchicfou.com\/wp-content\/uploads\/2020\/06\/CRISTIANA-OR_1-scaled.jpg","datePublished":"2017-04-12T14:45:50+00:00","dateModified":"2022-01-12T16:47:41+00:00","description":"Bracelet gold-plated, three-notch lock, reproduce kaleidoscope's print. Friendship testimony.","breadcrumb":{"@id":"https:\/\/preprod.unchicfou.com\/en\/produit\/cristiana-bracelet\/#breadcrumb"},"inLanguage":"en-US","potentialAction":[{"@type":"ReadAction","target":["https:\/\/preprod.unchicfou.com\/en\/produit\/cristiana-bracelet\/"]}]},{"@type":"ImageObject","inLanguage":"en-US","@id":"https:\/\/preprod.unchicfou.com\/en\/produit\/cristiana-bracelet\/#primaryimage","url":"https:\/\/preprod.unchicfou.com\/wp-content\/uploads\/2020\/06\/CRISTIANA-OR_1-scaled.jpg","contentUrl":"https:\/\/preprod.unchicfou.com\/wp-content\/uploads\/2020\/06\/CRISTIANA-OR_1-scaled.jpg","width":2560,"height":2560,"caption":"CRISTIANA OR 1 scaled"},{"@type":"BreadcrumbList","@id":"https:\/\/preprod.unchicfou.com\/en\/produit\/cristiana-bracelet\/#breadcrumb","itemListElement":[{"@type":"ListItem","position":1,"name":"Accueil","item":"https:\/\/preprod.unchicfou.com\/en\/"},{"@type":"ListItem","position":2,"name":"Boutique","item":"https:\/\/preprod.unchicfou.com\/boutique-unchicfou-bijoux-lin\/"},{"@type":"ListItem","position":3,"name":"Bracelet CRISTIANA"}]},{"@type":"WebSite","@id":"https:\/\/preprod.unchicfou.com\/en\/#website","url":"https:\/\/preprod.unchicfou.com\/en\/","name":"un chic fou","description":"Bijoux \u00e9l\u00e9gants, raffin\u00e9s et intemporels faits avec le coeur","potentialAction":[{"@type":"SearchAction","target":{"@type":"EntryPoint","urlTemplate":"https:\/\/preprod.unchicfou.com\/en\/?s={search_term_string}"},"query-input":{"@type":"PropertyValueSpecification","valueRequired":true,"valueName":"search_term_string"}}],"inLanguage":"en-US"}]}},"_links":{"self":[{"href":"https:\/\/preprod.unchicfou.com\/en\/wp-json\/wp\/v2\/product\/877","targetHints":{"allow":["GET"]}}],"collection":[{"href":"https:\/\/preprod.unchicfou.com\/en\/wp-json\/wp\/v2\/product"}],"about":[{"href":"https:\/\/preprod.unchicfou.com\/en\/wp-json\/wp\/v2\/types\/product"}],"wp:featuredmedia":[{"embeddable":true,"href":"https:\/\/preprod.unchicfou.com\/en\/wp-json\/wp\/v2\/media\/4141"}],"wp:attachment":[{"href":"https:\/\/preprod.unchicfou.com\/en\/wp-json\/wp\/v2\/media?parent=877"}],"wp:term":[{"taxonomy":"product_brand","embeddable":true,"href":"https:\/\/preprod.unchicfou.com\/en\/wp-json\/wp\/v2\/product_brand?post=877"},{"taxonomy":"product_cat","embeddable":true,"href":"https:\/\/preprod.unchicfou.com\/en\/wp-json\/wp\/v2\/product_cat?post=877"},{"taxonomy":"product_tag","embeddable":true,"href":"https:\/\/preprod.unchicfou.com\/en\/wp-json\/wp\/v2\/product_tag?post=877"}],"curies":[{"name":"wp","href":"https:\/\/api.w.org\/{rel}","templated":true}]}}