{"id":7106,"date":"2020-10-25T18:49:51","date_gmt":"2020-10-25T17:49:51","guid":{"rendered":"http:\/\/357nkacsig.preview.infomaniak.website\/?post_type=product&#038;p=7106"},"modified":"2022-03-21T00:00:06","modified_gmt":"2022-03-20T23:00:06","slug":"louise-gold-flower-earring","status":"publish","type":"product","link":"https:\/\/preprod.unchicfou.com\/en\/produit\/louise-gold-flower-earring\/","title":{"rendered":"Earring LOUISE"},"content":{"rendered":"<ul>\n<li><strong>Earring sold by the unit. Order two units if you want a pair.<\/strong><\/li>\n<li>Material : brass with 18k gold plating at 5 microns.<\/li>\n<li>Inspiration : the dahlia flower in double loop version. Its exuberant beauty is a symbol of joy and eternal love.<\/li>\n<li>Details :\u00a0internal creole diameter 15mm, large flower 18mm, small 8mm. Push-piece closing. Tip: take the 2 flowers off the loop and you have a pared-down open creole!<\/li>\n<li><strong>Swiss Design. Local production in the Great Geneva area.<\/strong><\/li>\n<li>The earring comes in its 100% cotton pouch.<\/li>\n<li>To extend the family <a href=\"https:\/\/preprod.unchicfou.com\/?s=dhalia&#038;post_type=product\">DAHLIA<\/a>.<\/li>\n<\/ul>\n","protected":false},"excerpt":{"rendered":"<p>The complex and symbolic beauty of the dahlia in a large double loop version. This golden earring can be worn in 3 different ways. 3 in 1 !<\/p>\n","protected":false},"featured_media":6941,"template":"","meta":{"_acf_changed":false},"product_brand":[],"product_cat":[95],"product_tag":[1016,375],"class_list":{"0":"post-7106","1":"product","2":"type-product","3":"status-publish","4":"has-post-thumbnail","6":"product_cat-earring-by-unit-mixmatch","7":"product_tag-dahlia-en","8":"product_tag-gold-plated-en","10":"first","11":"instock","12":"featured","13":"purchasable","14":"product-type-simple"},"acf":[],"yoast_head":"<!-- This site is optimized with the Yoast SEO plugin v27.3 - https:\/\/yoast.com\/product\/yoast-seo-wordpress\/ -->\n<title>un chic fou - Earring LOUISE Gold-plated. Double Dahlia loop. 3 in 1 !<\/title>\n<meta name=\"description\" content=\"un chic fou - Brass earring with 18k gold plating. The dahlia&#039;s beauty in double loop version. By the unit or the pair.\" \/>\n<meta name=\"robots\" content=\"index, follow, max-snippet:-1, max-image-preview:large, max-video-preview:-1\" \/>\n<link rel=\"canonical\" href=\"https:\/\/preprod.unchicfou.com\/en\/produit\/louise-gold-flower-earring\/\" \/>\n<meta property=\"og:locale\" content=\"en_US\" \/>\n<meta property=\"og:type\" content=\"article\" \/>\n<meta property=\"og:title\" content=\"un chic fou - Earring LOUISE Gold-plated. Double Dahlia loop. 3 in 1 !\" \/>\n<meta property=\"og:description\" content=\"un chic fou - Brass earring with 18k gold plating. The dahlia&#039;s beauty in double loop version. By the unit or the pair.\" \/>\n<meta property=\"og:url\" content=\"https:\/\/preprod.unchicfou.com\/en\/produit\/louise-gold-flower-earring\/\" \/>\n<meta property=\"og:site_name\" content=\"un chic fou\" \/>\n<meta property=\"article:modified_time\" content=\"2022-03-20T23:00:06+00:00\" \/>\n<meta property=\"og:image\" content=\"https:\/\/preprod.unchicfou.com\/wp-content\/uploads\/2020\/10\/LOUISE-ORZOOM.jpg\" \/>\n\t<meta property=\"og:image:width\" content=\"2500\" \/>\n\t<meta property=\"og:image:height\" content=\"2500\" \/>\n\t<meta property=\"og:image:type\" content=\"image\/jpeg\" \/>\n<meta name=\"twitter:card\" content=\"summary_large_image\" \/>\n<!-- \/ Yoast SEO plugin. -->","yoast_head_json":{"title":"un chic fou - Earring LOUISE Gold-plated. Double Dahlia loop. 3 in 1 !","description":"un chic fou - Brass earring with 18k gold plating. The dahlia's beauty in double loop version. By the unit or the pair.","robots":{"index":"index","follow":"follow","max-snippet":"max-snippet:-1","max-image-preview":"max-image-preview:large","max-video-preview":"max-video-preview:-1"},"canonical":"https:\/\/preprod.unchicfou.com\/en\/produit\/louise-gold-flower-earring\/","og_locale":"en_US","og_type":"article","og_title":"un chic fou - Earring LOUISE Gold-plated. Double Dahlia loop. 3 in 1 !","og_description":"un chic fou - Brass earring with 18k gold plating. The dahlia's beauty in double loop version. By the unit or the pair.","og_url":"https:\/\/preprod.unchicfou.com\/en\/produit\/louise-gold-flower-earring\/","og_site_name":"un chic fou","article_modified_time":"2022-03-20T23:00:06+00:00","og_image":[{"width":2500,"height":2500,"url":"https:\/\/preprod.unchicfou.com\/wp-content\/uploads\/2020\/10\/LOUISE-ORZOOM.jpg","type":"image\/jpeg"}],"twitter_card":"summary_large_image","schema":{"@context":"https:\/\/schema.org","@graph":[{"@type":"WebPage","@id":"https:\/\/preprod.unchicfou.com\/en\/produit\/louise-gold-flower-earring\/","url":"https:\/\/preprod.unchicfou.com\/en\/produit\/louise-gold-flower-earring\/","name":"un chic fou - Earring LOUISE Gold-plated. Double Dahlia loop. 3 in 1 !","isPartOf":{"@id":"https:\/\/preprod.unchicfou.com\/en\/#website"},"primaryImageOfPage":{"@id":"https:\/\/preprod.unchicfou.com\/en\/produit\/louise-gold-flower-earring\/#primaryimage"},"image":{"@id":"https:\/\/preprod.unchicfou.com\/en\/produit\/louise-gold-flower-earring\/#primaryimage"},"thumbnailUrl":"https:\/\/preprod.unchicfou.com\/wp-content\/uploads\/2020\/10\/LOUISE-ORZOOM.jpg","datePublished":"2020-10-25T17:49:51+00:00","dateModified":"2022-03-20T23:00:06+00:00","description":"un chic fou - Brass earring with 18k gold plating. The dahlia's beauty in double loop version. By the unit or the pair.","breadcrumb":{"@id":"https:\/\/preprod.unchicfou.com\/en\/produit\/louise-gold-flower-earring\/#breadcrumb"},"inLanguage":"en-US","potentialAction":[{"@type":"ReadAction","target":["https:\/\/preprod.unchicfou.com\/en\/produit\/louise-gold-flower-earring\/"]}]},{"@type":"ImageObject","inLanguage":"en-US","@id":"https:\/\/preprod.unchicfou.com\/en\/produit\/louise-gold-flower-earring\/#primaryimage","url":"https:\/\/preprod.unchicfou.com\/wp-content\/uploads\/2020\/10\/LOUISE-ORZOOM.jpg","contentUrl":"https:\/\/preprod.unchicfou.com\/wp-content\/uploads\/2020\/10\/LOUISE-ORZOOM.jpg","width":2500,"height":2500,"caption":"LOUISE ORZOOM"},{"@type":"BreadcrumbList","@id":"https:\/\/preprod.unchicfou.com\/en\/produit\/louise-gold-flower-earring\/#breadcrumb","itemListElement":[{"@type":"ListItem","position":1,"name":"Accueil","item":"https:\/\/preprod.unchicfou.com\/en\/"},{"@type":"ListItem","position":2,"name":"Boutique","item":"https:\/\/preprod.unchicfou.com\/boutique-unchicfou-bijoux-lin\/"},{"@type":"ListItem","position":3,"name":"Earring LOUISE"}]},{"@type":"WebSite","@id":"https:\/\/preprod.unchicfou.com\/en\/#website","url":"https:\/\/preprod.unchicfou.com\/en\/","name":"un chic fou","description":"Bijoux \u00e9l\u00e9gants, raffin\u00e9s et intemporels faits avec le coeur","potentialAction":[{"@type":"SearchAction","target":{"@type":"EntryPoint","urlTemplate":"https:\/\/preprod.unchicfou.com\/en\/?s={search_term_string}"},"query-input":{"@type":"PropertyValueSpecification","valueRequired":true,"valueName":"search_term_string"}}],"inLanguage":"en-US"}]}},"_links":{"self":[{"href":"https:\/\/preprod.unchicfou.com\/en\/wp-json\/wp\/v2\/product\/7106","targetHints":{"allow":["GET"]}}],"collection":[{"href":"https:\/\/preprod.unchicfou.com\/en\/wp-json\/wp\/v2\/product"}],"about":[{"href":"https:\/\/preprod.unchicfou.com\/en\/wp-json\/wp\/v2\/types\/product"}],"wp:featuredmedia":[{"embeddable":true,"href":"https:\/\/preprod.unchicfou.com\/en\/wp-json\/wp\/v2\/media\/6941"}],"wp:attachment":[{"href":"https:\/\/preprod.unchicfou.com\/en\/wp-json\/wp\/v2\/media?parent=7106"}],"wp:term":[{"taxonomy":"product_brand","embeddable":true,"href":"https:\/\/preprod.unchicfou.com\/en\/wp-json\/wp\/v2\/product_brand?post=7106"},{"taxonomy":"product_cat","embeddable":true,"href":"https:\/\/preprod.unchicfou.com\/en\/wp-json\/wp\/v2\/product_cat?post=7106"},{"taxonomy":"product_tag","embeddable":true,"href":"https:\/\/preprod.unchicfou.com\/en\/wp-json\/wp\/v2\/product_tag?post=7106"}],"curies":[{"name":"wp","href":"https:\/\/api.w.org\/{rel}","templated":true}]}}