{"id":7097,"date":"2020-10-29T16:50:10","date_gmt":"2020-10-29T15:50:10","guid":{"rendered":"http:\/\/357nkacsig.preview.infomaniak.website\/?post_type=product&#038;p=7097"},"modified":"2022-03-02T15:50:28","modified_gmt":"2022-03-02T14:50:28","slug":"lucinda-gold","status":"publish","type":"product","link":"https:\/\/preprod.unchicfou.com\/en\/produit\/lucinda-gold\/","title":{"rendered":"Earring LUCINDA"},"content":{"rendered":"<ul>\n<li><b>Earring sold by the unit. Order two units if you want a pair.<\/b><\/li>\n<li>Material : brass with 18k gold plating at 5 microns.<\/li>\n<li>Inspiration : delicate earrings made by the hand of our craftsperson. LUCINDA wanted them slightly larger than Lucie.<\/li>\n<li>Details : external diameter 9mm, internal 6.5,mm. Closing with push-in mechanism.<\/li>\n<li><b>Swiss Design. Local production in the Greater Geneva area.<\/b><\/li>\n<li>The earring comes with its 100% cotton pouch.<\/li>\n<li>To extend the family\u00a0<a href=\"https:\/\/preprod.unchicfou.com\/?s=mathilda&#038;post_type=product\">MATHILDA<\/a><\/li>\n<\/ul>\n","protected":false},"excerpt":{"rendered":"<p>Gold plated earring.<\/p>\n<p>The elegance of a refined and pared down small loop.<\/p>\n","protected":false},"featured_media":7099,"template":"","meta":{"_acf_changed":false},"product_brand":[],"product_cat":[95],"product_tag":[375,954],"class_list":{"0":"post-7097","1":"product","2":"type-product","3":"status-publish","4":"has-post-thumbnail","6":"product_cat-earring-by-unit-mixmatch","7":"product_tag-gold-plated-en","8":"product_tag-mathilda-en","10":"first","11":"instock","12":"purchasable","13":"product-type-simple"},"acf":[],"yoast_head":"<!-- This site is optimized with the Yoast SEO plugin v27.3 - https:\/\/yoast.com\/product\/yoast-seo-wordpress\/ -->\n<title>un chic fou - Earring LUCINDA . 18k gold-plated earring. Pared down loop.<\/title>\n<meta name=\"description\" content=\"un chic fou - Brass earring with 18k gold plating. Refined and pared down to the sleekest simplicity. Small loop created by our craftspeople.\" \/>\n<meta name=\"robots\" content=\"index, follow, max-snippet:-1, max-image-preview:large, max-video-preview:-1\" \/>\n<link rel=\"canonical\" href=\"https:\/\/preprod.unchicfou.com\/en\/produit\/lucinda-gold\/\" \/>\n<meta property=\"og:locale\" content=\"en_US\" \/>\n<meta property=\"og:type\" content=\"article\" \/>\n<meta property=\"og:title\" content=\"un chic fou - Earring LUCINDA . 18k gold-plated earring. Pared down loop.\" \/>\n<meta property=\"og:description\" content=\"un chic fou - Brass earring with 18k gold plating. Refined and pared down to the sleekest simplicity. Small loop created by our craftspeople.\" \/>\n<meta property=\"og:url\" content=\"https:\/\/preprod.unchicfou.com\/en\/produit\/lucinda-gold\/\" \/>\n<meta property=\"og:site_name\" content=\"un chic fou\" \/>\n<meta property=\"article:modified_time\" content=\"2022-03-02T14:50:28+00:00\" \/>\n<meta property=\"og:image\" content=\"https:\/\/preprod.unchicfou.com\/wp-content\/uploads\/2020\/10\/LUCINDA-OR-ZOOM.jpg\" \/>\n\t<meta property=\"og:image:width\" content=\"1000\" \/>\n\t<meta property=\"og:image:height\" content=\"1000\" \/>\n\t<meta property=\"og:image:type\" content=\"image\/jpeg\" \/>\n<meta name=\"twitter:card\" content=\"summary_large_image\" \/>\n<!-- \/ Yoast SEO plugin. -->","yoast_head_json":{"title":"un chic fou - Earring LUCINDA . 18k gold-plated earring. Pared down loop.","description":"un chic fou - Brass earring with 18k gold plating. Refined and pared down to the sleekest simplicity. Small loop created by our craftspeople.","robots":{"index":"index","follow":"follow","max-snippet":"max-snippet:-1","max-image-preview":"max-image-preview:large","max-video-preview":"max-video-preview:-1"},"canonical":"https:\/\/preprod.unchicfou.com\/en\/produit\/lucinda-gold\/","og_locale":"en_US","og_type":"article","og_title":"un chic fou - Earring LUCINDA . 18k gold-plated earring. Pared down loop.","og_description":"un chic fou - Brass earring with 18k gold plating. Refined and pared down to the sleekest simplicity. Small loop created by our craftspeople.","og_url":"https:\/\/preprod.unchicfou.com\/en\/produit\/lucinda-gold\/","og_site_name":"un chic fou","article_modified_time":"2022-03-02T14:50:28+00:00","og_image":[{"width":1000,"height":1000,"url":"https:\/\/preprod.unchicfou.com\/wp-content\/uploads\/2020\/10\/LUCINDA-OR-ZOOM.jpg","type":"image\/jpeg"}],"twitter_card":"summary_large_image","schema":{"@context":"https:\/\/schema.org","@graph":[{"@type":"WebPage","@id":"https:\/\/preprod.unchicfou.com\/en\/produit\/lucinda-gold\/","url":"https:\/\/preprod.unchicfou.com\/en\/produit\/lucinda-gold\/","name":"un chic fou - Earring LUCINDA . 18k gold-plated earring. Pared down loop.","isPartOf":{"@id":"https:\/\/preprod.unchicfou.com\/en\/#website"},"primaryImageOfPage":{"@id":"https:\/\/preprod.unchicfou.com\/en\/produit\/lucinda-gold\/#primaryimage"},"image":{"@id":"https:\/\/preprod.unchicfou.com\/en\/produit\/lucinda-gold\/#primaryimage"},"thumbnailUrl":"https:\/\/preprod.unchicfou.com\/wp-content\/uploads\/2020\/10\/LUCINDA-OR-ZOOM.jpg","datePublished":"2020-10-29T15:50:10+00:00","dateModified":"2022-03-02T14:50:28+00:00","description":"un chic fou - Brass earring with 18k gold plating. Refined and pared down to the sleekest simplicity. Small loop created by our craftspeople.","breadcrumb":{"@id":"https:\/\/preprod.unchicfou.com\/en\/produit\/lucinda-gold\/#breadcrumb"},"inLanguage":"en-US","potentialAction":[{"@type":"ReadAction","target":["https:\/\/preprod.unchicfou.com\/en\/produit\/lucinda-gold\/"]}]},{"@type":"ImageObject","inLanguage":"en-US","@id":"https:\/\/preprod.unchicfou.com\/en\/produit\/lucinda-gold\/#primaryimage","url":"https:\/\/preprod.unchicfou.com\/wp-content\/uploads\/2020\/10\/LUCINDA-OR-ZOOM.jpg","contentUrl":"https:\/\/preprod.unchicfou.com\/wp-content\/uploads\/2020\/10\/LUCINDA-OR-ZOOM.jpg","width":1000,"height":1000,"caption":"LUCINDA OR ZOOM"},{"@type":"BreadcrumbList","@id":"https:\/\/preprod.unchicfou.com\/en\/produit\/lucinda-gold\/#breadcrumb","itemListElement":[{"@type":"ListItem","position":1,"name":"Accueil","item":"https:\/\/preprod.unchicfou.com\/en\/"},{"@type":"ListItem","position":2,"name":"Boutique","item":"https:\/\/preprod.unchicfou.com\/boutique-unchicfou-bijoux-lin\/"},{"@type":"ListItem","position":3,"name":"Earring LUCINDA"}]},{"@type":"WebSite","@id":"https:\/\/preprod.unchicfou.com\/en\/#website","url":"https:\/\/preprod.unchicfou.com\/en\/","name":"un chic fou","description":"Bijoux \u00e9l\u00e9gants, raffin\u00e9s et intemporels faits avec le coeur","potentialAction":[{"@type":"SearchAction","target":{"@type":"EntryPoint","urlTemplate":"https:\/\/preprod.unchicfou.com\/en\/?s={search_term_string}"},"query-input":{"@type":"PropertyValueSpecification","valueRequired":true,"valueName":"search_term_string"}}],"inLanguage":"en-US"}]}},"_links":{"self":[{"href":"https:\/\/preprod.unchicfou.com\/en\/wp-json\/wp\/v2\/product\/7097","targetHints":{"allow":["GET"]}}],"collection":[{"href":"https:\/\/preprod.unchicfou.com\/en\/wp-json\/wp\/v2\/product"}],"about":[{"href":"https:\/\/preprod.unchicfou.com\/en\/wp-json\/wp\/v2\/types\/product"}],"wp:featuredmedia":[{"embeddable":true,"href":"https:\/\/preprod.unchicfou.com\/en\/wp-json\/wp\/v2\/media\/7099"}],"wp:attachment":[{"href":"https:\/\/preprod.unchicfou.com\/en\/wp-json\/wp\/v2\/media?parent=7097"}],"wp:term":[{"taxonomy":"product_brand","embeddable":true,"href":"https:\/\/preprod.unchicfou.com\/en\/wp-json\/wp\/v2\/product_brand?post=7097"},{"taxonomy":"product_cat","embeddable":true,"href":"https:\/\/preprod.unchicfou.com\/en\/wp-json\/wp\/v2\/product_cat?post=7097"},{"taxonomy":"product_tag","embeddable":true,"href":"https:\/\/preprod.unchicfou.com\/en\/wp-json\/wp\/v2\/product_tag?post=7097"}],"curies":[{"name":"wp","href":"https:\/\/api.w.org\/{rel}","templated":true}]}}