{"id":687,"date":"2016-10-12T12:04:37","date_gmt":"2016-10-12T10:04:37","guid":{"rendered":"http:\/\/357nkacsig.preview.infomaniak.website\/?product=louna-hammered-bracelet"},"modified":"2022-01-29T17:07:54","modified_gmt":"2022-01-29T16:07:54","slug":"louna-hammered-bracelet-gold","status":"publish","type":"product","link":"https:\/\/preprod.unchicfou.com\/en\/produit\/louna-hammered-bracelet-gold\/","title":{"rendered":"Bracelet LOUNA Hammered"},"content":{"rendered":"<ul>\n<li><b>Gold\u00a0plated\u00a03\/4 bangle bracelet with its 100% cotton cord.<\/b><\/li>\n<li>Material: brass with 18k gold plating at 5 microns.<\/li>\n<li>Inspiration: Less is more.<\/li>\n<li>Details: hammered polished finish. 10 colours of cords to choose from.<\/li>\n<li><b>Swiss Design. Local production in the Greater Geneva area.<\/b><\/li>\n<li>The bracelet comes with its 100% cotton pouch.<\/li>\n<li>To extend the family\u00a0<a href=\"https:\/\/preprod.unchicfou.com\/?s=louna&#038;post_type=product\">LOUNA<\/a>.<\/li>\n<\/ul>\n<p>&nbsp;<\/p>\n","protected":false},"excerpt":{"rendered":"<p>Gold plated\u00a0bracelet &#8211; hammered and adjustable with its 100%\u00a0cotton\u00a0cord.<\/p>\n<p>The simple elegance of <em>un chic fou<\/em>. Play with the\u00a0colored cords according to your desires. Wear them boldly upside-down, or discreetly\u00a0underneath. Mix\u00a0&amp; match them.<\/p>\n","protected":false},"featured_media":12409,"template":"","meta":{"_acf_changed":false},"product_brand":[],"product_cat":[85],"product_tag":[384,375,509,983],"class_list":{"0":"post-687","1":"product","2":"type-product","3":"status-publish","4":"has-post-thumbnail","6":"product_cat-bracelets-gold-silver-text-cords-ajustable","7":"product_tag-cotton-ribbon-en","8":"product_tag-gold-plated-en","9":"product_tag-hammered-en","10":"product_tag-louna","12":"first","13":"instock","14":"purchasable","15":"product-type-variable"},"acf":[],"yoast_head":"<!-- This site is optimized with the Yoast SEO plugin v27.3 - https:\/\/yoast.com\/product\/yoast-seo-wordpress\/ -->\n<title>un chic fou - Bracelet LOUNA Hammered. 18k gold-plated bangle.<\/title>\n<meta name=\"description\" content=\"un chic fou - Brass bracelet with 18k gold plating. Hammered finish. Waxed cotton ribbon in 10 colours. Adjustable to every wrists.\" \/>\n<meta name=\"robots\" content=\"index, follow, max-snippet:-1, max-image-preview:large, max-video-preview:-1\" \/>\n<link rel=\"canonical\" href=\"https:\/\/preprod.unchicfou.com\/en\/produit\/louna-hammered-bracelet-gold\/\" \/>\n<meta property=\"og:locale\" content=\"en_US\" \/>\n<meta property=\"og:type\" content=\"article\" \/>\n<meta property=\"og:title\" content=\"un chic fou - Bracelet LOUNA Hammered. 18k gold-plated bangle.\" \/>\n<meta property=\"og:description\" content=\"un chic fou - Brass bracelet with 18k gold plating. Hammered finish. Waxed cotton ribbon in 10 colours. Adjustable to every wrists.\" \/>\n<meta property=\"og:url\" content=\"https:\/\/preprod.unchicfou.com\/en\/produit\/louna-hammered-bracelet-gold\/\" \/>\n<meta property=\"og:site_name\" content=\"un chic fou\" \/>\n<meta property=\"article:modified_time\" content=\"2022-01-29T16:07:54+00:00\" \/>\n<meta property=\"og:image\" content=\"https:\/\/preprod.unchicfou.com\/wp-content\/uploads\/2016\/10\/LOUNA_MARTELE_DORE-zoom.jpg\" \/>\n\t<meta property=\"og:image:width\" content=\"1900\" \/>\n\t<meta property=\"og:image:height\" content=\"1900\" \/>\n\t<meta property=\"og:image:type\" content=\"image\/jpeg\" \/>\n<meta name=\"twitter:card\" content=\"summary_large_image\" \/>\n<!-- \/ Yoast SEO plugin. -->","yoast_head_json":{"title":"un chic fou - Bracelet LOUNA Hammered. 18k gold-plated bangle.","description":"un chic fou - Brass bracelet with 18k gold plating. Hammered finish. Waxed cotton ribbon in 10 colours. Adjustable to every wrists.","robots":{"index":"index","follow":"follow","max-snippet":"max-snippet:-1","max-image-preview":"max-image-preview:large","max-video-preview":"max-video-preview:-1"},"canonical":"https:\/\/preprod.unchicfou.com\/en\/produit\/louna-hammered-bracelet-gold\/","og_locale":"en_US","og_type":"article","og_title":"un chic fou - Bracelet LOUNA Hammered. 18k gold-plated bangle.","og_description":"un chic fou - Brass bracelet with 18k gold plating. Hammered finish. Waxed cotton ribbon in 10 colours. Adjustable to every wrists.","og_url":"https:\/\/preprod.unchicfou.com\/en\/produit\/louna-hammered-bracelet-gold\/","og_site_name":"un chic fou","article_modified_time":"2022-01-29T16:07:54+00:00","og_image":[{"width":1900,"height":1900,"url":"https:\/\/preprod.unchicfou.com\/wp-content\/uploads\/2016\/10\/LOUNA_MARTELE_DORE-zoom.jpg","type":"image\/jpeg"}],"twitter_card":"summary_large_image","schema":{"@context":"https:\/\/schema.org","@graph":[{"@type":"WebPage","@id":"https:\/\/preprod.unchicfou.com\/en\/produit\/louna-hammered-bracelet-gold\/","url":"https:\/\/preprod.unchicfou.com\/en\/produit\/louna-hammered-bracelet-gold\/","name":"un chic fou - Bracelet LOUNA Hammered. 18k gold-plated bangle.","isPartOf":{"@id":"https:\/\/preprod.unchicfou.com\/en\/#website"},"primaryImageOfPage":{"@id":"https:\/\/preprod.unchicfou.com\/en\/produit\/louna-hammered-bracelet-gold\/#primaryimage"},"image":{"@id":"https:\/\/preprod.unchicfou.com\/en\/produit\/louna-hammered-bracelet-gold\/#primaryimage"},"thumbnailUrl":"https:\/\/preprod.unchicfou.com\/wp-content\/uploads\/2016\/10\/LOUNA_MARTELE_DORE-zoom.jpg","datePublished":"2016-10-12T10:04:37+00:00","dateModified":"2022-01-29T16:07:54+00:00","description":"un chic fou - Brass bracelet with 18k gold plating. Hammered finish. Waxed cotton ribbon in 10 colours. Adjustable to every wrists.","breadcrumb":{"@id":"https:\/\/preprod.unchicfou.com\/en\/produit\/louna-hammered-bracelet-gold\/#breadcrumb"},"inLanguage":"en-US","potentialAction":[{"@type":"ReadAction","target":["https:\/\/preprod.unchicfou.com\/en\/produit\/louna-hammered-bracelet-gold\/"]}]},{"@type":"ImageObject","inLanguage":"en-US","@id":"https:\/\/preprod.unchicfou.com\/en\/produit\/louna-hammered-bracelet-gold\/#primaryimage","url":"https:\/\/preprod.unchicfou.com\/wp-content\/uploads\/2016\/10\/LOUNA_MARTELE_DORE-zoom.jpg","contentUrl":"https:\/\/preprod.unchicfou.com\/wp-content\/uploads\/2016\/10\/LOUNA_MARTELE_DORE-zoom.jpg","width":1900,"height":1900},{"@type":"BreadcrumbList","@id":"https:\/\/preprod.unchicfou.com\/en\/produit\/louna-hammered-bracelet-gold\/#breadcrumb","itemListElement":[{"@type":"ListItem","position":1,"name":"Accueil","item":"https:\/\/preprod.unchicfou.com\/en\/"},{"@type":"ListItem","position":2,"name":"Boutique","item":"https:\/\/preprod.unchicfou.com\/boutique-unchicfou-bijoux-lin\/"},{"@type":"ListItem","position":3,"name":"Bracelet LOUNA Hammered"}]},{"@type":"WebSite","@id":"https:\/\/preprod.unchicfou.com\/en\/#website","url":"https:\/\/preprod.unchicfou.com\/en\/","name":"un chic fou","description":"Bijoux \u00e9l\u00e9gants, raffin\u00e9s et intemporels faits avec le coeur","potentialAction":[{"@type":"SearchAction","target":{"@type":"EntryPoint","urlTemplate":"https:\/\/preprod.unchicfou.com\/en\/?s={search_term_string}"},"query-input":{"@type":"PropertyValueSpecification","valueRequired":true,"valueName":"search_term_string"}}],"inLanguage":"en-US"}]}},"_links":{"self":[{"href":"https:\/\/preprod.unchicfou.com\/en\/wp-json\/wp\/v2\/product\/687","targetHints":{"allow":["GET"]}}],"collection":[{"href":"https:\/\/preprod.unchicfou.com\/en\/wp-json\/wp\/v2\/product"}],"about":[{"href":"https:\/\/preprod.unchicfou.com\/en\/wp-json\/wp\/v2\/types\/product"}],"wp:featuredmedia":[{"embeddable":true,"href":"https:\/\/preprod.unchicfou.com\/en\/wp-json\/wp\/v2\/media\/12409"}],"wp:attachment":[{"href":"https:\/\/preprod.unchicfou.com\/en\/wp-json\/wp\/v2\/media?parent=687"}],"wp:term":[{"taxonomy":"product_brand","embeddable":true,"href":"https:\/\/preprod.unchicfou.com\/en\/wp-json\/wp\/v2\/product_brand?post=687"},{"taxonomy":"product_cat","embeddable":true,"href":"https:\/\/preprod.unchicfou.com\/en\/wp-json\/wp\/v2\/product_cat?post=687"},{"taxonomy":"product_tag","embeddable":true,"href":"https:\/\/preprod.unchicfou.com\/en\/wp-json\/wp\/v2\/product_tag?post=687"}],"curies":[{"name":"wp","href":"https:\/\/api.w.org\/{rel}","templated":true}]}}