{"id":639,"date":"2016-10-07T12:39:33","date_gmt":"2016-10-07T10:39:33","guid":{"rendered":"http:\/\/357nkacsig.preview.infomaniak.website\/?product=daniele-large-necklace"},"modified":"2022-01-28T15:22:47","modified_gmt":"2022-01-28T14:22:47","slug":"daniele-large-necklace-gold","status":"publish","type":"product","link":"https:\/\/preprod.unchicfou.com\/en\/produit\/daniele-large-necklace-gold\/","title":{"rendered":"Necklace DANIELE Large"},"content":{"rendered":"<ul>\n<li><b>Golden necklace Large.\u00a0<\/b><\/li>\n<li>Material: brass with 18k gold plating at 5 microns.<\/li>\n<li>Inspiration: sunflower petals. Her favorite flower.<\/li>\n<li>Details: Pendant size: Height 32mm, Width 38mm. 3 length possibilities, 42 \u00e0 52cm.<\/li>\n<li><b>Swiss Design. Locale production in the Great Geneva area.<\/b><\/li>\n<li>The necklace comes with its 100% cotton pouch.<\/li>\n<li>To extend the family\u00a0<a href=\"https:\/\/preprod.unchicfou.com\/?s=daniele&#038;post_type=product\">DANIELE<\/a>.<\/li>\n<\/ul>\n","protected":false},"excerpt":{"rendered":"<p>Large Gold plated necklace.<\/p>\n<p>Like sun rays around your neck.<\/p>\n","protected":false},"featured_media":4425,"template":"","meta":{"_acf_changed":false},"product_brand":[],"product_cat":[89],"product_tag":[566,808,375,895],"class_list":{"0":"post-639","1":"product","2":"type-product","3":"status-publish","4":"has-post-thumbnail","6":"product_cat-necklaces-adjustable-gold-silver","7":"product_tag-adjustable-en","8":"product_tag-collection-daniele-en","9":"product_tag-gold-plated-en","10":"product_tag-les-indispensables-en","12":"first","13":"instock","14":"featured","15":"purchasable","16":"product-type-simple"},"acf":[],"yoast_head":"<!-- This site is optimized with the Yoast SEO plugin v27.3 - https:\/\/yoast.com\/product\/yoast-seo-wordpress\/ -->\n<title>un chic fou Necklace DANIELE Large - Necklace large gold-plated.<\/title>\n<meta name=\"description\" content=\"un chic fou. Necklace large with 18k gold plating at 5 microns. Length 41-50cm. Three closing options. Inspired by Sunflowers petals.\" \/>\n<meta name=\"robots\" content=\"index, follow, max-snippet:-1, max-image-preview:large, max-video-preview:-1\" \/>\n<link rel=\"canonical\" href=\"https:\/\/preprod.unchicfou.com\/en\/produit\/daniele-large-necklace-gold\/\" \/>\n<meta property=\"og:locale\" content=\"en_US\" \/>\n<meta property=\"og:type\" content=\"article\" \/>\n<meta property=\"og:title\" content=\"un chic fou Necklace DANIELE Large - Necklace large gold-plated.\" \/>\n<meta property=\"og:description\" content=\"un chic fou. Necklace large with 18k gold plating at 5 microns. Length 41-50cm. Three closing options. Inspired by Sunflowers petals.\" \/>\n<meta property=\"og:url\" content=\"https:\/\/preprod.unchicfou.com\/en\/produit\/daniele-large-necklace-gold\/\" \/>\n<meta property=\"og:site_name\" content=\"un chic fou\" \/>\n<meta property=\"article:modified_time\" content=\"2022-01-28T14:22:47+00:00\" \/>\n<meta property=\"og:image\" content=\"https:\/\/preprod.unchicfou.com\/wp-content\/uploads\/2020\/06\/DANIELE_GP-scaled.jpg\" \/>\n\t<meta property=\"og:image:width\" content=\"2560\" \/>\n\t<meta property=\"og:image:height\" content=\"2560\" \/>\n\t<meta property=\"og:image:type\" content=\"image\/jpeg\" \/>\n<meta name=\"twitter:card\" content=\"summary_large_image\" \/>\n<!-- \/ Yoast SEO plugin. -->","yoast_head_json":{"title":"un chic fou Necklace DANIELE Large - Necklace large gold-plated.","description":"un chic fou. Necklace large with 18k gold plating at 5 microns. Length 41-50cm. Three closing options. Inspired by Sunflowers petals.","robots":{"index":"index","follow":"follow","max-snippet":"max-snippet:-1","max-image-preview":"max-image-preview:large","max-video-preview":"max-video-preview:-1"},"canonical":"https:\/\/preprod.unchicfou.com\/en\/produit\/daniele-large-necklace-gold\/","og_locale":"en_US","og_type":"article","og_title":"un chic fou Necklace DANIELE Large - Necklace large gold-plated.","og_description":"un chic fou. Necklace large with 18k gold plating at 5 microns. Length 41-50cm. Three closing options. Inspired by Sunflowers petals.","og_url":"https:\/\/preprod.unchicfou.com\/en\/produit\/daniele-large-necklace-gold\/","og_site_name":"un chic fou","article_modified_time":"2022-01-28T14:22:47+00:00","og_image":[{"width":2560,"height":2560,"url":"https:\/\/preprod.unchicfou.com\/wp-content\/uploads\/2020\/06\/DANIELE_GP-scaled.jpg","type":"image\/jpeg"}],"twitter_card":"summary_large_image","schema":{"@context":"https:\/\/schema.org","@graph":[{"@type":"WebPage","@id":"https:\/\/preprod.unchicfou.com\/en\/produit\/daniele-large-necklace-gold\/","url":"https:\/\/preprod.unchicfou.com\/en\/produit\/daniele-large-necklace-gold\/","name":"un chic fou Necklace DANIELE Large - Necklace large gold-plated.","isPartOf":{"@id":"https:\/\/preprod.unchicfou.com\/en\/#website"},"primaryImageOfPage":{"@id":"https:\/\/preprod.unchicfou.com\/en\/produit\/daniele-large-necklace-gold\/#primaryimage"},"image":{"@id":"https:\/\/preprod.unchicfou.com\/en\/produit\/daniele-large-necklace-gold\/#primaryimage"},"thumbnailUrl":"https:\/\/preprod.unchicfou.com\/wp-content\/uploads\/2020\/06\/DANIELE_GP-scaled.jpg","datePublished":"2016-10-07T10:39:33+00:00","dateModified":"2022-01-28T14:22:47+00:00","description":"un chic fou. Necklace large with 18k gold plating at 5 microns. Length 41-50cm. Three closing options. Inspired by Sunflowers petals.","breadcrumb":{"@id":"https:\/\/preprod.unchicfou.com\/en\/produit\/daniele-large-necklace-gold\/#breadcrumb"},"inLanguage":"en-US","potentialAction":[{"@type":"ReadAction","target":["https:\/\/preprod.unchicfou.com\/en\/produit\/daniele-large-necklace-gold\/"]}]},{"@type":"ImageObject","inLanguage":"en-US","@id":"https:\/\/preprod.unchicfou.com\/en\/produit\/daniele-large-necklace-gold\/#primaryimage","url":"https:\/\/preprod.unchicfou.com\/wp-content\/uploads\/2020\/06\/DANIELE_GP-scaled.jpg","contentUrl":"https:\/\/preprod.unchicfou.com\/wp-content\/uploads\/2020\/06\/DANIELE_GP-scaled.jpg","width":2560,"height":2560,"caption":"DANIELE GP scaled"},{"@type":"BreadcrumbList","@id":"https:\/\/preprod.unchicfou.com\/en\/produit\/daniele-large-necklace-gold\/#breadcrumb","itemListElement":[{"@type":"ListItem","position":1,"name":"Accueil","item":"https:\/\/preprod.unchicfou.com\/en\/"},{"@type":"ListItem","position":2,"name":"Boutique","item":"https:\/\/preprod.unchicfou.com\/boutique-unchicfou-bijoux-lin\/"},{"@type":"ListItem","position":3,"name":"Necklace DANIELE Large"}]},{"@type":"WebSite","@id":"https:\/\/preprod.unchicfou.com\/en\/#website","url":"https:\/\/preprod.unchicfou.com\/en\/","name":"un chic fou","description":"Bijoux \u00e9l\u00e9gants, raffin\u00e9s et intemporels faits avec le coeur","potentialAction":[{"@type":"SearchAction","target":{"@type":"EntryPoint","urlTemplate":"https:\/\/preprod.unchicfou.com\/en\/?s={search_term_string}"},"query-input":{"@type":"PropertyValueSpecification","valueRequired":true,"valueName":"search_term_string"}}],"inLanguage":"en-US"}]}},"_links":{"self":[{"href":"https:\/\/preprod.unchicfou.com\/en\/wp-json\/wp\/v2\/product\/639","targetHints":{"allow":["GET"]}}],"collection":[{"href":"https:\/\/preprod.unchicfou.com\/en\/wp-json\/wp\/v2\/product"}],"about":[{"href":"https:\/\/preprod.unchicfou.com\/en\/wp-json\/wp\/v2\/types\/product"}],"wp:featuredmedia":[{"embeddable":true,"href":"https:\/\/preprod.unchicfou.com\/en\/wp-json\/wp\/v2\/media\/4425"}],"wp:attachment":[{"href":"https:\/\/preprod.unchicfou.com\/en\/wp-json\/wp\/v2\/media?parent=639"}],"wp:term":[{"taxonomy":"product_brand","embeddable":true,"href":"https:\/\/preprod.unchicfou.com\/en\/wp-json\/wp\/v2\/product_brand?post=639"},{"taxonomy":"product_cat","embeddable":true,"href":"https:\/\/preprod.unchicfou.com\/en\/wp-json\/wp\/v2\/product_cat?post=639"},{"taxonomy":"product_tag","embeddable":true,"href":"https:\/\/preprod.unchicfou.com\/en\/wp-json\/wp\/v2\/product_tag?post=639"}],"curies":[{"name":"wp","href":"https:\/\/api.w.org\/{rel}","templated":true}]}}