{"id":614,"date":"2016-10-06T16:22:22","date_gmt":"2016-10-06T14:22:22","guid":{"rendered":"http:\/\/357nkacsig.preview.infomaniak.website\/?product=daniele-large-earring"},"modified":"2023-01-23T00:00:22","modified_gmt":"2023-01-22T23:00:22","slug":"daniele-large-earring-silver","status":"publish","type":"product","link":"https:\/\/preprod.unchicfou.com\/en\/produit\/daniele-large-earring-silver\/","title":{"rendered":"DANIELE Large"},"content":{"rendered":"<ul>\n<li><strong>Earring sold by the unit. Exclusively sold by pair !<\/strong><\/li>\n<li>Material : solid 925\/1000 silver with rhodium plating.<\/li>\n<li>Inspiration : declination of our emblematic DANIELE. Inspired by sunflower petals. Her favorite flower!<\/li>\n<li>Details : diameter interior 18mm, exterior 38mm. Satin brushed finish. Push-piece closing.<\/li>\n<li><strong>Swiss Design. Local production in the Great Geneva area.<\/strong><\/li>\n<li>The earring comes in its 100% cotton pouch.<\/li>\n<li>To extend the family <a href=\"https:\/\/preprod.unchicfou.com\/?s=daniele&#038;post_type=product\">DANIELE<\/a>.<\/li>\n<\/ul>\n","protected":false},"excerpt":{"rendered":"<p>Solid silver earring. <strong>Exclusively sold by pair !<\/strong><\/p>\n<p>Inspired by sunflower petals.<\/p>\n","protected":false},"featured_media":11740,"template":"","meta":{"_acf_changed":false},"product_brand":[],"product_cat":[95,1374],"product_tag":[1933,808,803,472,440,895],"class_list":{"0":"post-614","1":"product","2":"type-product","3":"status-publish","4":"has-post-thumbnail","6":"product_cat-earring-by-unit-mixmatch","7":"product_cat-sales","8":"product_tag-black-friday-en","9":"product_tag-collection-daniele-en","10":"product_tag-les-dernieres-chances-en","11":"product_tag-rhodium-plated-en","12":"product_tag-silver-en","13":"product_tag-les-indispensables-en","15":"first","16":"outofstock","17":"purchasable","18":"product-type-simple"},"acf":[],"yoast_head":"<!-- This site is optimized with the Yoast SEO plugin v27.3 - https:\/\/yoast.com\/product\/yoast-seo-wordpress\/ -->\n<title>un chic fou - DANIELE Large. Large solid silver earring. Sunflowers petals<\/title>\n<meta name=\"description\" content=\"un chic fou - Large solid 925\/1000 silver earring with rhodium plating. Inspired by sunflowers petals. By the unit or the pair.\" \/>\n<meta name=\"robots\" content=\"index, follow, max-snippet:-1, max-image-preview:large, max-video-preview:-1\" \/>\n<link rel=\"canonical\" href=\"https:\/\/preprod.unchicfou.com\/en\/produit\/daniele-large-earring-silver\/\" \/>\n<meta property=\"og:locale\" content=\"en_US\" \/>\n<meta property=\"og:type\" content=\"article\" \/>\n<meta property=\"og:title\" content=\"un chic fou - DANIELE Large. Large solid silver earring. Sunflowers petals\" \/>\n<meta property=\"og:description\" content=\"un chic fou - Large solid 925\/1000 silver earring with rhodium plating. Inspired by sunflowers petals. By the unit or the pair.\" \/>\n<meta property=\"og:url\" content=\"https:\/\/preprod.unchicfou.com\/en\/produit\/daniele-large-earring-silver\/\" \/>\n<meta property=\"og:site_name\" content=\"un chic fou\" \/>\n<meta property=\"article:modified_time\" content=\"2023-01-22T23:00:22+00:00\" \/>\n<meta property=\"og:image\" content=\"https:\/\/preprod.unchicfou.com\/wp-content\/uploads\/2016\/10\/DANIELE_LARGE_ARGENT.jpg\" \/>\n\t<meta property=\"og:image:width\" content=\"2362\" \/>\n\t<meta property=\"og:image:height\" content=\"2362\" \/>\n\t<meta property=\"og:image:type\" content=\"image\/jpeg\" \/>\n<meta name=\"twitter:card\" content=\"summary_large_image\" \/>\n<meta name=\"twitter:label1\" content=\"Est. reading time\" \/>\n\t<meta name=\"twitter:data1\" content=\"1 minute\" \/>\n<!-- \/ Yoast SEO plugin. -->","yoast_head_json":{"title":"un chic fou - DANIELE Large. Large solid silver earring. Sunflowers petals","description":"un chic fou - Large solid 925\/1000 silver earring with rhodium plating. Inspired by sunflowers petals. By the unit or the pair.","robots":{"index":"index","follow":"follow","max-snippet":"max-snippet:-1","max-image-preview":"max-image-preview:large","max-video-preview":"max-video-preview:-1"},"canonical":"https:\/\/preprod.unchicfou.com\/en\/produit\/daniele-large-earring-silver\/","og_locale":"en_US","og_type":"article","og_title":"un chic fou - DANIELE Large. Large solid silver earring. Sunflowers petals","og_description":"un chic fou - Large solid 925\/1000 silver earring with rhodium plating. Inspired by sunflowers petals. By the unit or the pair.","og_url":"https:\/\/preprod.unchicfou.com\/en\/produit\/daniele-large-earring-silver\/","og_site_name":"un chic fou","article_modified_time":"2023-01-22T23:00:22+00:00","og_image":[{"width":2362,"height":2362,"url":"https:\/\/preprod.unchicfou.com\/wp-content\/uploads\/2016\/10\/DANIELE_LARGE_ARGENT.jpg","type":"image\/jpeg"}],"twitter_card":"summary_large_image","twitter_misc":{"Est. reading time":"1 minute"},"schema":{"@context":"https:\/\/schema.org","@graph":[{"@type":"WebPage","@id":"https:\/\/preprod.unchicfou.com\/en\/produit\/daniele-large-earring-silver\/","url":"https:\/\/preprod.unchicfou.com\/en\/produit\/daniele-large-earring-silver\/","name":"un chic fou - DANIELE Large. Large solid silver earring. Sunflowers petals","isPartOf":{"@id":"https:\/\/preprod.unchicfou.com\/en\/#website"},"primaryImageOfPage":{"@id":"https:\/\/preprod.unchicfou.com\/en\/produit\/daniele-large-earring-silver\/#primaryimage"},"image":{"@id":"https:\/\/preprod.unchicfou.com\/en\/produit\/daniele-large-earring-silver\/#primaryimage"},"thumbnailUrl":"https:\/\/preprod.unchicfou.com\/wp-content\/uploads\/2016\/10\/DANIELE_LARGE_ARGENT.jpg","datePublished":"2016-10-06T14:22:22+00:00","dateModified":"2023-01-22T23:00:22+00:00","description":"un chic fou - Large solid 925\/1000 silver earring with rhodium plating. Inspired by sunflowers petals. By the unit or the pair.","breadcrumb":{"@id":"https:\/\/preprod.unchicfou.com\/en\/produit\/daniele-large-earring-silver\/#breadcrumb"},"inLanguage":"en-US","potentialAction":[{"@type":"ReadAction","target":["https:\/\/preprod.unchicfou.com\/en\/produit\/daniele-large-earring-silver\/"]}]},{"@type":"ImageObject","inLanguage":"en-US","@id":"https:\/\/preprod.unchicfou.com\/en\/produit\/daniele-large-earring-silver\/#primaryimage","url":"https:\/\/preprod.unchicfou.com\/wp-content\/uploads\/2016\/10\/DANIELE_LARGE_ARGENT.jpg","contentUrl":"https:\/\/preprod.unchicfou.com\/wp-content\/uploads\/2016\/10\/DANIELE_LARGE_ARGENT.jpg","width":2362,"height":2362},{"@type":"BreadcrumbList","@id":"https:\/\/preprod.unchicfou.com\/en\/produit\/daniele-large-earring-silver\/#breadcrumb","itemListElement":[{"@type":"ListItem","position":1,"name":"Accueil","item":"https:\/\/preprod.unchicfou.com\/en\/"},{"@type":"ListItem","position":2,"name":"Boutique","item":"https:\/\/preprod.unchicfou.com\/boutique-unchicfou-bijoux-lin\/"},{"@type":"ListItem","position":3,"name":"DANIELE Large"}]},{"@type":"WebSite","@id":"https:\/\/preprod.unchicfou.com\/en\/#website","url":"https:\/\/preprod.unchicfou.com\/en\/","name":"un chic fou","description":"Bijoux \u00e9l\u00e9gants, raffin\u00e9s et intemporels faits avec le coeur","potentialAction":[{"@type":"SearchAction","target":{"@type":"EntryPoint","urlTemplate":"https:\/\/preprod.unchicfou.com\/en\/?s={search_term_string}"},"query-input":{"@type":"PropertyValueSpecification","valueRequired":true,"valueName":"search_term_string"}}],"inLanguage":"en-US"}]}},"_links":{"self":[{"href":"https:\/\/preprod.unchicfou.com\/en\/wp-json\/wp\/v2\/product\/614","targetHints":{"allow":["GET"]}}],"collection":[{"href":"https:\/\/preprod.unchicfou.com\/en\/wp-json\/wp\/v2\/product"}],"about":[{"href":"https:\/\/preprod.unchicfou.com\/en\/wp-json\/wp\/v2\/types\/product"}],"wp:featuredmedia":[{"embeddable":true,"href":"https:\/\/preprod.unchicfou.com\/en\/wp-json\/wp\/v2\/media\/11740"}],"wp:attachment":[{"href":"https:\/\/preprod.unchicfou.com\/en\/wp-json\/wp\/v2\/media?parent=614"}],"wp:term":[{"taxonomy":"product_brand","embeddable":true,"href":"https:\/\/preprod.unchicfou.com\/en\/wp-json\/wp\/v2\/product_brand?post=614"},{"taxonomy":"product_cat","embeddable":true,"href":"https:\/\/preprod.unchicfou.com\/en\/wp-json\/wp\/v2\/product_cat?post=614"},{"taxonomy":"product_tag","embeddable":true,"href":"https:\/\/preprod.unchicfou.com\/en\/wp-json\/wp\/v2\/product_tag?post=614"}],"curies":[{"name":"wp","href":"https:\/\/api.w.org\/{rel}","templated":true}]}}