{"id":591,"date":"2016-10-06T16:13:49","date_gmt":"2016-10-06T14:13:49","guid":{"rendered":"http:\/\/357nkacsig.preview.infomaniak.website\/?product=daniele-medium-earring"},"modified":"2022-04-11T12:32:17","modified_gmt":"2022-04-11T10:32:17","slug":"daniele-medium-earring-gold","status":"publish","type":"product","link":"https:\/\/preprod.unchicfou.com\/en\/produit\/daniele-medium-earring-gold\/","title":{"rendered":"DANIELE Medium"},"content":{"rendered":"<ul>\n<li><strong>Earring sold by the unit. Order two units if you want a pair.<\/strong><\/li>\n<li>Material : brass with 18k gold plating at 5 microns.<\/li>\n<li>Inspiration : declination of our emblematic DANIELE. Inspired by sunflower petals. Her favorite flower!<\/li>\n<li>Details : width 13mm. Push-piece closing.<\/li>\n<li><strong>Swiss Design. Local production in the Great Geneva area.<\/strong><\/li>\n<li>The earring comes in its 100% cotton pouch.<\/li>\n<li>To extend the family <a href=\"https:\/\/preprod.unchicfou.com\/?s=daniele&#038;post_type=product\">DANIELE<\/a>.<\/li>\n<\/ul>\n","protected":false},"excerpt":{"rendered":"<p>Medium gold\u00a0plated earring.<\/p>\n<p>A small sunflower at your ear.<\/p>\n","protected":false},"featured_media":7560,"template":"","meta":{"_acf_changed":false},"product_brand":[],"product_cat":[95],"product_tag":[808,898,375],"class_list":{"0":"post-591","1":"product","2":"type-product","3":"status-publish","4":"has-post-thumbnail","6":"product_cat-earring-by-unit-mixmatch","7":"product_tag-collection-daniele-en","8":"product_tag-favorites-en","9":"product_tag-gold-plated-en","11":"first","12":"instock","13":"purchasable","14":"product-type-simple"},"acf":[],"yoast_head":"<!-- This site is optimized with the Yoast SEO plugin v27.3 - https:\/\/yoast.com\/product\/yoast-seo-wordpress\/ -->\n<title>un chic fou - DANIELE Medium. Medium flower earrings gold-plated.<\/title>\n<meta name=\"description\" content=\"un chic fou - Medium earrings in brass with 18k gold plating. Inspired from sunflowers&#039; petals. By the unit or in pair.\" \/>\n<meta name=\"robots\" content=\"index, follow, max-snippet:-1, max-image-preview:large, max-video-preview:-1\" \/>\n<link rel=\"canonical\" href=\"https:\/\/preprod.unchicfou.com\/en\/produit\/daniele-medium-earring-gold\/\" \/>\n<meta property=\"og:locale\" content=\"en_US\" \/>\n<meta property=\"og:type\" content=\"article\" \/>\n<meta property=\"og:title\" content=\"un chic fou - DANIELE Medium. Medium flower earrings gold-plated.\" \/>\n<meta property=\"og:description\" content=\"un chic fou - Medium earrings in brass with 18k gold plating. Inspired from sunflowers&#039; petals. By the unit or in pair.\" \/>\n<meta property=\"og:url\" content=\"https:\/\/preprod.unchicfou.com\/en\/produit\/daniele-medium-earring-gold\/\" \/>\n<meta property=\"og:site_name\" content=\"un chic fou\" \/>\n<meta property=\"article:modified_time\" content=\"2022-04-11T10:32:17+00:00\" \/>\n<meta property=\"og:image\" content=\"https:\/\/preprod.unchicfou.com\/wp-content\/uploads\/2016\/10\/DANIELE-MEDIUM-OR.jpg\" \/>\n\t<meta property=\"og:image:width\" content=\"2362\" \/>\n\t<meta property=\"og:image:height\" content=\"2362\" \/>\n\t<meta property=\"og:image:type\" content=\"image\/jpeg\" \/>\n<meta name=\"twitter:card\" content=\"summary_large_image\" \/>\n<!-- \/ Yoast SEO plugin. -->","yoast_head_json":{"title":"un chic fou - DANIELE Medium. Medium flower earrings gold-plated.","description":"un chic fou - Medium earrings in brass with 18k gold plating. Inspired from sunflowers' petals. By the unit or in pair.","robots":{"index":"index","follow":"follow","max-snippet":"max-snippet:-1","max-image-preview":"max-image-preview:large","max-video-preview":"max-video-preview:-1"},"canonical":"https:\/\/preprod.unchicfou.com\/en\/produit\/daniele-medium-earring-gold\/","og_locale":"en_US","og_type":"article","og_title":"un chic fou - DANIELE Medium. Medium flower earrings gold-plated.","og_description":"un chic fou - Medium earrings in brass with 18k gold plating. Inspired from sunflowers' petals. By the unit or in pair.","og_url":"https:\/\/preprod.unchicfou.com\/en\/produit\/daniele-medium-earring-gold\/","og_site_name":"un chic fou","article_modified_time":"2022-04-11T10:32:17+00:00","og_image":[{"width":2362,"height":2362,"url":"https:\/\/preprod.unchicfou.com\/wp-content\/uploads\/2016\/10\/DANIELE-MEDIUM-OR.jpg","type":"image\/jpeg"}],"twitter_card":"summary_large_image","schema":{"@context":"https:\/\/schema.org","@graph":[{"@type":"WebPage","@id":"https:\/\/preprod.unchicfou.com\/en\/produit\/daniele-medium-earring-gold\/","url":"https:\/\/preprod.unchicfou.com\/en\/produit\/daniele-medium-earring-gold\/","name":"un chic fou - DANIELE Medium. Medium flower earrings gold-plated.","isPartOf":{"@id":"https:\/\/preprod.unchicfou.com\/en\/#website"},"primaryImageOfPage":{"@id":"https:\/\/preprod.unchicfou.com\/en\/produit\/daniele-medium-earring-gold\/#primaryimage"},"image":{"@id":"https:\/\/preprod.unchicfou.com\/en\/produit\/daniele-medium-earring-gold\/#primaryimage"},"thumbnailUrl":"https:\/\/preprod.unchicfou.com\/wp-content\/uploads\/2016\/10\/DANIELE-MEDIUM-OR.jpg","datePublished":"2016-10-06T14:13:49+00:00","dateModified":"2022-04-11T10:32:17+00:00","description":"un chic fou - Medium earrings in brass with 18k gold plating. Inspired from sunflowers' petals. By the unit or in pair.","breadcrumb":{"@id":"https:\/\/preprod.unchicfou.com\/en\/produit\/daniele-medium-earring-gold\/#breadcrumb"},"inLanguage":"en-US","potentialAction":[{"@type":"ReadAction","target":["https:\/\/preprod.unchicfou.com\/en\/produit\/daniele-medium-earring-gold\/"]}]},{"@type":"ImageObject","inLanguage":"en-US","@id":"https:\/\/preprod.unchicfou.com\/en\/produit\/daniele-medium-earring-gold\/#primaryimage","url":"https:\/\/preprod.unchicfou.com\/wp-content\/uploads\/2016\/10\/DANIELE-MEDIUM-OR.jpg","contentUrl":"https:\/\/preprod.unchicfou.com\/wp-content\/uploads\/2016\/10\/DANIELE-MEDIUM-OR.jpg","width":2362,"height":2362,"caption":"DANIELE MEDIUM OR"},{"@type":"BreadcrumbList","@id":"https:\/\/preprod.unchicfou.com\/en\/produit\/daniele-medium-earring-gold\/#breadcrumb","itemListElement":[{"@type":"ListItem","position":1,"name":"Accueil","item":"https:\/\/preprod.unchicfou.com\/en\/"},{"@type":"ListItem","position":2,"name":"Boutique","item":"https:\/\/preprod.unchicfou.com\/boutique-unchicfou-bijoux-lin\/"},{"@type":"ListItem","position":3,"name":"DANIELE Medium"}]},{"@type":"WebSite","@id":"https:\/\/preprod.unchicfou.com\/en\/#website","url":"https:\/\/preprod.unchicfou.com\/en\/","name":"un chic fou","description":"Bijoux \u00e9l\u00e9gants, raffin\u00e9s et intemporels faits avec le coeur","potentialAction":[{"@type":"SearchAction","target":{"@type":"EntryPoint","urlTemplate":"https:\/\/preprod.unchicfou.com\/en\/?s={search_term_string}"},"query-input":{"@type":"PropertyValueSpecification","valueRequired":true,"valueName":"search_term_string"}}],"inLanguage":"en-US"}]}},"_links":{"self":[{"href":"https:\/\/preprod.unchicfou.com\/en\/wp-json\/wp\/v2\/product\/591","targetHints":{"allow":["GET"]}}],"collection":[{"href":"https:\/\/preprod.unchicfou.com\/en\/wp-json\/wp\/v2\/product"}],"about":[{"href":"https:\/\/preprod.unchicfou.com\/en\/wp-json\/wp\/v2\/types\/product"}],"wp:featuredmedia":[{"embeddable":true,"href":"https:\/\/preprod.unchicfou.com\/en\/wp-json\/wp\/v2\/media\/7560"}],"wp:attachment":[{"href":"https:\/\/preprod.unchicfou.com\/en\/wp-json\/wp\/v2\/media?parent=591"}],"wp:term":[{"taxonomy":"product_brand","embeddable":true,"href":"https:\/\/preprod.unchicfou.com\/en\/wp-json\/wp\/v2\/product_brand?post=591"},{"taxonomy":"product_cat","embeddable":true,"href":"https:\/\/preprod.unchicfou.com\/en\/wp-json\/wp\/v2\/product_cat?post=591"},{"taxonomy":"product_tag","embeddable":true,"href":"https:\/\/preprod.unchicfou.com\/en\/wp-json\/wp\/v2\/product_tag?post=591"}],"curies":[{"name":"wp","href":"https:\/\/api.w.org\/{rel}","templated":true}]}}