{"id":2534,"date":"2020-04-24T10:42:58","date_gmt":"2020-04-24T08:42:58","guid":{"rendered":"http:\/\/357nkacsig.preview.infomaniak.website\/?product=celeste-fleur-earring"},"modified":"2022-11-28T00:04:51","modified_gmt":"2022-11-27T23:04:51","slug":"celeste-flower-earring-silver","status":"publish","type":"product","link":"https:\/\/preprod.unchicfou.com\/en\/produit\/celeste-flower-earring-silver\/","title":{"rendered":"CELESTE Flower"},"content":{"rendered":"<ul>\n<li><b>Earring sold by the unit. Order two units if you want a pair.<\/b><\/li>\n<li>Material : brass with rhodium plating. White zircons set by hand.<\/li>\n<li>Inspiration : delicate flowers made by the hand of our craftsperson.<\/li>\n<li>Details : external diameter 9mm, closing with push-in mechanism.<\/li>\n<li><b>Swiss Design. Local production in the Greater Geneva area.<\/b><\/li>\n<li>The earring comes with its 100% cotton pouch.<span class=\"Apple-converted-space\">\u00a0<\/span><\/li>\n<li>To extend the family\u00a0<a href=\"https:\/\/preprod.unchicfou.com\/?s=celeste&#038;post_type=product\">CELESTE<\/a>.<\/li>\n<\/ul>\n","protected":false},"excerpt":{"rendered":"<p>Silver plated earring with rhodium finish.<\/p>\n<p>Handmade by our craftspeople, they glitter at your ear.<\/p>\n","protected":false},"featured_media":4509,"template":"","meta":{"_acf_changed":false},"product_brand":[],"product_cat":[95],"product_tag":[1933,952,898,472,878],"class_list":{"0":"post-2534","1":"product","2":"type-product","3":"status-publish","4":"has-post-thumbnail","6":"product_cat-earring-by-unit-mixmatch","7":"product_tag-black-friday-en","8":"product_tag-celeste-en","9":"product_tag-favorites-en","10":"product_tag-rhodium-plated-en","11":"product_tag-stones-en","13":"first","14":"instock","15":"purchasable","16":"product-type-simple"},"acf":[],"yoast_head":"<!-- This site is optimized with the Yoast SEO plugin v27.3 - https:\/\/yoast.com\/product\/yoast-seo-wordpress\/ -->\n<title>CELESTE Flower - un chic fou. Earring, rhodium plating and white zircons<\/title>\n<meta name=\"description\" content=\"un chic fou - Brass earring with rhodium plating and white zircons set by hand. Delicate flowers glittering at your ears.\" \/>\n<meta name=\"robots\" content=\"index, follow, max-snippet:-1, max-image-preview:large, max-video-preview:-1\" \/>\n<link rel=\"canonical\" href=\"https:\/\/preprod.unchicfou.com\/en\/produit\/celeste-flower-earring-silver\/\" \/>\n<meta property=\"og:locale\" content=\"en_US\" \/>\n<meta property=\"og:type\" content=\"article\" \/>\n<meta property=\"og:title\" content=\"CELESTE Flower - un chic fou. Earring, rhodium plating and white zircons\" \/>\n<meta property=\"og:description\" content=\"un chic fou - Brass earring with rhodium plating and white zircons set by hand. Delicate flowers glittering at your ears.\" \/>\n<meta property=\"og:url\" content=\"https:\/\/preprod.unchicfou.com\/en\/produit\/celeste-flower-earring-silver\/\" \/>\n<meta property=\"og:site_name\" content=\"un chic fou\" \/>\n<meta property=\"article:modified_time\" content=\"2022-11-27T23:04:51+00:00\" \/>\n<meta property=\"og:image\" content=\"https:\/\/preprod.unchicfou.com\/wp-content\/uploads\/2020\/04\/CELESTE-FLESILWT.jpg\" \/>\n\t<meta property=\"og:image:width\" content=\"1000\" \/>\n\t<meta property=\"og:image:height\" content=\"1000\" \/>\n\t<meta property=\"og:image:type\" content=\"image\/jpeg\" \/>\n<meta name=\"twitter:card\" content=\"summary_large_image\" \/>\n<!-- \/ Yoast SEO plugin. -->","yoast_head_json":{"title":"CELESTE Flower - un chic fou. Earring, rhodium plating and white zircons","description":"un chic fou - Brass earring with rhodium plating and white zircons set by hand. Delicate flowers glittering at your ears.","robots":{"index":"index","follow":"follow","max-snippet":"max-snippet:-1","max-image-preview":"max-image-preview:large","max-video-preview":"max-video-preview:-1"},"canonical":"https:\/\/preprod.unchicfou.com\/en\/produit\/celeste-flower-earring-silver\/","og_locale":"en_US","og_type":"article","og_title":"CELESTE Flower - un chic fou. Earring, rhodium plating and white zircons","og_description":"un chic fou - Brass earring with rhodium plating and white zircons set by hand. Delicate flowers glittering at your ears.","og_url":"https:\/\/preprod.unchicfou.com\/en\/produit\/celeste-flower-earring-silver\/","og_site_name":"un chic fou","article_modified_time":"2022-11-27T23:04:51+00:00","og_image":[{"width":1000,"height":1000,"url":"https:\/\/preprod.unchicfou.com\/wp-content\/uploads\/2020\/04\/CELESTE-FLESILWT.jpg","type":"image\/jpeg"}],"twitter_card":"summary_large_image","schema":{"@context":"https:\/\/schema.org","@graph":[{"@type":"WebPage","@id":"https:\/\/preprod.unchicfou.com\/en\/produit\/celeste-flower-earring-silver\/","url":"https:\/\/preprod.unchicfou.com\/en\/produit\/celeste-flower-earring-silver\/","name":"CELESTE Flower - un chic fou. Earring, rhodium plating and white zircons","isPartOf":{"@id":"https:\/\/preprod.unchicfou.com\/en\/#website"},"primaryImageOfPage":{"@id":"https:\/\/preprod.unchicfou.com\/en\/produit\/celeste-flower-earring-silver\/#primaryimage"},"image":{"@id":"https:\/\/preprod.unchicfou.com\/en\/produit\/celeste-flower-earring-silver\/#primaryimage"},"thumbnailUrl":"https:\/\/preprod.unchicfou.com\/wp-content\/uploads\/2020\/04\/CELESTE-FLESILWT.jpg","datePublished":"2020-04-24T08:42:58+00:00","dateModified":"2022-11-27T23:04:51+00:00","description":"un chic fou - Brass earring with rhodium plating and white zircons set by hand. Delicate flowers glittering at your ears.","breadcrumb":{"@id":"https:\/\/preprod.unchicfou.com\/en\/produit\/celeste-flower-earring-silver\/#breadcrumb"},"inLanguage":"en-US","potentialAction":[{"@type":"ReadAction","target":["https:\/\/preprod.unchicfou.com\/en\/produit\/celeste-flower-earring-silver\/"]}]},{"@type":"ImageObject","inLanguage":"en-US","@id":"https:\/\/preprod.unchicfou.com\/en\/produit\/celeste-flower-earring-silver\/#primaryimage","url":"https:\/\/preprod.unchicfou.com\/wp-content\/uploads\/2020\/04\/CELESTE-FLESILWT.jpg","contentUrl":"https:\/\/preprod.unchicfou.com\/wp-content\/uploads\/2020\/04\/CELESTE-FLESILWT.jpg","width":1000,"height":1000,"caption":"CELESTE FLESILWT"},{"@type":"BreadcrumbList","@id":"https:\/\/preprod.unchicfou.com\/en\/produit\/celeste-flower-earring-silver\/#breadcrumb","itemListElement":[{"@type":"ListItem","position":1,"name":"Accueil","item":"https:\/\/preprod.unchicfou.com\/en\/"},{"@type":"ListItem","position":2,"name":"Boutique","item":"https:\/\/preprod.unchicfou.com\/boutique-unchicfou-bijoux-lin\/"},{"@type":"ListItem","position":3,"name":"CELESTE Flower"}]},{"@type":"WebSite","@id":"https:\/\/preprod.unchicfou.com\/en\/#website","url":"https:\/\/preprod.unchicfou.com\/en\/","name":"un chic fou","description":"Bijoux \u00e9l\u00e9gants, raffin\u00e9s et intemporels faits avec le coeur","potentialAction":[{"@type":"SearchAction","target":{"@type":"EntryPoint","urlTemplate":"https:\/\/preprod.unchicfou.com\/en\/?s={search_term_string}"},"query-input":{"@type":"PropertyValueSpecification","valueRequired":true,"valueName":"search_term_string"}}],"inLanguage":"en-US"}]}},"_links":{"self":[{"href":"https:\/\/preprod.unchicfou.com\/en\/wp-json\/wp\/v2\/product\/2534","targetHints":{"allow":["GET"]}}],"collection":[{"href":"https:\/\/preprod.unchicfou.com\/en\/wp-json\/wp\/v2\/product"}],"about":[{"href":"https:\/\/preprod.unchicfou.com\/en\/wp-json\/wp\/v2\/types\/product"}],"wp:featuredmedia":[{"embeddable":true,"href":"https:\/\/preprod.unchicfou.com\/en\/wp-json\/wp\/v2\/media\/4509"}],"wp:attachment":[{"href":"https:\/\/preprod.unchicfou.com\/en\/wp-json\/wp\/v2\/media?parent=2534"}],"wp:term":[{"taxonomy":"product_brand","embeddable":true,"href":"https:\/\/preprod.unchicfou.com\/en\/wp-json\/wp\/v2\/product_brand?post=2534"},{"taxonomy":"product_cat","embeddable":true,"href":"https:\/\/preprod.unchicfou.com\/en\/wp-json\/wp\/v2\/product_cat?post=2534"},{"taxonomy":"product_tag","embeddable":true,"href":"https:\/\/preprod.unchicfou.com\/en\/wp-json\/wp\/v2\/product_tag?post=2534"}],"curies":[{"name":"wp","href":"https:\/\/api.w.org\/{rel}","templated":true}]}}