{"id":2042,"date":"2019-08-26T16:09:39","date_gmt":"2019-08-26T14:09:39","guid":{"rendered":"http:\/\/357nkacsig.preview.infomaniak.website\/?product=joe-xl-earring"},"modified":"2020-11-08T20:17:53","modified_gmt":"2020-11-08T19:17:53","slug":"joe-xl-earring-gold","status":"publish","type":"product","link":"https:\/\/preprod.unchicfou.com\/en\/produit\/joe-xl-earring-gold\/","title":{"rendered":"JOE XL"},"content":{"rendered":"<ul>\n<li><strong>Earring sold by the unit. Order two units if you want a pair.<\/strong><\/li>\n<li>Material : brass with 18k gold plating at 5 microns.<\/li>\n<li>Inspiration : Simplicity. Urban and chic. Agility.<\/li>\n<li>Details : height 28mm, push-piece closing.<\/li>\n<li><strong>Swiss Design. Local production in the Great Geneva area.<\/strong><\/li>\n<li>The earring comes in its 100% cotton pouch.<\/li>\n<\/ul>\n","protected":false},"excerpt":{"rendered":"<p>Gold plated earring.<\/p>\n<p>Wear it every possible way you want.<\/p>\n","protected":false},"featured_media":15890,"template":"","meta":{"_acf_changed":false},"product_brand":[],"product_cat":[95],"product_tag":[896,375,919],"class_list":{"0":"post-2042","1":"product","2":"type-product","3":"status-publish","4":"has-post-thumbnail","6":"product_cat-earring-by-unit-mixmatch","7":"product_tag-christmas-selection","8":"product_tag-gold-plated-en","9":"product_tag-xl-en","11":"first","12":"instock","13":"purchasable","14":"product-type-simple"},"acf":[],"yoast_head":"<!-- This site is optimized with the Yoast SEO plugin v27.3 - https:\/\/yoast.com\/product\/yoast-seo-wordpress\/ -->\n<title>JOE XL - un chic fou. Simple XL earring. Brass with 18k gold plating.<\/title>\n<meta name=\"description\" content=\"un chic fou - Brass XL earring with 18k gold plating. Charming simplicity. Chic and urban design. Wear it in every way you want.\" \/>\n<meta name=\"robots\" content=\"index, follow, max-snippet:-1, max-image-preview:large, max-video-preview:-1\" \/>\n<link rel=\"canonical\" href=\"https:\/\/preprod.unchicfou.com\/en\/produit\/joe-xl-earring-gold\/\" \/>\n<meta property=\"og:locale\" content=\"en_US\" \/>\n<meta property=\"og:type\" content=\"article\" \/>\n<meta property=\"og:title\" content=\"JOE XL - un chic fou. Simple XL earring. Brass with 18k gold plating.\" \/>\n<meta property=\"og:description\" content=\"un chic fou - Brass XL earring with 18k gold plating. Charming simplicity. Chic and urban design. Wear it in every way you want.\" \/>\n<meta property=\"og:url\" content=\"https:\/\/preprod.unchicfou.com\/en\/produit\/joe-xl-earring-gold\/\" \/>\n<meta property=\"og:site_name\" content=\"un chic fou\" \/>\n<meta property=\"article:modified_time\" content=\"2020-11-08T19:17:53+00:00\" \/>\n<meta property=\"og:image\" content=\"https:\/\/preprod.unchicfou.com\/wp-content\/uploads\/2019\/08\/JOE-XL-OR-zoom-scaled.jpg\" \/>\n\t<meta property=\"og:image:width\" content=\"2560\" \/>\n\t<meta property=\"og:image:height\" content=\"2560\" \/>\n\t<meta property=\"og:image:type\" content=\"image\/jpeg\" \/>\n<meta name=\"twitter:card\" content=\"summary_large_image\" \/>\n<!-- \/ Yoast SEO plugin. -->","yoast_head_json":{"title":"JOE XL - un chic fou. Simple XL earring. Brass with 18k gold plating.","description":"un chic fou - Brass XL earring with 18k gold plating. Charming simplicity. Chic and urban design. Wear it in every way you want.","robots":{"index":"index","follow":"follow","max-snippet":"max-snippet:-1","max-image-preview":"max-image-preview:large","max-video-preview":"max-video-preview:-1"},"canonical":"https:\/\/preprod.unchicfou.com\/en\/produit\/joe-xl-earring-gold\/","og_locale":"en_US","og_type":"article","og_title":"JOE XL - un chic fou. Simple XL earring. Brass with 18k gold plating.","og_description":"un chic fou - Brass XL earring with 18k gold plating. Charming simplicity. Chic and urban design. Wear it in every way you want.","og_url":"https:\/\/preprod.unchicfou.com\/en\/produit\/joe-xl-earring-gold\/","og_site_name":"un chic fou","article_modified_time":"2020-11-08T19:17:53+00:00","og_image":[{"width":2560,"height":2560,"url":"https:\/\/preprod.unchicfou.com\/wp-content\/uploads\/2019\/08\/JOE-XL-OR-zoom-scaled.jpg","type":"image\/jpeg"}],"twitter_card":"summary_large_image","schema":{"@context":"https:\/\/schema.org","@graph":[{"@type":"WebPage","@id":"https:\/\/preprod.unchicfou.com\/en\/produit\/joe-xl-earring-gold\/","url":"https:\/\/preprod.unchicfou.com\/en\/produit\/joe-xl-earring-gold\/","name":"JOE XL - un chic fou. Simple XL earring. Brass with 18k gold plating.","isPartOf":{"@id":"https:\/\/preprod.unchicfou.com\/en\/#website"},"primaryImageOfPage":{"@id":"https:\/\/preprod.unchicfou.com\/en\/produit\/joe-xl-earring-gold\/#primaryimage"},"image":{"@id":"https:\/\/preprod.unchicfou.com\/en\/produit\/joe-xl-earring-gold\/#primaryimage"},"thumbnailUrl":"https:\/\/preprod.unchicfou.com\/wp-content\/uploads\/2019\/08\/JOE-XL-OR-zoom-scaled.jpg","datePublished":"2019-08-26T14:09:39+00:00","dateModified":"2020-11-08T19:17:53+00:00","description":"un chic fou - Brass XL earring with 18k gold plating. Charming simplicity. Chic and urban design. Wear it in every way you want.","breadcrumb":{"@id":"https:\/\/preprod.unchicfou.com\/en\/produit\/joe-xl-earring-gold\/#breadcrumb"},"inLanguage":"en-US","potentialAction":[{"@type":"ReadAction","target":["https:\/\/preprod.unchicfou.com\/en\/produit\/joe-xl-earring-gold\/"]}]},{"@type":"ImageObject","inLanguage":"en-US","@id":"https:\/\/preprod.unchicfou.com\/en\/produit\/joe-xl-earring-gold\/#primaryimage","url":"https:\/\/preprod.unchicfou.com\/wp-content\/uploads\/2019\/08\/JOE-XL-OR-zoom-scaled.jpg","contentUrl":"https:\/\/preprod.unchicfou.com\/wp-content\/uploads\/2019\/08\/JOE-XL-OR-zoom-scaled.jpg","width":2560,"height":2560},{"@type":"BreadcrumbList","@id":"https:\/\/preprod.unchicfou.com\/en\/produit\/joe-xl-earring-gold\/#breadcrumb","itemListElement":[{"@type":"ListItem","position":1,"name":"Accueil","item":"https:\/\/preprod.unchicfou.com\/en\/"},{"@type":"ListItem","position":2,"name":"Boutique","item":"https:\/\/preprod.unchicfou.com\/boutique-unchicfou-bijoux-lin\/"},{"@type":"ListItem","position":3,"name":"JOE XL"}]},{"@type":"WebSite","@id":"https:\/\/preprod.unchicfou.com\/en\/#website","url":"https:\/\/preprod.unchicfou.com\/en\/","name":"un chic fou","description":"Bijoux \u00e9l\u00e9gants, raffin\u00e9s et intemporels faits avec le coeur","potentialAction":[{"@type":"SearchAction","target":{"@type":"EntryPoint","urlTemplate":"https:\/\/preprod.unchicfou.com\/en\/?s={search_term_string}"},"query-input":{"@type":"PropertyValueSpecification","valueRequired":true,"valueName":"search_term_string"}}],"inLanguage":"en-US"}]}},"_links":{"self":[{"href":"https:\/\/preprod.unchicfou.com\/en\/wp-json\/wp\/v2\/product\/2042","targetHints":{"allow":["GET"]}}],"collection":[{"href":"https:\/\/preprod.unchicfou.com\/en\/wp-json\/wp\/v2\/product"}],"about":[{"href":"https:\/\/preprod.unchicfou.com\/en\/wp-json\/wp\/v2\/types\/product"}],"wp:featuredmedia":[{"embeddable":true,"href":"https:\/\/preprod.unchicfou.com\/en\/wp-json\/wp\/v2\/media\/15890"}],"wp:attachment":[{"href":"https:\/\/preprod.unchicfou.com\/en\/wp-json\/wp\/v2\/media?parent=2042"}],"wp:term":[{"taxonomy":"product_brand","embeddable":true,"href":"https:\/\/preprod.unchicfou.com\/en\/wp-json\/wp\/v2\/product_brand?post=2042"},{"taxonomy":"product_cat","embeddable":true,"href":"https:\/\/preprod.unchicfou.com\/en\/wp-json\/wp\/v2\/product_cat?post=2042"},{"taxonomy":"product_tag","embeddable":true,"href":"https:\/\/preprod.unchicfou.com\/en\/wp-json\/wp\/v2\/product_tag?post=2042"}],"curies":[{"name":"wp","href":"https:\/\/api.w.org\/{rel}","templated":true}]}}