{"id":20400,"date":"2022-12-12T13:32:18","date_gmt":"2022-12-12T12:32:18","guid":{"rendered":"https:\/\/preprod.unchicfou.com\/?post_type=product&#038;p=20400"},"modified":"2022-12-14T15:40:12","modified_gmt":"2022-12-14T14:40:12","slug":"cosmetic-pouch-linen-green-2","status":"publish","type":"product","link":"https:\/\/preprod.unchicfou.com\/en\/produit\/cosmetic-pouch-linen-green-2\/","title":{"rendered":"Cosmetic Pouch &#8211; Forest\/natural"},"content":{"rendered":"<ul>\n<li><b>Cosmetic pouch, 100% bio and eco-responsible linen<\/b><\/li>\n<li>Origin : France, world&#8217;s best linen producing country.<\/li>\n<li>Details : Cut and woven by hand. Second zipped-pocket inside.<\/li>\n<li>Colour : Forest green and Natural, two threads woven for a unique heather design.<\/li>\n<li>Dimensions : 26x20cm<\/li>\n<li>Density : 185g\/m2<\/li>\n<li>2 colours available<\/li>\n<\/ul>\n","protected":false},"excerpt":{"rendered":"<p>A 100% linen cosmetic pouch. Soft, strong and elegant with a sturdy zip and a second zipped-pocket inside.<\/p>\n<p>The authentic &#8220;earth&#8221; colours will bring an intense and chic touch.<\/p>\n","protected":false},"featured_media":20384,"template":"","meta":{"_acf_changed":false},"product_brand":[],"product_cat":[2189,2465,2128,2190,2188],"product_tag":[896,1112],"class_list":{"0":"post-20400","1":"product","2":"type-product","3":"status-publish","4":"has-post-thumbnail","6":"product_cat-limited-edition","7":"product_cat-cosmetic-pouch","8":"product_cat-home-linen","9":"product_cat-chalet-mountain","10":"product_cat-living-room","11":"product_tag-christmas-selection","12":"product_tag-new-novelties","14":"first","15":"instock","16":"featured","17":"purchasable","18":"product-type-simple"},"acf":[],"yoast_head":"<!-- This site is optimized with the Yoast SEO plugin v27.3 - https:\/\/yoast.com\/product\/yoast-seo-wordpress\/ -->\n<title>Cosmetic Pouch - Forest\/natural - 100% bio and responsible linen.<\/title>\n<meta name=\"description\" content=\"un chic fou - An elegant, soft and strong hand-woven linen cosmetic pouch to illuminate your style with un chic fou. Hidden zipped-pocket inside.\" \/>\n<meta name=\"robots\" content=\"index, follow, max-snippet:-1, max-image-preview:large, max-video-preview:-1\" \/>\n<link rel=\"canonical\" href=\"https:\/\/preprod.unchicfou.com\/en\/produit\/cosmetic-pouch-linen-green-2\/\" \/>\n<meta property=\"og:locale\" content=\"en_US\" \/>\n<meta property=\"og:type\" content=\"article\" \/>\n<meta property=\"og:title\" content=\"Cosmetic Pouch - Forest\/natural - 100% bio and responsible linen.\" \/>\n<meta property=\"og:description\" content=\"un chic fou - An elegant, soft and strong hand-woven linen cosmetic pouch to illuminate your style with un chic fou. Hidden zipped-pocket inside.\" \/>\n<meta property=\"og:url\" content=\"https:\/\/preprod.unchicfou.com\/en\/produit\/cosmetic-pouch-linen-green-2\/\" \/>\n<meta property=\"og:site_name\" content=\"un chic fou\" \/>\n<meta property=\"article:modified_time\" content=\"2022-12-14T14:40:12+00:00\" \/>\n<meta property=\"og:image\" content=\"https:\/\/preprod.unchicfou.com\/wp-content\/uploads\/2022\/12\/COSMETIC_BAG_FORET_CHINE-800x800.jpg\" \/>\n\t<meta property=\"og:image:width\" content=\"800\" \/>\n\t<meta property=\"og:image:height\" content=\"800\" \/>\n\t<meta property=\"og:image:type\" content=\"image\/jpeg\" \/>\n<meta name=\"twitter:card\" content=\"summary_large_image\" \/>\n<meta name=\"twitter:label1\" content=\"Est. reading time\" \/>\n\t<meta name=\"twitter:data1\" content=\"1 minute\" \/>\n<!-- \/ Yoast SEO plugin. -->","yoast_head_json":{"title":"Cosmetic Pouch - Forest\/natural - 100% bio and responsible linen.","description":"un chic fou - An elegant, soft and strong hand-woven linen cosmetic pouch to illuminate your style with un chic fou. Hidden zipped-pocket inside.","robots":{"index":"index","follow":"follow","max-snippet":"max-snippet:-1","max-image-preview":"max-image-preview:large","max-video-preview":"max-video-preview:-1"},"canonical":"https:\/\/preprod.unchicfou.com\/en\/produit\/cosmetic-pouch-linen-green-2\/","og_locale":"en_US","og_type":"article","og_title":"Cosmetic Pouch - Forest\/natural - 100% bio and responsible linen.","og_description":"un chic fou - An elegant, soft and strong hand-woven linen cosmetic pouch to illuminate your style with un chic fou. Hidden zipped-pocket inside.","og_url":"https:\/\/preprod.unchicfou.com\/en\/produit\/cosmetic-pouch-linen-green-2\/","og_site_name":"un chic fou","article_modified_time":"2022-12-14T14:40:12+00:00","og_image":[{"width":800,"height":800,"url":"https:\/\/preprod.unchicfou.com\/wp-content\/uploads\/2022\/12\/COSMETIC_BAG_FORET_CHINE-800x800.jpg","type":"image\/jpeg"}],"twitter_card":"summary_large_image","twitter_misc":{"Est. reading time":"1 minute"},"schema":{"@context":"https:\/\/schema.org","@graph":[{"@type":"WebPage","@id":"https:\/\/preprod.unchicfou.com\/en\/produit\/cosmetic-pouch-linen-green-2\/","url":"https:\/\/preprod.unchicfou.com\/en\/produit\/cosmetic-pouch-linen-green-2\/","name":"Cosmetic Pouch - Forest\/natural - 100% bio and responsible linen.","isPartOf":{"@id":"https:\/\/preprod.unchicfou.com\/en\/#website"},"primaryImageOfPage":{"@id":"https:\/\/preprod.unchicfou.com\/en\/produit\/cosmetic-pouch-linen-green-2\/#primaryimage"},"image":{"@id":"https:\/\/preprod.unchicfou.com\/en\/produit\/cosmetic-pouch-linen-green-2\/#primaryimage"},"thumbnailUrl":"https:\/\/preprod.unchicfou.com\/wp-content\/uploads\/2022\/12\/COSMETIC_BAG_FORET_CHINE.jpg","datePublished":"2022-12-12T12:32:18+00:00","dateModified":"2022-12-14T14:40:12+00:00","description":"un chic fou - An elegant, soft and strong hand-woven linen cosmetic pouch to illuminate your style with un chic fou. Hidden zipped-pocket inside.","breadcrumb":{"@id":"https:\/\/preprod.unchicfou.com\/en\/produit\/cosmetic-pouch-linen-green-2\/#breadcrumb"},"inLanguage":"en-US","potentialAction":[{"@type":"ReadAction","target":["https:\/\/preprod.unchicfou.com\/en\/produit\/cosmetic-pouch-linen-green-2\/"]}]},{"@type":"ImageObject","inLanguage":"en-US","@id":"https:\/\/preprod.unchicfou.com\/en\/produit\/cosmetic-pouch-linen-green-2\/#primaryimage","url":"https:\/\/preprod.unchicfou.com\/wp-content\/uploads\/2022\/12\/COSMETIC_BAG_FORET_CHINE.jpg","contentUrl":"https:\/\/preprod.unchicfou.com\/wp-content\/uploads\/2022\/12\/COSMETIC_BAG_FORET_CHINE.jpg","width":2362,"height":2362,"caption":"HyperFocal: 0"},{"@type":"BreadcrumbList","@id":"https:\/\/preprod.unchicfou.com\/en\/produit\/cosmetic-pouch-linen-green-2\/#breadcrumb","itemListElement":[{"@type":"ListItem","position":1,"name":"Accueil","item":"https:\/\/preprod.unchicfou.com\/en\/"},{"@type":"ListItem","position":2,"name":"Boutique","item":"https:\/\/preprod.unchicfou.com\/boutique-unchicfou-bijoux-lin\/"},{"@type":"ListItem","position":3,"name":"Cosmetic Pouch &#8211; Forest\/natural"}]},{"@type":"WebSite","@id":"https:\/\/preprod.unchicfou.com\/en\/#website","url":"https:\/\/preprod.unchicfou.com\/en\/","name":"un chic fou","description":"Bijoux \u00e9l\u00e9gants, raffin\u00e9s et intemporels faits avec le coeur","potentialAction":[{"@type":"SearchAction","target":{"@type":"EntryPoint","urlTemplate":"https:\/\/preprod.unchicfou.com\/en\/?s={search_term_string}"},"query-input":{"@type":"PropertyValueSpecification","valueRequired":true,"valueName":"search_term_string"}}],"inLanguage":"en-US"}]}},"_links":{"self":[{"href":"https:\/\/preprod.unchicfou.com\/en\/wp-json\/wp\/v2\/product\/20400","targetHints":{"allow":["GET"]}}],"collection":[{"href":"https:\/\/preprod.unchicfou.com\/en\/wp-json\/wp\/v2\/product"}],"about":[{"href":"https:\/\/preprod.unchicfou.com\/en\/wp-json\/wp\/v2\/types\/product"}],"wp:featuredmedia":[{"embeddable":true,"href":"https:\/\/preprod.unchicfou.com\/en\/wp-json\/wp\/v2\/media\/20384"}],"wp:attachment":[{"href":"https:\/\/preprod.unchicfou.com\/en\/wp-json\/wp\/v2\/media?parent=20400"}],"wp:term":[{"taxonomy":"product_brand","embeddable":true,"href":"https:\/\/preprod.unchicfou.com\/en\/wp-json\/wp\/v2\/product_brand?post=20400"},{"taxonomy":"product_cat","embeddable":true,"href":"https:\/\/preprod.unchicfou.com\/en\/wp-json\/wp\/v2\/product_cat?post=20400"},{"taxonomy":"product_tag","embeddable":true,"href":"https:\/\/preprod.unchicfou.com\/en\/wp-json\/wp\/v2\/product_tag?post=20400"}],"curies":[{"name":"wp","href":"https:\/\/api.w.org\/{rel}","templated":true}]}}