{"id":20364,"date":"2022-12-10T14:07:42","date_gmt":"2022-12-10T13:07:42","guid":{"rendered":"https:\/\/preprod.unchicfou.com\/?post_type=product&#038;p=20364"},"modified":"2022-12-14T15:40:16","modified_gmt":"2022-12-14T14:40:16","slug":"tea-towel-natural-ochre-squares","status":"publish","type":"product","link":"https:\/\/preprod.unchicfou.com\/en\/produit\/tea-towel-natural-ochre-squares\/","title":{"rendered":"Tea Towel &#8211; Natural\/Ochre small squares"},"content":{"rendered":"<ul>\n<li><b>Tea Towel, 100% bio and eco-responsible linen<\/b><\/li>\n<li>Origin : France, world&#8217;s best linen producing country.<\/li>\n<li>Details : Cut and woven by hand. Hook loop in the middle.<\/li>\n<li>Colour : Natural and Ochre with small squares. Original and elegant heather design.<\/li>\n<li>Dimensions : 53x70cm<\/li>\n<li>Density : 185g\/m2<\/li>\n<\/ul>\n","protected":false},"excerpt":{"rendered":"<p>A 100% linen tea towel. Soft, strong and elegant with a unique hook loop in the middle.<\/p>\n<p>The authentic Natural and Ochre colours with small squares will bring a unique and chic heather design to elegantly dress your kitchen with un chic fou.<\/p>\n","protected":false},"featured_media":20325,"template":"","meta":{"_acf_changed":false},"product_brand":[],"product_cat":[2187,2189,2128,2190,2462],"product_tag":[896,1112],"class_list":{"0":"post-20364","1":"product","2":"type-product","3":"status-publish","4":"has-post-thumbnail","6":"product_cat-table","7":"product_cat-limited-edition","8":"product_cat-home-linen","9":"product_cat-chalet-mountain","10":"product_cat-tea-towel","11":"product_tag-christmas-selection","12":"product_tag-new-novelties","14":"first","15":"instock","16":"featured","17":"purchasable","18":"product-type-simple"},"acf":[],"yoast_head":"<!-- This site is optimized with the Yoast SEO plugin v27.3 - https:\/\/yoast.com\/product\/yoast-seo-wordpress\/ -->\n<title>Tea Towel - Natural\/Ochre small squares - 100% bio and responsible linen.<\/title>\n<meta name=\"description\" content=\"un chic fou - An elegant, soft and strong hand-woven linen tea towel to dress up your kitchen with un chic fou. Unique heather design.\" \/>\n<meta name=\"robots\" content=\"index, follow, max-snippet:-1, max-image-preview:large, max-video-preview:-1\" \/>\n<link rel=\"canonical\" href=\"https:\/\/preprod.unchicfou.com\/en\/produit\/tea-towel-natural-ochre-squares\/\" \/>\n<meta property=\"og:locale\" content=\"en_US\" \/>\n<meta property=\"og:type\" content=\"article\" \/>\n<meta property=\"og:title\" content=\"Tea Towel - Natural\/Ochre small squares - 100% bio and responsible linen.\" \/>\n<meta property=\"og:description\" content=\"un chic fou - An elegant, soft and strong hand-woven linen tea towel to dress up your kitchen with un chic fou. Unique heather design.\" \/>\n<meta property=\"og:url\" content=\"https:\/\/preprod.unchicfou.com\/en\/produit\/tea-towel-natural-ochre-squares\/\" \/>\n<meta property=\"og:site_name\" content=\"un chic fou\" \/>\n<meta property=\"article:modified_time\" content=\"2022-12-14T14:40:16+00:00\" \/>\n<meta property=\"og:image\" content=\"https:\/\/preprod.unchicfou.com\/wp-content\/uploads\/2022\/09\/TORCHON_FICELLE_OCRE.jpg\" \/>\n\t<meta property=\"og:image:width\" content=\"2362\" \/>\n\t<meta property=\"og:image:height\" content=\"2362\" \/>\n\t<meta property=\"og:image:type\" content=\"image\/jpeg\" \/>\n<meta name=\"twitter:card\" content=\"summary_large_image\" \/>\n<meta name=\"twitter:label1\" content=\"Est. reading time\" \/>\n\t<meta name=\"twitter:data1\" content=\"1 minute\" \/>\n<!-- \/ Yoast SEO plugin. -->","yoast_head_json":{"title":"Tea Towel - Natural\/Ochre small squares - 100% bio and responsible linen.","description":"un chic fou - An elegant, soft and strong hand-woven linen tea towel to dress up your kitchen with un chic fou. Unique heather design.","robots":{"index":"index","follow":"follow","max-snippet":"max-snippet:-1","max-image-preview":"max-image-preview:large","max-video-preview":"max-video-preview:-1"},"canonical":"https:\/\/preprod.unchicfou.com\/en\/produit\/tea-towel-natural-ochre-squares\/","og_locale":"en_US","og_type":"article","og_title":"Tea Towel - Natural\/Ochre small squares - 100% bio and responsible linen.","og_description":"un chic fou - An elegant, soft and strong hand-woven linen tea towel to dress up your kitchen with un chic fou. Unique heather design.","og_url":"https:\/\/preprod.unchicfou.com\/en\/produit\/tea-towel-natural-ochre-squares\/","og_site_name":"un chic fou","article_modified_time":"2022-12-14T14:40:16+00:00","og_image":[{"width":2362,"height":2362,"url":"https:\/\/preprod.unchicfou.com\/wp-content\/uploads\/2022\/09\/TORCHON_FICELLE_OCRE.jpg","type":"image\/jpeg"}],"twitter_card":"summary_large_image","twitter_misc":{"Est. reading time":"1 minute"},"schema":{"@context":"https:\/\/schema.org","@graph":[{"@type":"WebPage","@id":"https:\/\/preprod.unchicfou.com\/en\/produit\/tea-towel-natural-ochre-squares\/","url":"https:\/\/preprod.unchicfou.com\/en\/produit\/tea-towel-natural-ochre-squares\/","name":"Tea Towel - Natural\/Ochre small squares - 100% bio and responsible linen.","isPartOf":{"@id":"https:\/\/preprod.unchicfou.com\/en\/#website"},"primaryImageOfPage":{"@id":"https:\/\/preprod.unchicfou.com\/en\/produit\/tea-towel-natural-ochre-squares\/#primaryimage"},"image":{"@id":"https:\/\/preprod.unchicfou.com\/en\/produit\/tea-towel-natural-ochre-squares\/#primaryimage"},"thumbnailUrl":"https:\/\/preprod.unchicfou.com\/wp-content\/uploads\/2022\/09\/TORCHON_FICELLE_OCRE.jpg","datePublished":"2022-12-10T13:07:42+00:00","dateModified":"2022-12-14T14:40:16+00:00","description":"un chic fou - An elegant, soft and strong hand-woven linen tea towel to dress up your kitchen with un chic fou. Unique heather design.","breadcrumb":{"@id":"https:\/\/preprod.unchicfou.com\/en\/produit\/tea-towel-natural-ochre-squares\/#breadcrumb"},"inLanguage":"en-US","potentialAction":[{"@type":"ReadAction","target":["https:\/\/preprod.unchicfou.com\/en\/produit\/tea-towel-natural-ochre-squares\/"]}]},{"@type":"ImageObject","inLanguage":"en-US","@id":"https:\/\/preprod.unchicfou.com\/en\/produit\/tea-towel-natural-ochre-squares\/#primaryimage","url":"https:\/\/preprod.unchicfou.com\/wp-content\/uploads\/2022\/09\/TORCHON_FICELLE_OCRE.jpg","contentUrl":"https:\/\/preprod.unchicfou.com\/wp-content\/uploads\/2022\/09\/TORCHON_FICELLE_OCRE.jpg","width":2362,"height":2362,"caption":"HyperFocal: 0"},{"@type":"BreadcrumbList","@id":"https:\/\/preprod.unchicfou.com\/en\/produit\/tea-towel-natural-ochre-squares\/#breadcrumb","itemListElement":[{"@type":"ListItem","position":1,"name":"Accueil","item":"https:\/\/preprod.unchicfou.com\/en\/"},{"@type":"ListItem","position":2,"name":"Boutique","item":"https:\/\/preprod.unchicfou.com\/boutique-unchicfou-bijoux-lin\/"},{"@type":"ListItem","position":3,"name":"Tea Towel &#8211; Natural\/Ochre small squares"}]},{"@type":"WebSite","@id":"https:\/\/preprod.unchicfou.com\/en\/#website","url":"https:\/\/preprod.unchicfou.com\/en\/","name":"un chic fou","description":"Bijoux \u00e9l\u00e9gants, raffin\u00e9s et intemporels faits avec le coeur","potentialAction":[{"@type":"SearchAction","target":{"@type":"EntryPoint","urlTemplate":"https:\/\/preprod.unchicfou.com\/en\/?s={search_term_string}"},"query-input":{"@type":"PropertyValueSpecification","valueRequired":true,"valueName":"search_term_string"}}],"inLanguage":"en-US"}]}},"_links":{"self":[{"href":"https:\/\/preprod.unchicfou.com\/en\/wp-json\/wp\/v2\/product\/20364","targetHints":{"allow":["GET"]}}],"collection":[{"href":"https:\/\/preprod.unchicfou.com\/en\/wp-json\/wp\/v2\/product"}],"about":[{"href":"https:\/\/preprod.unchicfou.com\/en\/wp-json\/wp\/v2\/types\/product"}],"wp:featuredmedia":[{"embeddable":true,"href":"https:\/\/preprod.unchicfou.com\/en\/wp-json\/wp\/v2\/media\/20325"}],"wp:attachment":[{"href":"https:\/\/preprod.unchicfou.com\/en\/wp-json\/wp\/v2\/media?parent=20364"}],"wp:term":[{"taxonomy":"product_brand","embeddable":true,"href":"https:\/\/preprod.unchicfou.com\/en\/wp-json\/wp\/v2\/product_brand?post=20364"},{"taxonomy":"product_cat","embeddable":true,"href":"https:\/\/preprod.unchicfou.com\/en\/wp-json\/wp\/v2\/product_cat?post=20364"},{"taxonomy":"product_tag","embeddable":true,"href":"https:\/\/preprod.unchicfou.com\/en\/wp-json\/wp\/v2\/product_tag?post=20364"}],"curies":[{"name":"wp","href":"https:\/\/api.w.org\/{rel}","templated":true}]}}