{"id":2031,"date":"2019-08-26T16:00:51","date_gmt":"2019-08-26T14:00:51","guid":{"rendered":"http:\/\/357nkacsig.preview.infomaniak.website\/?product=joe-xl-earring"},"modified":"2023-01-23T00:00:25","modified_gmt":"2023-01-22T23:00:25","slug":"joe-xl-earring-silver","status":"publish","type":"product","link":"https:\/\/preprod.unchicfou.com\/en\/produit\/joe-xl-earring-silver\/","title":{"rendered":"JOE XL"},"content":{"rendered":"<ul>\n<li><strong>Earring sold by the unit. Order two units if you want a pair.<\/strong><\/li>\n<li>Material : solid 925\/1000 silver with rhodium finish.<\/li>\n<li>Inspiration : Simplicity. Urban and chic. Agility.<\/li>\n<li>Details : height 28mm, push-piece closing.<\/li>\n<li><strong>Swiss Design. Local production in the Great Geneva area.<\/strong><\/li>\n<li>The earring comes in its 100% cotton pouch.<\/li>\n<\/ul>\n","protected":false},"excerpt":{"rendered":"<p>Solid silver earring.<\/p>\n<p>Wear it every possible way you want.<\/p>\n","protected":false},"featured_media":15888,"template":"","meta":{"_acf_changed":false},"product_brand":[],"product_cat":[95,1374],"product_tag":[896,1933,898,803,472,440],"class_list":{"0":"post-2031","1":"product","2":"type-product","3":"status-publish","4":"has-post-thumbnail","6":"product_cat-earring-by-unit-mixmatch","7":"product_cat-sales","8":"product_tag-christmas-selection","9":"product_tag-black-friday-en","10":"product_tag-favorites-en","11":"product_tag-les-dernieres-chances-en","12":"product_tag-rhodium-plated-en","13":"product_tag-silver-en","15":"first","16":"instock","17":"purchasable","18":"product-type-simple"},"acf":[],"yoast_head":"<!-- This site is optimized with the Yoast SEO plugin v27.3 - https:\/\/yoast.com\/product\/yoast-seo-wordpress\/ -->\n<title>JOE XL - un chic fou. Simple XL earring, solid silver with rhodium plating.<\/title>\n<meta name=\"description\" content=\"un chic fou - Solid 925\/1000 silver earring with rhodium plating. Charming simplicity. Chic and urban design. Wear it in every way you want.\" \/>\n<meta name=\"robots\" content=\"index, follow, max-snippet:-1, max-image-preview:large, max-video-preview:-1\" \/>\n<link rel=\"canonical\" href=\"https:\/\/preprod.unchicfou.com\/en\/produit\/joe-xl-earring-silver\/\" \/>\n<meta property=\"og:locale\" content=\"en_US\" \/>\n<meta property=\"og:type\" content=\"article\" \/>\n<meta property=\"og:title\" content=\"JOE XL - un chic fou. Simple XL earring, solid silver with rhodium plating.\" \/>\n<meta property=\"og:description\" content=\"un chic fou - Solid 925\/1000 silver earring with rhodium plating. Charming simplicity. Chic and urban design. Wear it in every way you want.\" \/>\n<meta property=\"og:url\" content=\"https:\/\/preprod.unchicfou.com\/en\/produit\/joe-xl-earring-silver\/\" \/>\n<meta property=\"og:site_name\" content=\"un chic fou\" \/>\n<meta property=\"article:modified_time\" content=\"2023-01-22T23:00:25+00:00\" \/>\n<meta property=\"og:image\" content=\"https:\/\/preprod.unchicfou.com\/wp-content\/uploads\/2019\/08\/JOE-XL-AG-zoom-scaled.jpg\" \/>\n\t<meta property=\"og:image:width\" content=\"2560\" \/>\n\t<meta property=\"og:image:height\" content=\"2560\" \/>\n\t<meta property=\"og:image:type\" content=\"image\/jpeg\" \/>\n<meta name=\"twitter:card\" content=\"summary_large_image\" \/>\n<!-- \/ Yoast SEO plugin. -->","yoast_head_json":{"title":"JOE XL - un chic fou. Simple XL earring, solid silver with rhodium plating.","description":"un chic fou - Solid 925\/1000 silver earring with rhodium plating. Charming simplicity. Chic and urban design. Wear it in every way you want.","robots":{"index":"index","follow":"follow","max-snippet":"max-snippet:-1","max-image-preview":"max-image-preview:large","max-video-preview":"max-video-preview:-1"},"canonical":"https:\/\/preprod.unchicfou.com\/en\/produit\/joe-xl-earring-silver\/","og_locale":"en_US","og_type":"article","og_title":"JOE XL - un chic fou. Simple XL earring, solid silver with rhodium plating.","og_description":"un chic fou - Solid 925\/1000 silver earring with rhodium plating. Charming simplicity. Chic and urban design. Wear it in every way you want.","og_url":"https:\/\/preprod.unchicfou.com\/en\/produit\/joe-xl-earring-silver\/","og_site_name":"un chic fou","article_modified_time":"2023-01-22T23:00:25+00:00","og_image":[{"width":2560,"height":2560,"url":"https:\/\/preprod.unchicfou.com\/wp-content\/uploads\/2019\/08\/JOE-XL-AG-zoom-scaled.jpg","type":"image\/jpeg"}],"twitter_card":"summary_large_image","schema":{"@context":"https:\/\/schema.org","@graph":[{"@type":"WebPage","@id":"https:\/\/preprod.unchicfou.com\/en\/produit\/joe-xl-earring-silver\/","url":"https:\/\/preprod.unchicfou.com\/en\/produit\/joe-xl-earring-silver\/","name":"JOE XL - un chic fou. Simple XL earring, solid silver with rhodium plating.","isPartOf":{"@id":"https:\/\/preprod.unchicfou.com\/en\/#website"},"primaryImageOfPage":{"@id":"https:\/\/preprod.unchicfou.com\/en\/produit\/joe-xl-earring-silver\/#primaryimage"},"image":{"@id":"https:\/\/preprod.unchicfou.com\/en\/produit\/joe-xl-earring-silver\/#primaryimage"},"thumbnailUrl":"https:\/\/preprod.unchicfou.com\/wp-content\/uploads\/2019\/08\/JOE-XL-AG-zoom-scaled.jpg","datePublished":"2019-08-26T14:00:51+00:00","dateModified":"2023-01-22T23:00:25+00:00","description":"un chic fou - Solid 925\/1000 silver earring with rhodium plating. Charming simplicity. Chic and urban design. Wear it in every way you want.","breadcrumb":{"@id":"https:\/\/preprod.unchicfou.com\/en\/produit\/joe-xl-earring-silver\/#breadcrumb"},"inLanguage":"en-US","potentialAction":[{"@type":"ReadAction","target":["https:\/\/preprod.unchicfou.com\/en\/produit\/joe-xl-earring-silver\/"]}]},{"@type":"ImageObject","inLanguage":"en-US","@id":"https:\/\/preprod.unchicfou.com\/en\/produit\/joe-xl-earring-silver\/#primaryimage","url":"https:\/\/preprod.unchicfou.com\/wp-content\/uploads\/2019\/08\/JOE-XL-AG-zoom-scaled.jpg","contentUrl":"https:\/\/preprod.unchicfou.com\/wp-content\/uploads\/2019\/08\/JOE-XL-AG-zoom-scaled.jpg","width":2560,"height":2560},{"@type":"BreadcrumbList","@id":"https:\/\/preprod.unchicfou.com\/en\/produit\/joe-xl-earring-silver\/#breadcrumb","itemListElement":[{"@type":"ListItem","position":1,"name":"Accueil","item":"https:\/\/preprod.unchicfou.com\/en\/"},{"@type":"ListItem","position":2,"name":"Boutique","item":"https:\/\/preprod.unchicfou.com\/boutique-unchicfou-bijoux-lin\/"},{"@type":"ListItem","position":3,"name":"JOE XL"}]},{"@type":"WebSite","@id":"https:\/\/preprod.unchicfou.com\/en\/#website","url":"https:\/\/preprod.unchicfou.com\/en\/","name":"un chic fou","description":"Bijoux \u00e9l\u00e9gants, raffin\u00e9s et intemporels faits avec le coeur","potentialAction":[{"@type":"SearchAction","target":{"@type":"EntryPoint","urlTemplate":"https:\/\/preprod.unchicfou.com\/en\/?s={search_term_string}"},"query-input":{"@type":"PropertyValueSpecification","valueRequired":true,"valueName":"search_term_string"}}],"inLanguage":"en-US"}]}},"_links":{"self":[{"href":"https:\/\/preprod.unchicfou.com\/en\/wp-json\/wp\/v2\/product\/2031","targetHints":{"allow":["GET"]}}],"collection":[{"href":"https:\/\/preprod.unchicfou.com\/en\/wp-json\/wp\/v2\/product"}],"about":[{"href":"https:\/\/preprod.unchicfou.com\/en\/wp-json\/wp\/v2\/types\/product"}],"wp:featuredmedia":[{"embeddable":true,"href":"https:\/\/preprod.unchicfou.com\/en\/wp-json\/wp\/v2\/media\/15888"}],"wp:attachment":[{"href":"https:\/\/preprod.unchicfou.com\/en\/wp-json\/wp\/v2\/media?parent=2031"}],"wp:term":[{"taxonomy":"product_brand","embeddable":true,"href":"https:\/\/preprod.unchicfou.com\/en\/wp-json\/wp\/v2\/product_brand?post=2031"},{"taxonomy":"product_cat","embeddable":true,"href":"https:\/\/preprod.unchicfou.com\/en\/wp-json\/wp\/v2\/product_cat?post=2031"},{"taxonomy":"product_tag","embeddable":true,"href":"https:\/\/preprod.unchicfou.com\/en\/wp-json\/wp\/v2\/product_tag?post=2031"}],"curies":[{"name":"wp","href":"https:\/\/api.w.org\/{rel}","templated":true}]}}