{"id":19717,"date":"2022-12-02T17:12:54","date_gmt":"2022-12-02T16:12:54","guid":{"rendered":"https:\/\/preprod.unchicfou.com\/?post_type=product&#038;p=19717"},"modified":"2022-12-14T15:41:10","modified_gmt":"2022-12-14T14:41:10","slug":"tote-bag-ocher-orange","status":"publish","type":"product","link":"https:\/\/preprod.unchicfou.com\/en\/produit\/tote-bag-ocher-orange\/","title":{"rendered":"Tote Bag &#8211; Ocher"},"content":{"rendered":"<ul>\n<li><b>Tote Bag 100% bio and eco-responsible linen<\/b><\/li>\n<li>Origin : France, world&#8217;s best linen producing country.<\/li>\n<li>Details : Cut and woven by hand.<\/li>\n<li>Colour : Ocher, luminous brick orange colour.<\/li>\n<li>Dimensions : 35x40cm<\/li>\n<li>Density : 270g\/m2<\/li>\n<li>Many colours available<\/li>\n<\/ul>\n","protected":false},"excerpt":{"rendered":"<p>A 100% linen tote bag. Soft, elegant and entirely woven by hand.<\/p>\n<p>The luminous Ocher colour will bring an original, vibrant and chic touch to elegantly dress your shoulder with un chic fou.<\/p>\n","protected":false},"featured_media":19698,"template":"","meta":{"_acf_changed":false},"product_brand":[],"product_cat":[2128,2188,2463],"product_tag":[896,1112],"class_list":{"0":"post-19717","1":"product","2":"type-product","3":"status-publish","4":"has-post-thumbnail","6":"product_cat-home-linen","7":"product_cat-living-room","8":"product_cat-tote-bag-en","9":"product_tag-christmas-selection","10":"product_tag-new-novelties","12":"first","13":"instock","14":"featured","15":"purchasable","16":"product-type-simple"},"acf":[],"yoast_head":"<!-- This site is optimized with the Yoast SEO plugin v27.3 - https:\/\/yoast.com\/product\/yoast-seo-wordpress\/ -->\n<title>Tote Bag - Ocher - 100% bio and responsible linen.<\/title>\n<meta name=\"description\" content=\"un chic fou - An elegant, soft, hand-woven linen tote bag to dress up your shoulder with un chic fou. Personalized embroideries available at our boutique.\" \/>\n<meta name=\"robots\" content=\"index, follow, max-snippet:-1, max-image-preview:large, max-video-preview:-1\" \/>\n<link rel=\"canonical\" href=\"https:\/\/preprod.unchicfou.com\/en\/produit\/tote-bag-ocher-orange\/\" \/>\n<meta property=\"og:locale\" content=\"en_US\" \/>\n<meta property=\"og:type\" content=\"article\" \/>\n<meta property=\"og:title\" content=\"Tote Bag - Ocher - 100% bio and responsible linen.\" \/>\n<meta property=\"og:description\" content=\"un chic fou - An elegant, soft, hand-woven linen tote bag to dress up your shoulder with un chic fou. Personalized embroideries available at our boutique.\" \/>\n<meta property=\"og:url\" content=\"https:\/\/preprod.unchicfou.com\/en\/produit\/tote-bag-ocher-orange\/\" \/>\n<meta property=\"og:site_name\" content=\"un chic fou\" \/>\n<meta property=\"article:modified_time\" content=\"2022-12-14T14:41:10+00:00\" \/>\n<meta property=\"og:image\" content=\"https:\/\/preprod.unchicfou.com\/wp-content\/uploads\/2022\/09\/SAC_OCRE.jpg\" \/>\n\t<meta property=\"og:image:width\" content=\"2362\" \/>\n\t<meta property=\"og:image:height\" content=\"2362\" \/>\n\t<meta property=\"og:image:type\" content=\"image\/jpeg\" \/>\n<meta name=\"twitter:card\" content=\"summary_large_image\" \/>\n<meta name=\"twitter:label1\" content=\"Est. reading time\" \/>\n\t<meta name=\"twitter:data1\" content=\"1 minute\" \/>\n<!-- \/ Yoast SEO plugin. -->","yoast_head_json":{"title":"Tote Bag - Ocher - 100% bio and responsible linen.","description":"un chic fou - An elegant, soft, hand-woven linen tote bag to dress up your shoulder with un chic fou. Personalized embroideries available at our boutique.","robots":{"index":"index","follow":"follow","max-snippet":"max-snippet:-1","max-image-preview":"max-image-preview:large","max-video-preview":"max-video-preview:-1"},"canonical":"https:\/\/preprod.unchicfou.com\/en\/produit\/tote-bag-ocher-orange\/","og_locale":"en_US","og_type":"article","og_title":"Tote Bag - Ocher - 100% bio and responsible linen.","og_description":"un chic fou - An elegant, soft, hand-woven linen tote bag to dress up your shoulder with un chic fou. Personalized embroideries available at our boutique.","og_url":"https:\/\/preprod.unchicfou.com\/en\/produit\/tote-bag-ocher-orange\/","og_site_name":"un chic fou","article_modified_time":"2022-12-14T14:41:10+00:00","og_image":[{"width":2362,"height":2362,"url":"https:\/\/preprod.unchicfou.com\/wp-content\/uploads\/2022\/09\/SAC_OCRE.jpg","type":"image\/jpeg"}],"twitter_card":"summary_large_image","twitter_misc":{"Est. reading time":"1 minute"},"schema":{"@context":"https:\/\/schema.org","@graph":[{"@type":"WebPage","@id":"https:\/\/preprod.unchicfou.com\/en\/produit\/tote-bag-ocher-orange\/","url":"https:\/\/preprod.unchicfou.com\/en\/produit\/tote-bag-ocher-orange\/","name":"Tote Bag - Ocher - 100% bio and responsible linen.","isPartOf":{"@id":"https:\/\/preprod.unchicfou.com\/en\/#website"},"primaryImageOfPage":{"@id":"https:\/\/preprod.unchicfou.com\/en\/produit\/tote-bag-ocher-orange\/#primaryimage"},"image":{"@id":"https:\/\/preprod.unchicfou.com\/en\/produit\/tote-bag-ocher-orange\/#primaryimage"},"thumbnailUrl":"https:\/\/preprod.unchicfou.com\/wp-content\/uploads\/2022\/09\/SAC_OCRE.jpg","datePublished":"2022-12-02T16:12:54+00:00","dateModified":"2022-12-14T14:41:10+00:00","description":"un chic fou - An elegant, soft, hand-woven linen tote bag to dress up your shoulder with un chic fou. Personalized embroideries available at our boutique.","breadcrumb":{"@id":"https:\/\/preprod.unchicfou.com\/en\/produit\/tote-bag-ocher-orange\/#breadcrumb"},"inLanguage":"en-US","potentialAction":[{"@type":"ReadAction","target":["https:\/\/preprod.unchicfou.com\/en\/produit\/tote-bag-ocher-orange\/"]}]},{"@type":"ImageObject","inLanguage":"en-US","@id":"https:\/\/preprod.unchicfou.com\/en\/produit\/tote-bag-ocher-orange\/#primaryimage","url":"https:\/\/preprod.unchicfou.com\/wp-content\/uploads\/2022\/09\/SAC_OCRE.jpg","contentUrl":"https:\/\/preprod.unchicfou.com\/wp-content\/uploads\/2022\/09\/SAC_OCRE.jpg","width":2362,"height":2362,"caption":"HyperFocal: 0"},{"@type":"BreadcrumbList","@id":"https:\/\/preprod.unchicfou.com\/en\/produit\/tote-bag-ocher-orange\/#breadcrumb","itemListElement":[{"@type":"ListItem","position":1,"name":"Accueil","item":"https:\/\/preprod.unchicfou.com\/en\/"},{"@type":"ListItem","position":2,"name":"Boutique","item":"https:\/\/preprod.unchicfou.com\/boutique-unchicfou-bijoux-lin\/"},{"@type":"ListItem","position":3,"name":"Tote Bag &#8211; Ocher"}]},{"@type":"WebSite","@id":"https:\/\/preprod.unchicfou.com\/en\/#website","url":"https:\/\/preprod.unchicfou.com\/en\/","name":"un chic fou","description":"Bijoux \u00e9l\u00e9gants, raffin\u00e9s et intemporels faits avec le coeur","potentialAction":[{"@type":"SearchAction","target":{"@type":"EntryPoint","urlTemplate":"https:\/\/preprod.unchicfou.com\/en\/?s={search_term_string}"},"query-input":{"@type":"PropertyValueSpecification","valueRequired":true,"valueName":"search_term_string"}}],"inLanguage":"en-US"}]}},"_links":{"self":[{"href":"https:\/\/preprod.unchicfou.com\/en\/wp-json\/wp\/v2\/product\/19717","targetHints":{"allow":["GET"]}}],"collection":[{"href":"https:\/\/preprod.unchicfou.com\/en\/wp-json\/wp\/v2\/product"}],"about":[{"href":"https:\/\/preprod.unchicfou.com\/en\/wp-json\/wp\/v2\/types\/product"}],"wp:featuredmedia":[{"embeddable":true,"href":"https:\/\/preprod.unchicfou.com\/en\/wp-json\/wp\/v2\/media\/19698"}],"wp:attachment":[{"href":"https:\/\/preprod.unchicfou.com\/en\/wp-json\/wp\/v2\/media?parent=19717"}],"wp:term":[{"taxonomy":"product_brand","embeddable":true,"href":"https:\/\/preprod.unchicfou.com\/en\/wp-json\/wp\/v2\/product_brand?post=19717"},{"taxonomy":"product_cat","embeddable":true,"href":"https:\/\/preprod.unchicfou.com\/en\/wp-json\/wp\/v2\/product_cat?post=19717"},{"taxonomy":"product_tag","embeddable":true,"href":"https:\/\/preprod.unchicfou.com\/en\/wp-json\/wp\/v2\/product_tag?post=19717"}],"curies":[{"name":"wp","href":"https:\/\/api.w.org\/{rel}","templated":true}]}}