{"id":1971,"date":"2019-08-26T15:06:55","date_gmt":"2019-08-26T13:06:55","guid":{"rendered":"http:\/\/357nkacsig.preview.infomaniak.website\/?product=mira-braid-bracelet"},"modified":"2022-07-07T00:00:24","modified_gmt":"2022-07-06T22:00:24","slug":"mira-braid-bracelet-gold","status":"publish","type":"product","link":"https:\/\/preprod.unchicfou.com\/en\/produit\/mira-braid-bracelet-gold\/","title":{"rendered":"Bracelet MIRA"},"content":{"rendered":"<ul>\n<li><b>Golden half bracelet with its 100% cotton cord.<\/b><\/li>\n<li>Material: brass with 18k gold plating at 5 microns..<\/li>\n<li>Inspiration: a half-bracelet with its colour cord to project your emotions&#8230;or like a small parenthesis in our crazy lives to simply appreciate it.<\/li>\n<li>Details: a braid declination of our emblematic DEMIE.\u00a09 colours of cords to choose from.<\/li>\n<li><b>Swiss Design. Local production in the Greater Geneva area.<\/b><\/li>\n<li>The bracelet comes with its 100% cotton pouch.<\/li>\n<\/ul>\n","protected":false},"excerpt":{"rendered":"<p class=\"Pardfaut\"><span lang=\"fr\" xml:lang=\"fr\">The MIRA bracelet is inspired by our iconic\u00a0DEMIE, half-rigid, half-cord, which can be worn on the top of the wrist or to its side.<\/span><\/p>\n<p>We like the delicate weaving of the braid. Gold plated<span lang=\"fr\" xml:lang=\"fr\">\u00a0bracelet\u00a0<\/span>&#8211; adjustable to\u00a0the\u00a0wrist\u00a0with its\u00a0100%\u00a0cotton cord.<\/p>\n","protected":false},"featured_media":12365,"template":"","meta":{"_acf_changed":false},"product_brand":[],"product_cat":[1929,85],"product_tag":[809,949,384,898,375,895],"class_list":{"0":"post-1971","1":"product","2":"type-product","3":"status-publish","4":"has-post-thumbnail","6":"product_cat-demi-jonc-or-argent-en","7":"product_cat-bracelets-gold-silver-text-cords-ajustable","8":"product_tag-collection-demie-en","9":"product_tag-collection-sophia-en","10":"product_tag-cotton-ribbon-en","11":"product_tag-favorites-en","12":"product_tag-gold-plated-en","13":"product_tag-les-indispensables-en","15":"first","16":"instock","17":"purchasable","18":"product-type-variable"},"acf":[],"yoast_head":"<!-- This site is optimized with the Yoast SEO plugin v27.3 - https:\/\/yoast.com\/product\/yoast-seo-wordpress\/ -->\n<title>un chic fou - Bracelet MIRA. Golden half bracelet. Braid design.<\/title>\n<meta name=\"description\" content=\"un chic fou - Brass bracelet with 18k gold plating. Braid design. 9 colours waxed cotton ribbon to choose from.\" \/>\n<meta name=\"robots\" content=\"index, follow, max-snippet:-1, max-image-preview:large, max-video-preview:-1\" \/>\n<link rel=\"canonical\" href=\"https:\/\/preprod.unchicfou.com\/en\/produit\/mira-braid-bracelet-gold\/\" \/>\n<meta property=\"og:locale\" content=\"en_US\" \/>\n<meta property=\"og:type\" content=\"article\" \/>\n<meta property=\"og:title\" content=\"un chic fou - Bracelet MIRA. Golden half bracelet. Braid design.\" \/>\n<meta property=\"og:description\" content=\"un chic fou - Brass bracelet with 18k gold plating. Braid design. 9 colours waxed cotton ribbon to choose from.\" \/>\n<meta property=\"og:url\" content=\"https:\/\/preprod.unchicfou.com\/en\/produit\/mira-braid-bracelet-gold\/\" \/>\n<meta property=\"og:site_name\" content=\"un chic fou\" \/>\n<meta property=\"article:modified_time\" content=\"2022-07-06T22:00:24+00:00\" \/>\n<meta property=\"og:image\" content=\"https:\/\/preprod.unchicfou.com\/wp-content\/uploads\/2019\/08\/MIRA_TRESSE_DORE-zoom.jpg\" \/>\n\t<meta property=\"og:image:width\" content=\"2100\" \/>\n\t<meta property=\"og:image:height\" content=\"2100\" \/>\n\t<meta property=\"og:image:type\" content=\"image\/jpeg\" \/>\n<meta name=\"twitter:card\" content=\"summary_large_image\" \/>\n<meta name=\"twitter:label1\" content=\"Est. reading time\" \/>\n\t<meta name=\"twitter:data1\" content=\"2 minutes\" \/>\n<!-- \/ Yoast SEO plugin. -->","yoast_head_json":{"title":"un chic fou - Bracelet MIRA. Golden half bracelet. Braid design.","description":"un chic fou - Brass bracelet with 18k gold plating. Braid design. 9 colours waxed cotton ribbon to choose from.","robots":{"index":"index","follow":"follow","max-snippet":"max-snippet:-1","max-image-preview":"max-image-preview:large","max-video-preview":"max-video-preview:-1"},"canonical":"https:\/\/preprod.unchicfou.com\/en\/produit\/mira-braid-bracelet-gold\/","og_locale":"en_US","og_type":"article","og_title":"un chic fou - Bracelet MIRA. Golden half bracelet. Braid design.","og_description":"un chic fou - Brass bracelet with 18k gold plating. Braid design. 9 colours waxed cotton ribbon to choose from.","og_url":"https:\/\/preprod.unchicfou.com\/en\/produit\/mira-braid-bracelet-gold\/","og_site_name":"un chic fou","article_modified_time":"2022-07-06T22:00:24+00:00","og_image":[{"width":2100,"height":2100,"url":"https:\/\/preprod.unchicfou.com\/wp-content\/uploads\/2019\/08\/MIRA_TRESSE_DORE-zoom.jpg","type":"image\/jpeg"}],"twitter_card":"summary_large_image","twitter_misc":{"Est. reading time":"2 minutes"},"schema":{"@context":"https:\/\/schema.org","@graph":[{"@type":"WebPage","@id":"https:\/\/preprod.unchicfou.com\/en\/produit\/mira-braid-bracelet-gold\/","url":"https:\/\/preprod.unchicfou.com\/en\/produit\/mira-braid-bracelet-gold\/","name":"un chic fou - Bracelet MIRA. Golden half bracelet. Braid design.","isPartOf":{"@id":"https:\/\/preprod.unchicfou.com\/en\/#website"},"primaryImageOfPage":{"@id":"https:\/\/preprod.unchicfou.com\/en\/produit\/mira-braid-bracelet-gold\/#primaryimage"},"image":{"@id":"https:\/\/preprod.unchicfou.com\/en\/produit\/mira-braid-bracelet-gold\/#primaryimage"},"thumbnailUrl":"https:\/\/preprod.unchicfou.com\/wp-content\/uploads\/2019\/08\/MIRA_TRESSE_DORE-zoom.jpg","datePublished":"2019-08-26T13:06:55+00:00","dateModified":"2022-07-06T22:00:24+00:00","description":"un chic fou - Brass bracelet with 18k gold plating. Braid design. 9 colours waxed cotton ribbon to choose from.","breadcrumb":{"@id":"https:\/\/preprod.unchicfou.com\/en\/produit\/mira-braid-bracelet-gold\/#breadcrumb"},"inLanguage":"en-US","potentialAction":[{"@type":"ReadAction","target":["https:\/\/preprod.unchicfou.com\/en\/produit\/mira-braid-bracelet-gold\/"]}]},{"@type":"ImageObject","inLanguage":"en-US","@id":"https:\/\/preprod.unchicfou.com\/en\/produit\/mira-braid-bracelet-gold\/#primaryimage","url":"https:\/\/preprod.unchicfou.com\/wp-content\/uploads\/2019\/08\/MIRA_TRESSE_DORE-zoom.jpg","contentUrl":"https:\/\/preprod.unchicfou.com\/wp-content\/uploads\/2019\/08\/MIRA_TRESSE_DORE-zoom.jpg","width":2100,"height":2100},{"@type":"BreadcrumbList","@id":"https:\/\/preprod.unchicfou.com\/en\/produit\/mira-braid-bracelet-gold\/#breadcrumb","itemListElement":[{"@type":"ListItem","position":1,"name":"Accueil","item":"https:\/\/preprod.unchicfou.com\/en\/"},{"@type":"ListItem","position":2,"name":"Boutique","item":"https:\/\/preprod.unchicfou.com\/boutique-unchicfou-bijoux-lin\/"},{"@type":"ListItem","position":3,"name":"Bracelet MIRA"}]},{"@type":"WebSite","@id":"https:\/\/preprod.unchicfou.com\/en\/#website","url":"https:\/\/preprod.unchicfou.com\/en\/","name":"un chic fou","description":"Bijoux \u00e9l\u00e9gants, raffin\u00e9s et intemporels faits avec le coeur","potentialAction":[{"@type":"SearchAction","target":{"@type":"EntryPoint","urlTemplate":"https:\/\/preprod.unchicfou.com\/en\/?s={search_term_string}"},"query-input":{"@type":"PropertyValueSpecification","valueRequired":true,"valueName":"search_term_string"}}],"inLanguage":"en-US"}]}},"_links":{"self":[{"href":"https:\/\/preprod.unchicfou.com\/en\/wp-json\/wp\/v2\/product\/1971","targetHints":{"allow":["GET"]}}],"collection":[{"href":"https:\/\/preprod.unchicfou.com\/en\/wp-json\/wp\/v2\/product"}],"about":[{"href":"https:\/\/preprod.unchicfou.com\/en\/wp-json\/wp\/v2\/types\/product"}],"wp:featuredmedia":[{"embeddable":true,"href":"https:\/\/preprod.unchicfou.com\/en\/wp-json\/wp\/v2\/media\/12365"}],"wp:attachment":[{"href":"https:\/\/preprod.unchicfou.com\/en\/wp-json\/wp\/v2\/media?parent=1971"}],"wp:term":[{"taxonomy":"product_brand","embeddable":true,"href":"https:\/\/preprod.unchicfou.com\/en\/wp-json\/wp\/v2\/product_brand?post=1971"},{"taxonomy":"product_cat","embeddable":true,"href":"https:\/\/preprod.unchicfou.com\/en\/wp-json\/wp\/v2\/product_cat?post=1971"},{"taxonomy":"product_tag","embeddable":true,"href":"https:\/\/preprod.unchicfou.com\/en\/wp-json\/wp\/v2\/product_tag?post=1971"}],"curies":[{"name":"wp","href":"https:\/\/api.w.org\/{rel}","templated":true}]}}