{"id":1938,"date":"2019-05-08T15:18:21","date_gmt":"2019-05-08T13:18:21","guid":{"rendered":"http:\/\/357nkacsig.preview.infomaniak.website\/?product=toimoi-la-magie-de-linstant-bracelet"},"modified":"2022-01-29T16:06:41","modified_gmt":"2022-01-29T15:06:41","slug":"toimoi-la-magie-de-linstant-bracelet-gold-en","status":"publish","type":"product","link":"https:\/\/preprod.unchicfou.com\/en\/produit\/toimoi-la-magie-de-linstant-bracelet-gold-en\/","title":{"rendered":"Bracelet TOI&#038;MOI &#8211; La magie de l&#8217;instant"},"content":{"rendered":"<ul>\n<li><b>Bracelet with text and 100% cotton or sequin cord.<\/b><\/li>\n<li>Material : brass with 18k gold plating at 5 microns.<\/li>\n<li>Inspiration :\u00a0these pieces of jewelry\u00a0bear extracts of conversation with loved ones. Inspired by strong emotions, they express\u00a0the desire\u00a0to pass these messages on by sharing them\u00a0with others. They resonate in people\u2019s own history.<\/li>\n<li>Details : text : &#8220;la magie de l&#8217;instant&#8221;, on a large\u00a0polished plaque, means &#8220;the magic of the moment&#8221; in French.<\/li>\n<li><b>Swiss Design. Local production in the Greater Geneva area.<\/b><\/li>\n<li>The bracelet comes with its 100% cotton pouch.<\/li>\n<li>To extend the family\u00a0<a href=\"https:\/\/preprod.unchicfou.com\/?s=toi&amp;moi&#038;post_type=product\">TOI&amp;MOI<\/a>.<\/li>\n<\/ul>\n","protected":false},"excerpt":{"rendered":"<p>18k gold plated text bracelet with 100% cotton or sequin cord.<\/p>\n<p>Meaningful words that resonate with your own story.<\/p>\n","protected":false},"featured_media":12457,"template":"","meta":{"_acf_changed":false},"product_brand":[],"product_cat":[85],"product_tag":[1942,384,375,536],"class_list":{"0":"post-1938","1":"product","2":"type-product","3":"status-publish","4":"has-post-thumbnail","6":"product_cat-bracelets-gold-silver-text-cords-ajustable","7":"product_tag-selection-st-valentin-en","8":"product_tag-cotton-ribbon-en","9":"product_tag-gold-plated-en","10":"product_tag-text-jewelry-en","12":"first","13":"instock","14":"purchasable","15":"product-type-variable"},"acf":[],"yoast_head":"<!-- This site is optimized with the Yoast SEO plugin v27.3 - https:\/\/yoast.com\/product\/yoast-seo-wordpress\/ -->\n<title>un chic fou - Bracelet TOI&amp;MOI - La magie de l&#039;instant. Plaque with text.<\/title>\n<meta name=\"description\" content=\"un chic fou - 18k gold plated plaque with text. Extracts from personal conversations. 46 colors cord to choose from.\" \/>\n<meta name=\"robots\" content=\"index, follow, max-snippet:-1, max-image-preview:large, max-video-preview:-1\" \/>\n<link rel=\"canonical\" href=\"https:\/\/preprod.unchicfou.com\/en\/produit\/toimoi-la-magie-de-linstant-bracelet-gold-en\/\" \/>\n<meta property=\"og:locale\" content=\"en_US\" \/>\n<meta property=\"og:type\" content=\"article\" \/>\n<meta property=\"og:title\" content=\"un chic fou - Bracelet TOI&amp;MOI - La magie de l&#039;instant. Plaque with text.\" \/>\n<meta property=\"og:description\" content=\"un chic fou - 18k gold plated plaque with text. Extracts from personal conversations. 46 colors cord to choose from.\" \/>\n<meta property=\"og:url\" content=\"https:\/\/preprod.unchicfou.com\/en\/produit\/toimoi-la-magie-de-linstant-bracelet-gold-en\/\" \/>\n<meta property=\"og:site_name\" content=\"un chic fou\" \/>\n<meta property=\"article:modified_time\" content=\"2022-01-29T15:06:41+00:00\" \/>\n<meta property=\"og:image\" content=\"https:\/\/preprod.unchicfou.com\/wp-content\/uploads\/2018\/05\/TOIMOI_LMDL_DORE-zoom.jpg\" \/>\n\t<meta property=\"og:image:width\" content=\"1900\" \/>\n\t<meta property=\"og:image:height\" content=\"1900\" \/>\n\t<meta property=\"og:image:type\" content=\"image\/jpeg\" \/>\n<meta name=\"twitter:card\" content=\"summary_large_image\" \/>\n<meta name=\"twitter:label1\" content=\"Est. reading time\" \/>\n\t<meta name=\"twitter:data1\" content=\"2 minutes\" \/>\n<!-- \/ Yoast SEO plugin. -->","yoast_head_json":{"title":"un chic fou - Bracelet TOI&MOI - La magie de l'instant. Plaque with text.","description":"un chic fou - 18k gold plated plaque with text. Extracts from personal conversations. 46 colors cord to choose from.","robots":{"index":"index","follow":"follow","max-snippet":"max-snippet:-1","max-image-preview":"max-image-preview:large","max-video-preview":"max-video-preview:-1"},"canonical":"https:\/\/preprod.unchicfou.com\/en\/produit\/toimoi-la-magie-de-linstant-bracelet-gold-en\/","og_locale":"en_US","og_type":"article","og_title":"un chic fou - Bracelet TOI&MOI - La magie de l'instant. Plaque with text.","og_description":"un chic fou - 18k gold plated plaque with text. Extracts from personal conversations. 46 colors cord to choose from.","og_url":"https:\/\/preprod.unchicfou.com\/en\/produit\/toimoi-la-magie-de-linstant-bracelet-gold-en\/","og_site_name":"un chic fou","article_modified_time":"2022-01-29T15:06:41+00:00","og_image":[{"width":1900,"height":1900,"url":"https:\/\/preprod.unchicfou.com\/wp-content\/uploads\/2018\/05\/TOIMOI_LMDL_DORE-zoom.jpg","type":"image\/jpeg"}],"twitter_card":"summary_large_image","twitter_misc":{"Est. reading time":"2 minutes"},"schema":{"@context":"https:\/\/schema.org","@graph":[{"@type":"WebPage","@id":"https:\/\/preprod.unchicfou.com\/en\/produit\/toimoi-la-magie-de-linstant-bracelet-gold-en\/","url":"https:\/\/preprod.unchicfou.com\/en\/produit\/toimoi-la-magie-de-linstant-bracelet-gold-en\/","name":"un chic fou - Bracelet TOI&MOI - La magie de l'instant. Plaque with text.","isPartOf":{"@id":"https:\/\/preprod.unchicfou.com\/en\/#website"},"primaryImageOfPage":{"@id":"https:\/\/preprod.unchicfou.com\/en\/produit\/toimoi-la-magie-de-linstant-bracelet-gold-en\/#primaryimage"},"image":{"@id":"https:\/\/preprod.unchicfou.com\/en\/produit\/toimoi-la-magie-de-linstant-bracelet-gold-en\/#primaryimage"},"thumbnailUrl":"https:\/\/preprod.unchicfou.com\/wp-content\/uploads\/2018\/05\/TOIMOI_LMDL_DORE-zoom.jpg","datePublished":"2019-05-08T13:18:21+00:00","dateModified":"2022-01-29T15:06:41+00:00","description":"un chic fou - 18k gold plated plaque with text. Extracts from personal conversations. 46 colors cord to choose from.","breadcrumb":{"@id":"https:\/\/preprod.unchicfou.com\/en\/produit\/toimoi-la-magie-de-linstant-bracelet-gold-en\/#breadcrumb"},"inLanguage":"en-US","potentialAction":[{"@type":"ReadAction","target":["https:\/\/preprod.unchicfou.com\/en\/produit\/toimoi-la-magie-de-linstant-bracelet-gold-en\/"]}]},{"@type":"ImageObject","inLanguage":"en-US","@id":"https:\/\/preprod.unchicfou.com\/en\/produit\/toimoi-la-magie-de-linstant-bracelet-gold-en\/#primaryimage","url":"https:\/\/preprod.unchicfou.com\/wp-content\/uploads\/2018\/05\/TOIMOI_LMDL_DORE-zoom.jpg","contentUrl":"https:\/\/preprod.unchicfou.com\/wp-content\/uploads\/2018\/05\/TOIMOI_LMDL_DORE-zoom.jpg","width":1900,"height":1900},{"@type":"BreadcrumbList","@id":"https:\/\/preprod.unchicfou.com\/en\/produit\/toimoi-la-magie-de-linstant-bracelet-gold-en\/#breadcrumb","itemListElement":[{"@type":"ListItem","position":1,"name":"Accueil","item":"https:\/\/preprod.unchicfou.com\/en\/"},{"@type":"ListItem","position":2,"name":"Boutique","item":"https:\/\/preprod.unchicfou.com\/boutique-unchicfou-bijoux-lin\/"},{"@type":"ListItem","position":3,"name":"Bracelet TOI&#038;MOI &#8211; La magie de l&#8217;instant"}]},{"@type":"WebSite","@id":"https:\/\/preprod.unchicfou.com\/en\/#website","url":"https:\/\/preprod.unchicfou.com\/en\/","name":"un chic fou","description":"Bijoux \u00e9l\u00e9gants, raffin\u00e9s et intemporels faits avec le coeur","potentialAction":[{"@type":"SearchAction","target":{"@type":"EntryPoint","urlTemplate":"https:\/\/preprod.unchicfou.com\/en\/?s={search_term_string}"},"query-input":{"@type":"PropertyValueSpecification","valueRequired":true,"valueName":"search_term_string"}}],"inLanguage":"en-US"}]}},"_links":{"self":[{"href":"https:\/\/preprod.unchicfou.com\/en\/wp-json\/wp\/v2\/product\/1938","targetHints":{"allow":["GET"]}}],"collection":[{"href":"https:\/\/preprod.unchicfou.com\/en\/wp-json\/wp\/v2\/product"}],"about":[{"href":"https:\/\/preprod.unchicfou.com\/en\/wp-json\/wp\/v2\/types\/product"}],"wp:featuredmedia":[{"embeddable":true,"href":"https:\/\/preprod.unchicfou.com\/en\/wp-json\/wp\/v2\/media\/12457"}],"wp:attachment":[{"href":"https:\/\/preprod.unchicfou.com\/en\/wp-json\/wp\/v2\/media?parent=1938"}],"wp:term":[{"taxonomy":"product_brand","embeddable":true,"href":"https:\/\/preprod.unchicfou.com\/en\/wp-json\/wp\/v2\/product_brand?post=1938"},{"taxonomy":"product_cat","embeddable":true,"href":"https:\/\/preprod.unchicfou.com\/en\/wp-json\/wp\/v2\/product_cat?post=1938"},{"taxonomy":"product_tag","embeddable":true,"href":"https:\/\/preprod.unchicfou.com\/en\/wp-json\/wp\/v2\/product_tag?post=1938"}],"curies":[{"name":"wp","href":"https:\/\/api.w.org\/{rel}","templated":true}]}}