{"id":19228,"date":"2022-11-04T15:56:41","date_gmt":"2022-11-04T14:56:41","guid":{"rendered":"https:\/\/preprod.unchicfou.com\/?post_type=product&#038;p=19228"},"modified":"2022-12-14T15:41:25","modified_gmt":"2022-12-14T14:41:25","slug":"cushion-cover-duck-blue-green","status":"publish","type":"product","link":"https:\/\/preprod.unchicfou.com\/en\/produit\/cushion-cover-duck-blue-green\/","title":{"rendered":"Cushion cover &#8211; Duck"},"content":{"rendered":"<ul>\n<li><b>Cushion cover 100% bio and eco-responsible linen<\/b><\/li>\n<li>Origin : France, world&#8217;s best linen producing country.<\/li>\n<li>Details : Cut and woven by hand. All fringes pulled by hand.<\/li>\n<li>Colour : Duck, a dazzling green, luminous and elegant.<\/li>\n<li>Dimensions : 45&#215;45 cm or 40x60cm<\/li>\n<li>Density : 270g\/m2<\/li>\n<li>Many colours available<\/li>\n<\/ul>\n","protected":false},"excerpt":{"rendered":"<p>A 100% linen cushion cover. Soft, elegant with fringes entirely pulled by hand.<\/p>\n<p>The dazzling Duck colour will bring a luminous and chic touch to elegantly dress your interior with un chic fou.<\/p>\n<p>Match or mismatch them for unique stagings.<\/p>\n","protected":false},"featured_media":19388,"template":"","meta":{"_acf_changed":false},"product_brand":[],"product_cat":[2464,2128,2188],"product_tag":[896,1112],"class_list":{"0":"post-19228","1":"product","2":"type-product","3":"status-publish","4":"has-post-thumbnail","6":"product_cat-cushion-cover","7":"product_cat-home-linen","8":"product_cat-living-room","9":"product_tag-christmas-selection","10":"product_tag-new-novelties","12":"first","13":"instock","14":"featured","15":"purchasable","16":"product-type-variable"},"acf":[],"yoast_head":"<!-- This site is optimized with the Yoast SEO plugin v27.3 - https:\/\/yoast.com\/product\/yoast-seo-wordpress\/ -->\n<title>Cushion cover - Duck -. 100% bio and responsible linen.<\/title>\n<meta name=\"description\" content=\"un chic fou - An elegant, soft, hand-woven linen cushion cover to dress up your interior with un chic fou. Personalized embroideries available at our boutique.\" \/>\n<meta name=\"robots\" content=\"index, follow, max-snippet:-1, max-image-preview:large, max-video-preview:-1\" \/>\n<link rel=\"canonical\" href=\"https:\/\/preprod.unchicfou.com\/en\/produit\/cushion-cover-duck-blue-green\/\" \/>\n<meta property=\"og:locale\" content=\"en_US\" \/>\n<meta property=\"og:type\" content=\"article\" \/>\n<meta property=\"og:title\" content=\"Cushion cover - Duck -. 100% bio and responsible linen.\" \/>\n<meta property=\"og:description\" content=\"un chic fou - An elegant, soft, hand-woven linen cushion cover to dress up your interior with un chic fou. Personalized embroideries available at our boutique.\" \/>\n<meta property=\"og:url\" content=\"https:\/\/preprod.unchicfou.com\/en\/produit\/cushion-cover-duck-blue-green\/\" \/>\n<meta property=\"og:site_name\" content=\"un chic fou\" \/>\n<meta property=\"article:modified_time\" content=\"2022-12-14T14:41:25+00:00\" \/>\n<meta property=\"og:image\" content=\"https:\/\/preprod.unchicfou.com\/wp-content\/uploads\/2022\/11\/COUSSINS_RECT_CANARD.jpg\" \/>\n\t<meta property=\"og:image:width\" content=\"2362\" \/>\n\t<meta property=\"og:image:height\" content=\"2362\" \/>\n\t<meta property=\"og:image:type\" content=\"image\/jpeg\" \/>\n<meta name=\"twitter:card\" content=\"summary_large_image\" \/>\n<meta name=\"twitter:label1\" content=\"Est. reading time\" \/>\n\t<meta name=\"twitter:data1\" content=\"1 minute\" \/>\n<!-- \/ Yoast SEO plugin. -->","yoast_head_json":{"title":"Cushion cover - Duck -. 100% bio and responsible linen.","description":"un chic fou - An elegant, soft, hand-woven linen cushion cover to dress up your interior with un chic fou. Personalized embroideries available at our boutique.","robots":{"index":"index","follow":"follow","max-snippet":"max-snippet:-1","max-image-preview":"max-image-preview:large","max-video-preview":"max-video-preview:-1"},"canonical":"https:\/\/preprod.unchicfou.com\/en\/produit\/cushion-cover-duck-blue-green\/","og_locale":"en_US","og_type":"article","og_title":"Cushion cover - Duck -. 100% bio and responsible linen.","og_description":"un chic fou - An elegant, soft, hand-woven linen cushion cover to dress up your interior with un chic fou. Personalized embroideries available at our boutique.","og_url":"https:\/\/preprod.unchicfou.com\/en\/produit\/cushion-cover-duck-blue-green\/","og_site_name":"un chic fou","article_modified_time":"2022-12-14T14:41:25+00:00","og_image":[{"width":2362,"height":2362,"url":"https:\/\/preprod.unchicfou.com\/wp-content\/uploads\/2022\/11\/COUSSINS_RECT_CANARD.jpg","type":"image\/jpeg"}],"twitter_card":"summary_large_image","twitter_misc":{"Est. reading time":"1 minute"},"schema":{"@context":"https:\/\/schema.org","@graph":[{"@type":"WebPage","@id":"https:\/\/preprod.unchicfou.com\/en\/produit\/cushion-cover-duck-blue-green\/","url":"https:\/\/preprod.unchicfou.com\/en\/produit\/cushion-cover-duck-blue-green\/","name":"Cushion cover - Duck -. 100% bio and responsible linen.","isPartOf":{"@id":"https:\/\/preprod.unchicfou.com\/en\/#website"},"primaryImageOfPage":{"@id":"https:\/\/preprod.unchicfou.com\/en\/produit\/cushion-cover-duck-blue-green\/#primaryimage"},"image":{"@id":"https:\/\/preprod.unchicfou.com\/en\/produit\/cushion-cover-duck-blue-green\/#primaryimage"},"thumbnailUrl":"https:\/\/preprod.unchicfou.com\/wp-content\/uploads\/2022\/11\/COUSSINS_RECT_CANARD.jpg","datePublished":"2022-11-04T14:56:41+00:00","dateModified":"2022-12-14T14:41:25+00:00","description":"un chic fou - An elegant, soft, hand-woven linen cushion cover to dress up your interior with un chic fou. Personalized embroideries available at our boutique.","breadcrumb":{"@id":"https:\/\/preprod.unchicfou.com\/en\/produit\/cushion-cover-duck-blue-green\/#breadcrumb"},"inLanguage":"en-US","potentialAction":[{"@type":"ReadAction","target":["https:\/\/preprod.unchicfou.com\/en\/produit\/cushion-cover-duck-blue-green\/"]}]},{"@type":"ImageObject","inLanguage":"en-US","@id":"https:\/\/preprod.unchicfou.com\/en\/produit\/cushion-cover-duck-blue-green\/#primaryimage","url":"https:\/\/preprod.unchicfou.com\/wp-content\/uploads\/2022\/11\/COUSSINS_RECT_CANARD.jpg","contentUrl":"https:\/\/preprod.unchicfou.com\/wp-content\/uploads\/2022\/11\/COUSSINS_RECT_CANARD.jpg","width":2362,"height":2362,"caption":"HyperFocal: 0"},{"@type":"BreadcrumbList","@id":"https:\/\/preprod.unchicfou.com\/en\/produit\/cushion-cover-duck-blue-green\/#breadcrumb","itemListElement":[{"@type":"ListItem","position":1,"name":"Accueil","item":"https:\/\/preprod.unchicfou.com\/en\/"},{"@type":"ListItem","position":2,"name":"Boutique","item":"https:\/\/preprod.unchicfou.com\/boutique-unchicfou-bijoux-lin\/"},{"@type":"ListItem","position":3,"name":"Cushion cover &#8211; Duck"}]},{"@type":"WebSite","@id":"https:\/\/preprod.unchicfou.com\/en\/#website","url":"https:\/\/preprod.unchicfou.com\/en\/","name":"un chic fou","description":"Bijoux \u00e9l\u00e9gants, raffin\u00e9s et intemporels faits avec le coeur","potentialAction":[{"@type":"SearchAction","target":{"@type":"EntryPoint","urlTemplate":"https:\/\/preprod.unchicfou.com\/en\/?s={search_term_string}"},"query-input":{"@type":"PropertyValueSpecification","valueRequired":true,"valueName":"search_term_string"}}],"inLanguage":"en-US"}]}},"_links":{"self":[{"href":"https:\/\/preprod.unchicfou.com\/en\/wp-json\/wp\/v2\/product\/19228","targetHints":{"allow":["GET"]}}],"collection":[{"href":"https:\/\/preprod.unchicfou.com\/en\/wp-json\/wp\/v2\/product"}],"about":[{"href":"https:\/\/preprod.unchicfou.com\/en\/wp-json\/wp\/v2\/types\/product"}],"wp:featuredmedia":[{"embeddable":true,"href":"https:\/\/preprod.unchicfou.com\/en\/wp-json\/wp\/v2\/media\/19388"}],"wp:attachment":[{"href":"https:\/\/preprod.unchicfou.com\/en\/wp-json\/wp\/v2\/media?parent=19228"}],"wp:term":[{"taxonomy":"product_brand","embeddable":true,"href":"https:\/\/preprod.unchicfou.com\/en\/wp-json\/wp\/v2\/product_brand?post=19228"},{"taxonomy":"product_cat","embeddable":true,"href":"https:\/\/preprod.unchicfou.com\/en\/wp-json\/wp\/v2\/product_cat?post=19228"},{"taxonomy":"product_tag","embeddable":true,"href":"https:\/\/preprod.unchicfou.com\/en\/wp-json\/wp\/v2\/product_tag?post=19228"}],"curies":[{"name":"wp","href":"https:\/\/api.w.org\/{rel}","templated":true}]}}