{"id":1899,"date":"2019-04-28T21:50:51","date_gmt":"2019-04-28T19:50:51","guid":{"rendered":"http:\/\/357nkacsig.preview.infomaniak.website\/?product=colette-earring"},"modified":"2021-05-13T19:48:27","modified_gmt":"2021-05-13T17:48:27","slug":"colette-earring-gold-original","status":"publish","type":"product","link":"https:\/\/preprod.unchicfou.com\/en\/produit\/colette-earring-gold-original\/","title":{"rendered":"COLETTE"},"content":{"rendered":"<ul>\n<li><strong>Earring sold by the unit. Order two units if you want a pair.<\/strong><\/li>\n<li>Material : brass with 18k gold plating at 5 microns.<\/li>\n<li>Inspiration : declination of our emblematic DANIELE. A unique wear to wear it !!<\/li>\n<li>Details : width 15mm, height 10mm. Satin brushed and polished finish. Push-piece closing.<\/li>\n<li><strong>Swiss Design. Local production in the Great Geneva area.<\/strong><\/li>\n<li>The earring comes in its 100% cotton pouch.<\/li>\n<li>To extend the family <a href=\"https:\/\/preprod.unchicfou.com\/?s=daniele&#038;post_type=product\">DANIELE<\/a>.<\/li>\n<\/ul>\n","protected":false},"excerpt":{"rendered":"<p><span lang=\"fr\" xml:lang=\"fr\">Gold plated earring.<\/span><\/p>\n<p>An original design, an unprecedented way to wear it. Discover it!<\/p>\n<p><span lang=\"fr\" xml:lang=\"fr\">A talking piece !<\/span><\/p>\n","protected":false},"featured_media":4175,"template":"","meta":{"_acf_changed":false},"product_brand":[],"product_cat":[95],"product_tag":[808,375],"class_list":{"0":"post-1899","1":"product","2":"type-product","3":"status-publish","4":"has-post-thumbnail","6":"product_cat-earring-by-unit-mixmatch","7":"product_tag-collection-daniele-en","8":"product_tag-gold-plated-en","10":"first","11":"instock","12":"featured","13":"purchasable","14":"product-type-simple"},"acf":[],"yoast_head":"<!-- This site is optimized with the Yoast SEO plugin v27.3 - https:\/\/yoast.com\/product\/yoast-seo-wordpress\/ -->\n<title>un chic fou - COLETTE. Unique gold plated earring. 1 original way to wear.<\/title>\n<meta name=\"description\" content=\"un chic fou - Brass earring with 18k gold plating. A unique and original way to wear them on the ear. Satin and polished finish.\" \/>\n<meta name=\"robots\" content=\"index, follow, max-snippet:-1, max-image-preview:large, max-video-preview:-1\" \/>\n<link rel=\"canonical\" href=\"https:\/\/preprod.unchicfou.com\/en\/produit\/colette-earring-gold-original\/\" \/>\n<meta property=\"og:locale\" content=\"en_US\" \/>\n<meta property=\"og:type\" content=\"article\" \/>\n<meta property=\"og:title\" content=\"un chic fou - COLETTE. Unique gold plated earring. 1 original way to wear.\" \/>\n<meta property=\"og:description\" content=\"un chic fou - Brass earring with 18k gold plating. A unique and original way to wear them on the ear. Satin and polished finish.\" \/>\n<meta property=\"og:url\" content=\"https:\/\/preprod.unchicfou.com\/en\/produit\/colette-earring-gold-original\/\" \/>\n<meta property=\"og:site_name\" content=\"un chic fou\" \/>\n<meta property=\"article:modified_time\" content=\"2021-05-13T17:48:27+00:00\" \/>\n<meta property=\"og:image\" content=\"https:\/\/preprod.unchicfou.com\/wp-content\/uploads\/2020\/06\/COLETTE-OR_1-scaled.jpg\" \/>\n\t<meta property=\"og:image:width\" content=\"2560\" \/>\n\t<meta property=\"og:image:height\" content=\"2560\" \/>\n\t<meta property=\"og:image:type\" content=\"image\/jpeg\" \/>\n<meta name=\"twitter:card\" content=\"summary_large_image\" \/>\n<!-- \/ Yoast SEO plugin. -->","yoast_head_json":{"title":"un chic fou - COLETTE. Unique gold plated earring. 1 original way to wear.","description":"un chic fou - Brass earring with 18k gold plating. A unique and original way to wear them on the ear. Satin and polished finish.","robots":{"index":"index","follow":"follow","max-snippet":"max-snippet:-1","max-image-preview":"max-image-preview:large","max-video-preview":"max-video-preview:-1"},"canonical":"https:\/\/preprod.unchicfou.com\/en\/produit\/colette-earring-gold-original\/","og_locale":"en_US","og_type":"article","og_title":"un chic fou - COLETTE. Unique gold plated earring. 1 original way to wear.","og_description":"un chic fou - Brass earring with 18k gold plating. A unique and original way to wear them on the ear. Satin and polished finish.","og_url":"https:\/\/preprod.unchicfou.com\/en\/produit\/colette-earring-gold-original\/","og_site_name":"un chic fou","article_modified_time":"2021-05-13T17:48:27+00:00","og_image":[{"width":2560,"height":2560,"url":"https:\/\/preprod.unchicfou.com\/wp-content\/uploads\/2020\/06\/COLETTE-OR_1-scaled.jpg","type":"image\/jpeg"}],"twitter_card":"summary_large_image","schema":{"@context":"https:\/\/schema.org","@graph":[{"@type":"WebPage","@id":"https:\/\/preprod.unchicfou.com\/en\/produit\/colette-earring-gold-original\/","url":"https:\/\/preprod.unchicfou.com\/en\/produit\/colette-earring-gold-original\/","name":"un chic fou - COLETTE. Unique gold plated earring. 1 original way to wear.","isPartOf":{"@id":"https:\/\/preprod.unchicfou.com\/en\/#website"},"primaryImageOfPage":{"@id":"https:\/\/preprod.unchicfou.com\/en\/produit\/colette-earring-gold-original\/#primaryimage"},"image":{"@id":"https:\/\/preprod.unchicfou.com\/en\/produit\/colette-earring-gold-original\/#primaryimage"},"thumbnailUrl":"https:\/\/preprod.unchicfou.com\/wp-content\/uploads\/2020\/06\/COLETTE-OR_1-scaled.jpg","datePublished":"2019-04-28T19:50:51+00:00","dateModified":"2021-05-13T17:48:27+00:00","description":"un chic fou - Brass earring with 18k gold plating. A unique and original way to wear them on the ear. Satin and polished finish.","breadcrumb":{"@id":"https:\/\/preprod.unchicfou.com\/en\/produit\/colette-earring-gold-original\/#breadcrumb"},"inLanguage":"en-US","potentialAction":[{"@type":"ReadAction","target":["https:\/\/preprod.unchicfou.com\/en\/produit\/colette-earring-gold-original\/"]}]},{"@type":"ImageObject","inLanguage":"en-US","@id":"https:\/\/preprod.unchicfou.com\/en\/produit\/colette-earring-gold-original\/#primaryimage","url":"https:\/\/preprod.unchicfou.com\/wp-content\/uploads\/2020\/06\/COLETTE-OR_1-scaled.jpg","contentUrl":"https:\/\/preprod.unchicfou.com\/wp-content\/uploads\/2020\/06\/COLETTE-OR_1-scaled.jpg","width":2560,"height":2560,"caption":"COLETTE OR 1 scaled"},{"@type":"BreadcrumbList","@id":"https:\/\/preprod.unchicfou.com\/en\/produit\/colette-earring-gold-original\/#breadcrumb","itemListElement":[{"@type":"ListItem","position":1,"name":"Accueil","item":"https:\/\/preprod.unchicfou.com\/en\/"},{"@type":"ListItem","position":2,"name":"Boutique","item":"https:\/\/preprod.unchicfou.com\/boutique-unchicfou-bijoux-lin\/"},{"@type":"ListItem","position":3,"name":"COLETTE"}]},{"@type":"WebSite","@id":"https:\/\/preprod.unchicfou.com\/en\/#website","url":"https:\/\/preprod.unchicfou.com\/en\/","name":"un chic fou","description":"Bijoux \u00e9l\u00e9gants, raffin\u00e9s et intemporels faits avec le coeur","potentialAction":[{"@type":"SearchAction","target":{"@type":"EntryPoint","urlTemplate":"https:\/\/preprod.unchicfou.com\/en\/?s={search_term_string}"},"query-input":{"@type":"PropertyValueSpecification","valueRequired":true,"valueName":"search_term_string"}}],"inLanguage":"en-US"}]}},"_links":{"self":[{"href":"https:\/\/preprod.unchicfou.com\/en\/wp-json\/wp\/v2\/product\/1899","targetHints":{"allow":["GET"]}}],"collection":[{"href":"https:\/\/preprod.unchicfou.com\/en\/wp-json\/wp\/v2\/product"}],"about":[{"href":"https:\/\/preprod.unchicfou.com\/en\/wp-json\/wp\/v2\/types\/product"}],"wp:featuredmedia":[{"embeddable":true,"href":"https:\/\/preprod.unchicfou.com\/en\/wp-json\/wp\/v2\/media\/4175"}],"wp:attachment":[{"href":"https:\/\/preprod.unchicfou.com\/en\/wp-json\/wp\/v2\/media?parent=1899"}],"wp:term":[{"taxonomy":"product_brand","embeddable":true,"href":"https:\/\/preprod.unchicfou.com\/en\/wp-json\/wp\/v2\/product_brand?post=1899"},{"taxonomy":"product_cat","embeddable":true,"href":"https:\/\/preprod.unchicfou.com\/en\/wp-json\/wp\/v2\/product_cat?post=1899"},{"taxonomy":"product_tag","embeddable":true,"href":"https:\/\/preprod.unchicfou.com\/en\/wp-json\/wp\/v2\/product_tag?post=1899"}],"curies":[{"name":"wp","href":"https:\/\/api.w.org\/{rel}","templated":true}]}}