{"id":1871,"date":"2019-04-23T21:46:50","date_gmt":"2019-04-23T19:46:50","guid":{"rendered":"http:\/\/357nkacsig.preview.infomaniak.website\/?product=sophia-ring"},"modified":"2022-11-28T00:05:01","modified_gmt":"2022-11-27T23:05:01","slug":"sophia-ring-silver","status":"publish","type":"product","link":"https:\/\/preprod.unchicfou.com\/en\/produit\/sophia-ring-silver\/","title":{"rendered":"Ring SOPHIA"},"content":{"rendered":"<ul>\n<li><b>Adjustable open ring.<\/b><\/li>\n<li>Material : solid 925\/1000 silver with rhodium plating..<\/li>\n<li>Inspiration : The braid.\u00a0It assembles, brings together, unites&#8230; It is our totem and we remember Sophia&#8217;s\u00a0beautiful braids.<\/li>\n<li>Details: polished finish. Size 50 &#8211; 52.<\/li>\n<li><b>Swiss Design. Local production in the Greater Geneva area.<\/b><\/li>\n<li>The ring comes with its 100% cotton pouch.<\/li>\n<li>To extend the family\u00a0<a href=\"https:\/\/preprod.unchicfou.com\/?s=sophia&#038;post_type=product\">SOPHIA<\/a>.<\/li>\n<\/ul>\n","protected":false},"excerpt":{"rendered":"<p>Solid silver ring. Inspired from the braid.<\/p>\n<p>We like it in our hair or on Sunday&#8217;s table with our family (in Switzerland it&#8217;s a delicious brioche \ud83d\ude42<\/p>\n","protected":false},"featured_media":4387,"template":"","meta":{"_acf_changed":false},"product_brand":[],"product_cat":[83],"product_tag":[1933,949,472,440],"class_list":{"0":"post-1871","1":"product","2":"type-product","3":"status-publish","4":"has-post-thumbnail","6":"product_cat-rings-gold-silver","7":"product_tag-black-friday-en","8":"product_tag-collection-sophia-en","9":"product_tag-rhodium-plated-en","10":"product_tag-silver-en","12":"first","13":"instock","14":"purchasable","15":"product-type-simple"},"acf":[],"yoast_head":"<!-- This site is optimized with the Yoast SEO plugin v27.3 - https:\/\/yoast.com\/product\/yoast-seo-wordpress\/ -->\n<title>Ring SOPHIA - un chic fou Solid silver ring. Inspired by the braid.<\/title>\n<meta name=\"description\" content=\"un chic fou - Solid 925\/1000 silver ring with rhodium finish. The braid unites, brings together whether in the hair or on Sunday&#039;s table.\" \/>\n<meta name=\"robots\" content=\"index, follow, max-snippet:-1, max-image-preview:large, max-video-preview:-1\" \/>\n<link rel=\"canonical\" href=\"https:\/\/preprod.unchicfou.com\/en\/produit\/sophia-ring-silver\/\" \/>\n<meta property=\"og:locale\" content=\"en_US\" \/>\n<meta property=\"og:type\" content=\"article\" \/>\n<meta property=\"og:title\" content=\"Ring SOPHIA - un chic fou Solid silver ring. Inspired by the braid.\" \/>\n<meta property=\"og:description\" content=\"un chic fou - Solid 925\/1000 silver ring with rhodium finish. The braid unites, brings together whether in the hair or on Sunday&#039;s table.\" \/>\n<meta property=\"og:url\" content=\"https:\/\/preprod.unchicfou.com\/en\/produit\/sophia-ring-silver\/\" \/>\n<meta property=\"og:site_name\" content=\"un chic fou\" \/>\n<meta property=\"article:modified_time\" content=\"2022-11-27T23:05:01+00:00\" \/>\n<meta property=\"og:image\" content=\"https:\/\/preprod.unchicfou.com\/wp-content\/uploads\/2020\/06\/SOPHIA-AG_1-scaled.jpg\" \/>\n\t<meta property=\"og:image:width\" content=\"2560\" \/>\n\t<meta property=\"og:image:height\" content=\"2560\" \/>\n\t<meta property=\"og:image:type\" content=\"image\/jpeg\" \/>\n<meta name=\"twitter:card\" content=\"summary_large_image\" \/>\n<meta name=\"twitter:label1\" content=\"Est. reading time\" \/>\n\t<meta name=\"twitter:data1\" content=\"2 minutes\" \/>\n<!-- \/ Yoast SEO plugin. -->","yoast_head_json":{"title":"Ring SOPHIA - un chic fou Solid silver ring. Inspired by the braid.","description":"un chic fou - Solid 925\/1000 silver ring with rhodium finish. The braid unites, brings together whether in the hair or on Sunday's table.","robots":{"index":"index","follow":"follow","max-snippet":"max-snippet:-1","max-image-preview":"max-image-preview:large","max-video-preview":"max-video-preview:-1"},"canonical":"https:\/\/preprod.unchicfou.com\/en\/produit\/sophia-ring-silver\/","og_locale":"en_US","og_type":"article","og_title":"Ring SOPHIA - un chic fou Solid silver ring. Inspired by the braid.","og_description":"un chic fou - Solid 925\/1000 silver ring with rhodium finish. The braid unites, brings together whether in the hair or on Sunday's table.","og_url":"https:\/\/preprod.unchicfou.com\/en\/produit\/sophia-ring-silver\/","og_site_name":"un chic fou","article_modified_time":"2022-11-27T23:05:01+00:00","og_image":[{"width":2560,"height":2560,"url":"https:\/\/preprod.unchicfou.com\/wp-content\/uploads\/2020\/06\/SOPHIA-AG_1-scaled.jpg","type":"image\/jpeg"}],"twitter_card":"summary_large_image","twitter_misc":{"Est. reading time":"2 minutes"},"schema":{"@context":"https:\/\/schema.org","@graph":[{"@type":"WebPage","@id":"https:\/\/preprod.unchicfou.com\/en\/produit\/sophia-ring-silver\/","url":"https:\/\/preprod.unchicfou.com\/en\/produit\/sophia-ring-silver\/","name":"Ring SOPHIA - un chic fou Solid silver ring. Inspired by the braid.","isPartOf":{"@id":"https:\/\/preprod.unchicfou.com\/en\/#website"},"primaryImageOfPage":{"@id":"https:\/\/preprod.unchicfou.com\/en\/produit\/sophia-ring-silver\/#primaryimage"},"image":{"@id":"https:\/\/preprod.unchicfou.com\/en\/produit\/sophia-ring-silver\/#primaryimage"},"thumbnailUrl":"https:\/\/preprod.unchicfou.com\/wp-content\/uploads\/2020\/06\/SOPHIA-AG_1-scaled.jpg","datePublished":"2019-04-23T19:46:50+00:00","dateModified":"2022-11-27T23:05:01+00:00","description":"un chic fou - Solid 925\/1000 silver ring with rhodium finish. The braid unites, brings together whether in the hair or on Sunday's table.","breadcrumb":{"@id":"https:\/\/preprod.unchicfou.com\/en\/produit\/sophia-ring-silver\/#breadcrumb"},"inLanguage":"en-US","potentialAction":[{"@type":"ReadAction","target":["https:\/\/preprod.unchicfou.com\/en\/produit\/sophia-ring-silver\/"]}]},{"@type":"ImageObject","inLanguage":"en-US","@id":"https:\/\/preprod.unchicfou.com\/en\/produit\/sophia-ring-silver\/#primaryimage","url":"https:\/\/preprod.unchicfou.com\/wp-content\/uploads\/2020\/06\/SOPHIA-AG_1-scaled.jpg","contentUrl":"https:\/\/preprod.unchicfou.com\/wp-content\/uploads\/2020\/06\/SOPHIA-AG_1-scaled.jpg","width":2560,"height":2560,"caption":"SOPHIA AG 1 scaled"},{"@type":"BreadcrumbList","@id":"https:\/\/preprod.unchicfou.com\/en\/produit\/sophia-ring-silver\/#breadcrumb","itemListElement":[{"@type":"ListItem","position":1,"name":"Accueil","item":"https:\/\/preprod.unchicfou.com\/en\/"},{"@type":"ListItem","position":2,"name":"Boutique","item":"https:\/\/preprod.unchicfou.com\/boutique-unchicfou-bijoux-lin\/"},{"@type":"ListItem","position":3,"name":"Ring SOPHIA"}]},{"@type":"WebSite","@id":"https:\/\/preprod.unchicfou.com\/en\/#website","url":"https:\/\/preprod.unchicfou.com\/en\/","name":"un chic fou","description":"Bijoux \u00e9l\u00e9gants, raffin\u00e9s et intemporels faits avec le coeur","potentialAction":[{"@type":"SearchAction","target":{"@type":"EntryPoint","urlTemplate":"https:\/\/preprod.unchicfou.com\/en\/?s={search_term_string}"},"query-input":{"@type":"PropertyValueSpecification","valueRequired":true,"valueName":"search_term_string"}}],"inLanguage":"en-US"}]}},"_links":{"self":[{"href":"https:\/\/preprod.unchicfou.com\/en\/wp-json\/wp\/v2\/product\/1871","targetHints":{"allow":["GET"]}}],"collection":[{"href":"https:\/\/preprod.unchicfou.com\/en\/wp-json\/wp\/v2\/product"}],"about":[{"href":"https:\/\/preprod.unchicfou.com\/en\/wp-json\/wp\/v2\/types\/product"}],"wp:featuredmedia":[{"embeddable":true,"href":"https:\/\/preprod.unchicfou.com\/en\/wp-json\/wp\/v2\/media\/4387"}],"wp:attachment":[{"href":"https:\/\/preprod.unchicfou.com\/en\/wp-json\/wp\/v2\/media?parent=1871"}],"wp:term":[{"taxonomy":"product_brand","embeddable":true,"href":"https:\/\/preprod.unchicfou.com\/en\/wp-json\/wp\/v2\/product_brand?post=1871"},{"taxonomy":"product_cat","embeddable":true,"href":"https:\/\/preprod.unchicfou.com\/en\/wp-json\/wp\/v2\/product_cat?post=1871"},{"taxonomy":"product_tag","embeddable":true,"href":"https:\/\/preprod.unchicfou.com\/en\/wp-json\/wp\/v2\/product_tag?post=1871"}],"curies":[{"name":"wp","href":"https:\/\/api.w.org\/{rel}","templated":true}]}}