{"id":1798,"date":"2019-04-23T21:14:51","date_gmt":"2019-04-23T19:14:51","guid":{"rendered":"http:\/\/357nkacsig.preview.infomaniak.website\/?product=wings-earring"},"modified":"2021-07-07T15:01:36","modified_gmt":"2021-07-07T13:01:36","slug":"wings-earring-silver","status":"publish","type":"product","link":"https:\/\/preprod.unchicfou.com\/en\/produit\/wings-earring-silver\/","title":{"rendered":"WINGS &#8211; Earring"},"content":{"rendered":"<p><strong><span style=\"text-decoration: underline;\">Earring sold by the unit.<\/span><\/strong><\/p>\n<p>Gold plated\u00a0earring.<\/p>\n<p class=\"pardfaut\"><span lang=\"fr\" xml:lang=\"fr\">An hymn to lightness. You grow wings and fly away! Wear it alone, it will dress up your\u00a0whole\u00a0ear!<\/span><\/p>\n","protected":false},"excerpt":{"rendered":"<p>Gold plated earring.<\/p>\n<p>Like wings on your ears.<\/p>\n","protected":false},"featured_media":1793,"template":"","meta":{"_acf_changed":false},"product_brand":[],"product_cat":[95],"product_tag":[803],"class_list":{"0":"post-1798","1":"product","2":"type-product","3":"status-publish","4":"has-post-thumbnail","6":"product_cat-earring-by-unit-mixmatch","7":"product_tag-les-dernieres-chances-en","9":"first","10":"instock","11":"purchasable","12":"product-type-variable"},"acf":[],"yoast_head":"<!-- This site is optimized with the Yoast SEO plugin v27.3 - https:\/\/yoast.com\/product\/yoast-seo-wordpress\/ -->\n<title>un chic fou - WINGS - Earring . Solid silver earrings, like wings on your ears<\/title>\n<meta name=\"description\" content=\"un chic fou - Solid silver earrings, rhodium plated. Symbol of freedom and independence. open your wings and fly.\" \/>\n<meta name=\"robots\" content=\"index, follow, max-snippet:-1, max-image-preview:large, max-video-preview:-1\" \/>\n<link rel=\"canonical\" href=\"https:\/\/preprod.unchicfou.com\/en\/produit\/wings-earring-silver\/\" \/>\n<meta property=\"og:locale\" content=\"en_US\" \/>\n<meta property=\"og:type\" content=\"article\" \/>\n<meta property=\"og:title\" content=\"un chic fou - WINGS - Earring . Solid silver earrings, like wings on your ears\" \/>\n<meta property=\"og:description\" content=\"un chic fou - Solid silver earrings, rhodium plated. Symbol of freedom and independence. open your wings and fly.\" \/>\n<meta property=\"og:url\" content=\"https:\/\/preprod.unchicfou.com\/en\/produit\/wings-earring-silver\/\" \/>\n<meta property=\"og:site_name\" content=\"un chic fou\" \/>\n<meta property=\"article:modified_time\" content=\"2021-07-07T13:01:36+00:00\" \/>\n<meta property=\"og:image\" content=\"https:\/\/preprod.unchicfou.com\/wp-content\/uploads\/2020\/06\/2397-scaled.jpg\" \/>\n\t<meta property=\"og:image:width\" content=\"2560\" \/>\n\t<meta property=\"og:image:height\" content=\"2560\" \/>\n\t<meta property=\"og:image:type\" content=\"image\/jpeg\" \/>\n<meta name=\"twitter:card\" content=\"summary_large_image\" \/>\n<!-- \/ Yoast SEO plugin. -->","yoast_head_json":{"title":"un chic fou - WINGS - Earring . Solid silver earrings, like wings on your ears","description":"un chic fou - Solid silver earrings, rhodium plated. Symbol of freedom and independence. open your wings and fly.","robots":{"index":"index","follow":"follow","max-snippet":"max-snippet:-1","max-image-preview":"max-image-preview:large","max-video-preview":"max-video-preview:-1"},"canonical":"https:\/\/preprod.unchicfou.com\/en\/produit\/wings-earring-silver\/","og_locale":"en_US","og_type":"article","og_title":"un chic fou - WINGS - Earring . Solid silver earrings, like wings on your ears","og_description":"un chic fou - Solid silver earrings, rhodium plated. Symbol of freedom and independence. open your wings and fly.","og_url":"https:\/\/preprod.unchicfou.com\/en\/produit\/wings-earring-silver\/","og_site_name":"un chic fou","article_modified_time":"2021-07-07T13:01:36+00:00","og_image":[{"width":2560,"height":2560,"url":"https:\/\/preprod.unchicfou.com\/wp-content\/uploads\/2020\/06\/2397-scaled.jpg","type":"image\/jpeg"}],"twitter_card":"summary_large_image","schema":{"@context":"https:\/\/schema.org","@graph":[{"@type":"WebPage","@id":"https:\/\/preprod.unchicfou.com\/en\/produit\/wings-earring-silver\/","url":"https:\/\/preprod.unchicfou.com\/en\/produit\/wings-earring-silver\/","name":"un chic fou - WINGS - Earring . Solid silver earrings, like wings on your ears","isPartOf":{"@id":"https:\/\/preprod.unchicfou.com\/en\/#website"},"primaryImageOfPage":{"@id":"https:\/\/preprod.unchicfou.com\/en\/produit\/wings-earring-silver\/#primaryimage"},"image":{"@id":"https:\/\/preprod.unchicfou.com\/en\/produit\/wings-earring-silver\/#primaryimage"},"thumbnailUrl":"https:\/\/preprod.unchicfou.com\/wp-content\/uploads\/2020\/06\/2397-scaled.jpg","datePublished":"2019-04-23T19:14:51+00:00","dateModified":"2021-07-07T13:01:36+00:00","description":"un chic fou - Solid silver earrings, rhodium plated. Symbol of freedom and independence. open your wings and fly.","breadcrumb":{"@id":"https:\/\/preprod.unchicfou.com\/en\/produit\/wings-earring-silver\/#breadcrumb"},"inLanguage":"en-US","potentialAction":[{"@type":"ReadAction","target":["https:\/\/preprod.unchicfou.com\/en\/produit\/wings-earring-silver\/"]}]},{"@type":"ImageObject","inLanguage":"en-US","@id":"https:\/\/preprod.unchicfou.com\/en\/produit\/wings-earring-silver\/#primaryimage","url":"https:\/\/preprod.unchicfou.com\/wp-content\/uploads\/2020\/06\/2397-scaled.jpg","contentUrl":"https:\/\/preprod.unchicfou.com\/wp-content\/uploads\/2020\/06\/2397-scaled.jpg","width":2560,"height":2560,"caption":"2397 scaled"},{"@type":"BreadcrumbList","@id":"https:\/\/preprod.unchicfou.com\/en\/produit\/wings-earring-silver\/#breadcrumb","itemListElement":[{"@type":"ListItem","position":1,"name":"Accueil","item":"https:\/\/preprod.unchicfou.com\/en\/"},{"@type":"ListItem","position":2,"name":"Boutique","item":"https:\/\/preprod.unchicfou.com\/boutique-unchicfou-bijoux-lin\/"},{"@type":"ListItem","position":3,"name":"WINGS &#8211; Earring"}]},{"@type":"WebSite","@id":"https:\/\/preprod.unchicfou.com\/en\/#website","url":"https:\/\/preprod.unchicfou.com\/en\/","name":"un chic fou","description":"Bijoux \u00e9l\u00e9gants, raffin\u00e9s et intemporels faits avec le coeur","potentialAction":[{"@type":"SearchAction","target":{"@type":"EntryPoint","urlTemplate":"https:\/\/preprod.unchicfou.com\/en\/?s={search_term_string}"},"query-input":{"@type":"PropertyValueSpecification","valueRequired":true,"valueName":"search_term_string"}}],"inLanguage":"en-US"}]}},"_links":{"self":[{"href":"https:\/\/preprod.unchicfou.com\/en\/wp-json\/wp\/v2\/product\/1798","targetHints":{"allow":["GET"]}}],"collection":[{"href":"https:\/\/preprod.unchicfou.com\/en\/wp-json\/wp\/v2\/product"}],"about":[{"href":"https:\/\/preprod.unchicfou.com\/en\/wp-json\/wp\/v2\/types\/product"}],"wp:featuredmedia":[{"embeddable":true,"href":"https:\/\/preprod.unchicfou.com\/en\/wp-json\/wp\/v2\/media\/1793"}],"wp:attachment":[{"href":"https:\/\/preprod.unchicfou.com\/en\/wp-json\/wp\/v2\/media?parent=1798"}],"wp:term":[{"taxonomy":"product_brand","embeddable":true,"href":"https:\/\/preprod.unchicfou.com\/en\/wp-json\/wp\/v2\/product_brand?post=1798"},{"taxonomy":"product_cat","embeddable":true,"href":"https:\/\/preprod.unchicfou.com\/en\/wp-json\/wp\/v2\/product_cat?post=1798"},{"taxonomy":"product_tag","embeddable":true,"href":"https:\/\/preprod.unchicfou.com\/en\/wp-json\/wp\/v2\/product_tag?post=1798"}],"curies":[{"name":"wp","href":"https:\/\/api.w.org\/{rel}","templated":true}]}}