{"id":1768,"date":"2019-04-23T16:44:43","date_gmt":"2019-04-23T14:44:43","guid":{"rendered":"http:\/\/357nkacsig.preview.infomaniak.website\/?product=weegee-earring"},"modified":"2023-01-23T00:00:23","modified_gmt":"2023-01-22T23:00:23","slug":"weegee-earring-gold","status":"publish","type":"product","link":"https:\/\/preprod.unchicfou.com\/en\/produit\/weegee-earring-gold\/","title":{"rendered":"WEEGEE"},"content":{"rendered":"<ul>\n<li><strong>Earring sold by the unit. Order two units if you want a pair.<\/strong><\/li>\n<li>Material : brass with 18k gold plating at 5 microns.<\/li>\n<li>Inspiration : creative and original like the eye of the famous American photographer of the 40&#8242;, Weegee !. A unique wear to wear it !!<\/li>\n<li>Details : width 14mm, height 7mm. Satin brushed and polished finish. Palm tree design, push-piece closing.<\/li>\n<li><strong>Swiss Design. Local production in the Great Geneva area.<\/strong><\/li>\n<li>The earring comes in its 100% cotton pouch.<\/li>\n<\/ul>\n","protected":false},"excerpt":{"rendered":"<p>Gold plated earring.<\/p>\n<p>Surprising and creative like a Weegee photograph.<\/p>\n","protected":false},"featured_media":4301,"template":"","meta":{"_acf_changed":false},"product_brand":[],"product_cat":[95,1374],"product_tag":[1933,375,803],"class_list":{"0":"post-1768","1":"product","2":"type-product","3":"status-publish","4":"has-post-thumbnail","6":"product_cat-earring-by-unit-mixmatch","7":"product_cat-sales","8":"product_tag-black-friday-en","9":"product_tag-gold-plated-en","10":"product_tag-les-dernieres-chances-en","12":"first","13":"instock","14":"purchasable","15":"product-type-simple"},"acf":[],"yoast_head":"<!-- This site is optimized with the Yoast SEO plugin v27.3 - https:\/\/yoast.com\/product\/yoast-seo-wordpress\/ -->\n<title>un chic fou - WEEGEE. Unique gold plated earring. 1 original way to wear.<\/title>\n<meta name=\"description\" content=\"un chic fou - Original brass earring with 18k gold plating. A unique way to wear them on the ear. Satin and polished finish.\" \/>\n<meta name=\"robots\" content=\"index, follow, max-snippet:-1, max-image-preview:large, max-video-preview:-1\" \/>\n<link rel=\"canonical\" href=\"https:\/\/preprod.unchicfou.com\/en\/produit\/weegee-earring-gold\/\" \/>\n<meta property=\"og:locale\" content=\"en_US\" \/>\n<meta property=\"og:type\" content=\"article\" \/>\n<meta property=\"og:title\" content=\"un chic fou - WEEGEE. Unique gold plated earring. 1 original way to wear.\" \/>\n<meta property=\"og:description\" content=\"un chic fou - Original brass earring with 18k gold plating. A unique way to wear them on the ear. Satin and polished finish.\" \/>\n<meta property=\"og:url\" content=\"https:\/\/preprod.unchicfou.com\/en\/produit\/weegee-earring-gold\/\" \/>\n<meta property=\"og:site_name\" content=\"un chic fou\" \/>\n<meta property=\"article:modified_time\" content=\"2023-01-22T23:00:23+00:00\" \/>\n<meta property=\"og:image\" content=\"https:\/\/preprod.unchicfou.com\/wp-content\/uploads\/2020\/06\/WEEGEE-OR-scaled.jpg\" \/>\n\t<meta property=\"og:image:width\" content=\"2560\" \/>\n\t<meta property=\"og:image:height\" content=\"2560\" \/>\n\t<meta property=\"og:image:type\" content=\"image\/jpeg\" \/>\n<meta name=\"twitter:card\" content=\"summary_large_image\" \/>\n<!-- \/ Yoast SEO plugin. -->","yoast_head_json":{"title":"un chic fou - WEEGEE. Unique gold plated earring. 1 original way to wear.","description":"un chic fou - Original brass earring with 18k gold plating. A unique way to wear them on the ear. Satin and polished finish.","robots":{"index":"index","follow":"follow","max-snippet":"max-snippet:-1","max-image-preview":"max-image-preview:large","max-video-preview":"max-video-preview:-1"},"canonical":"https:\/\/preprod.unchicfou.com\/en\/produit\/weegee-earring-gold\/","og_locale":"en_US","og_type":"article","og_title":"un chic fou - WEEGEE. Unique gold plated earring. 1 original way to wear.","og_description":"un chic fou - Original brass earring with 18k gold plating. A unique way to wear them on the ear. Satin and polished finish.","og_url":"https:\/\/preprod.unchicfou.com\/en\/produit\/weegee-earring-gold\/","og_site_name":"un chic fou","article_modified_time":"2023-01-22T23:00:23+00:00","og_image":[{"width":2560,"height":2560,"url":"https:\/\/preprod.unchicfou.com\/wp-content\/uploads\/2020\/06\/WEEGEE-OR-scaled.jpg","type":"image\/jpeg"}],"twitter_card":"summary_large_image","schema":{"@context":"https:\/\/schema.org","@graph":[{"@type":"WebPage","@id":"https:\/\/preprod.unchicfou.com\/en\/produit\/weegee-earring-gold\/","url":"https:\/\/preprod.unchicfou.com\/en\/produit\/weegee-earring-gold\/","name":"un chic fou - WEEGEE. Unique gold plated earring. 1 original way to wear.","isPartOf":{"@id":"https:\/\/preprod.unchicfou.com\/en\/#website"},"primaryImageOfPage":{"@id":"https:\/\/preprod.unchicfou.com\/en\/produit\/weegee-earring-gold\/#primaryimage"},"image":{"@id":"https:\/\/preprod.unchicfou.com\/en\/produit\/weegee-earring-gold\/#primaryimage"},"thumbnailUrl":"https:\/\/preprod.unchicfou.com\/wp-content\/uploads\/2020\/06\/WEEGEE-OR-scaled.jpg","datePublished":"2019-04-23T14:44:43+00:00","dateModified":"2023-01-22T23:00:23+00:00","description":"un chic fou - Original brass earring with 18k gold plating. A unique way to wear them on the ear. Satin and polished finish.","breadcrumb":{"@id":"https:\/\/preprod.unchicfou.com\/en\/produit\/weegee-earring-gold\/#breadcrumb"},"inLanguage":"en-US","potentialAction":[{"@type":"ReadAction","target":["https:\/\/preprod.unchicfou.com\/en\/produit\/weegee-earring-gold\/"]}]},{"@type":"ImageObject","inLanguage":"en-US","@id":"https:\/\/preprod.unchicfou.com\/en\/produit\/weegee-earring-gold\/#primaryimage","url":"https:\/\/preprod.unchicfou.com\/wp-content\/uploads\/2020\/06\/WEEGEE-OR-scaled.jpg","contentUrl":"https:\/\/preprod.unchicfou.com\/wp-content\/uploads\/2020\/06\/WEEGEE-OR-scaled.jpg","width":2560,"height":2560,"caption":"WEEGEE OR scaled"},{"@type":"BreadcrumbList","@id":"https:\/\/preprod.unchicfou.com\/en\/produit\/weegee-earring-gold\/#breadcrumb","itemListElement":[{"@type":"ListItem","position":1,"name":"Accueil","item":"https:\/\/preprod.unchicfou.com\/en\/"},{"@type":"ListItem","position":2,"name":"Boutique","item":"https:\/\/preprod.unchicfou.com\/boutique-unchicfou-bijoux-lin\/"},{"@type":"ListItem","position":3,"name":"WEEGEE"}]},{"@type":"WebSite","@id":"https:\/\/preprod.unchicfou.com\/en\/#website","url":"https:\/\/preprod.unchicfou.com\/en\/","name":"un chic fou","description":"Bijoux \u00e9l\u00e9gants, raffin\u00e9s et intemporels faits avec le coeur","potentialAction":[{"@type":"SearchAction","target":{"@type":"EntryPoint","urlTemplate":"https:\/\/preprod.unchicfou.com\/en\/?s={search_term_string}"},"query-input":{"@type":"PropertyValueSpecification","valueRequired":true,"valueName":"search_term_string"}}],"inLanguage":"en-US"}]}},"_links":{"self":[{"href":"https:\/\/preprod.unchicfou.com\/en\/wp-json\/wp\/v2\/product\/1768","targetHints":{"allow":["GET"]}}],"collection":[{"href":"https:\/\/preprod.unchicfou.com\/en\/wp-json\/wp\/v2\/product"}],"about":[{"href":"https:\/\/preprod.unchicfou.com\/en\/wp-json\/wp\/v2\/types\/product"}],"wp:featuredmedia":[{"embeddable":true,"href":"https:\/\/preprod.unchicfou.com\/en\/wp-json\/wp\/v2\/media\/4301"}],"wp:attachment":[{"href":"https:\/\/preprod.unchicfou.com\/en\/wp-json\/wp\/v2\/media?parent=1768"}],"wp:term":[{"taxonomy":"product_brand","embeddable":true,"href":"https:\/\/preprod.unchicfou.com\/en\/wp-json\/wp\/v2\/product_brand?post=1768"},{"taxonomy":"product_cat","embeddable":true,"href":"https:\/\/preprod.unchicfou.com\/en\/wp-json\/wp\/v2\/product_cat?post=1768"},{"taxonomy":"product_tag","embeddable":true,"href":"https:\/\/preprod.unchicfou.com\/en\/wp-json\/wp\/v2\/product_tag?post=1768"}],"curies":[{"name":"wp","href":"https:\/\/api.w.org\/{rel}","templated":true}]}}