{"id":1664,"date":"2019-04-23T15:28:47","date_gmt":"2019-04-23T13:28:47","guid":{"rendered":"http:\/\/357nkacsig.preview.infomaniak.website\/?product=irma-earring"},"modified":"2020-11-08T20:09:48","modified_gmt":"2020-11-08T19:09:48","slug":"irma-earring-gold","status":"publish","type":"product","link":"https:\/\/preprod.unchicfou.com\/en\/produit\/irma-earring-gold\/","title":{"rendered":"IRMA"},"content":{"rendered":"<ul>\n<li><b>Gold plated earring.\u00a0<\/b><\/li>\n<li>Material: brass with 18k gold plating at 5 microns..<\/li>\n<li>Inspiration: Three large intertwined loops. Tribute to his grandma, IRMA.<\/li>\n<li>Details: diameter 28mm, max. height 38mm. Polished and hammered finish.<\/li>\n<li><b>Swiss Design. Local production in the Great Geneva area.<\/b><\/li>\n<li>The earring comes with its 100% cotton pouch.<\/li>\n<li>To extend the family\u00a0<a href=\"https:\/\/preprod.unchicfou.com\/?s=irma&#038;post_type=product\">IRMA<\/a>.<\/li>\n<\/ul>\n","protected":false},"excerpt":{"rendered":"<p>Gold plated earring.<\/p>\n<p><span lang=\"fr\" xml:lang=\"fr\">Three\u00a0hoops intertwined to create both a retro and modern feel.<\/span><\/p>\n","protected":false},"featured_media":4327,"template":"","meta":{"_acf_changed":false},"product_brand":[],"product_cat":[95],"product_tag":[897,950,375,509,565],"class_list":{"0":"post-1664","1":"product","2":"type-product","3":"status-publish","4":"has-post-thumbnail","6":"product_cat-earring-by-unit-mixmatch","7":"product_tag--selection-fete-des-meres--en","8":"product_tag-collection-irma-en","9":"product_tag-gold-plated-en","10":"product_tag-hammered-en","11":"product_tag-smooth-en","13":"first","14":"instock","15":"featured","16":"purchasable","17":"product-type-simple"},"acf":[],"yoast_head":"<!-- This site is optimized with the Yoast SEO plugin v27.3 - https:\/\/yoast.com\/product\/yoast-seo-wordpress\/ -->\n<title>IRMA - un chic fou. Gold plated earring. Three intertwined loops.<\/title>\n<meta name=\"description\" content=\"un chic fou - Brass earring with 18k gold plating at 5 microns. Three intertwined loops, hammered and smooth finish. Retro and modern.\" \/>\n<meta name=\"robots\" content=\"index, follow, max-snippet:-1, max-image-preview:large, max-video-preview:-1\" \/>\n<link rel=\"canonical\" href=\"https:\/\/preprod.unchicfou.com\/en\/produit\/irma-earring-gold\/\" \/>\n<meta property=\"og:locale\" content=\"en_US\" \/>\n<meta property=\"og:type\" content=\"article\" \/>\n<meta property=\"og:title\" content=\"IRMA - un chic fou. Gold plated earring. Three intertwined loops.\" \/>\n<meta property=\"og:description\" content=\"un chic fou - Brass earring with 18k gold plating at 5 microns. Three intertwined loops, hammered and smooth finish. Retro and modern.\" \/>\n<meta property=\"og:url\" content=\"https:\/\/preprod.unchicfou.com\/en\/produit\/irma-earring-gold\/\" \/>\n<meta property=\"og:site_name\" content=\"un chic fou\" \/>\n<meta property=\"article:modified_time\" content=\"2020-11-08T19:09:48+00:00\" \/>\n<meta property=\"og:image\" content=\"https:\/\/preprod.unchicfou.com\/wp-content\/uploads\/2020\/06\/IRMA-LARGE-OR-scaled.jpg\" \/>\n\t<meta property=\"og:image:width\" content=\"2560\" \/>\n\t<meta property=\"og:image:height\" content=\"2560\" \/>\n\t<meta property=\"og:image:type\" content=\"image\/jpeg\" \/>\n<meta name=\"twitter:card\" content=\"summary_large_image\" \/>\n<!-- \/ Yoast SEO plugin. -->","yoast_head_json":{"title":"IRMA - un chic fou. Gold plated earring. Three intertwined loops.","description":"un chic fou - Brass earring with 18k gold plating at 5 microns. Three intertwined loops, hammered and smooth finish. Retro and modern.","robots":{"index":"index","follow":"follow","max-snippet":"max-snippet:-1","max-image-preview":"max-image-preview:large","max-video-preview":"max-video-preview:-1"},"canonical":"https:\/\/preprod.unchicfou.com\/en\/produit\/irma-earring-gold\/","og_locale":"en_US","og_type":"article","og_title":"IRMA - un chic fou. Gold plated earring. Three intertwined loops.","og_description":"un chic fou - Brass earring with 18k gold plating at 5 microns. Three intertwined loops, hammered and smooth finish. Retro and modern.","og_url":"https:\/\/preprod.unchicfou.com\/en\/produit\/irma-earring-gold\/","og_site_name":"un chic fou","article_modified_time":"2020-11-08T19:09:48+00:00","og_image":[{"width":2560,"height":2560,"url":"https:\/\/preprod.unchicfou.com\/wp-content\/uploads\/2020\/06\/IRMA-LARGE-OR-scaled.jpg","type":"image\/jpeg"}],"twitter_card":"summary_large_image","schema":{"@context":"https:\/\/schema.org","@graph":[{"@type":"WebPage","@id":"https:\/\/preprod.unchicfou.com\/en\/produit\/irma-earring-gold\/","url":"https:\/\/preprod.unchicfou.com\/en\/produit\/irma-earring-gold\/","name":"IRMA - un chic fou. Gold plated earring. Three intertwined loops.","isPartOf":{"@id":"https:\/\/preprod.unchicfou.com\/en\/#website"},"primaryImageOfPage":{"@id":"https:\/\/preprod.unchicfou.com\/en\/produit\/irma-earring-gold\/#primaryimage"},"image":{"@id":"https:\/\/preprod.unchicfou.com\/en\/produit\/irma-earring-gold\/#primaryimage"},"thumbnailUrl":"https:\/\/preprod.unchicfou.com\/wp-content\/uploads\/2020\/06\/IRMA-LARGE-OR-scaled.jpg","datePublished":"2019-04-23T13:28:47+00:00","dateModified":"2020-11-08T19:09:48+00:00","description":"un chic fou - Brass earring with 18k gold plating at 5 microns. Three intertwined loops, hammered and smooth finish. Retro and modern.","breadcrumb":{"@id":"https:\/\/preprod.unchicfou.com\/en\/produit\/irma-earring-gold\/#breadcrumb"},"inLanguage":"en-US","potentialAction":[{"@type":"ReadAction","target":["https:\/\/preprod.unchicfou.com\/en\/produit\/irma-earring-gold\/"]}]},{"@type":"ImageObject","inLanguage":"en-US","@id":"https:\/\/preprod.unchicfou.com\/en\/produit\/irma-earring-gold\/#primaryimage","url":"https:\/\/preprod.unchicfou.com\/wp-content\/uploads\/2020\/06\/IRMA-LARGE-OR-scaled.jpg","contentUrl":"https:\/\/preprod.unchicfou.com\/wp-content\/uploads\/2020\/06\/IRMA-LARGE-OR-scaled.jpg","width":2560,"height":2560,"caption":"IRMA LARGE OR scaled"},{"@type":"BreadcrumbList","@id":"https:\/\/preprod.unchicfou.com\/en\/produit\/irma-earring-gold\/#breadcrumb","itemListElement":[{"@type":"ListItem","position":1,"name":"Accueil","item":"https:\/\/preprod.unchicfou.com\/en\/"},{"@type":"ListItem","position":2,"name":"Boutique","item":"https:\/\/preprod.unchicfou.com\/boutique-unchicfou-bijoux-lin\/"},{"@type":"ListItem","position":3,"name":"IRMA"}]},{"@type":"WebSite","@id":"https:\/\/preprod.unchicfou.com\/en\/#website","url":"https:\/\/preprod.unchicfou.com\/en\/","name":"un chic fou","description":"Bijoux \u00e9l\u00e9gants, raffin\u00e9s et intemporels faits avec le coeur","potentialAction":[{"@type":"SearchAction","target":{"@type":"EntryPoint","urlTemplate":"https:\/\/preprod.unchicfou.com\/en\/?s={search_term_string}"},"query-input":{"@type":"PropertyValueSpecification","valueRequired":true,"valueName":"search_term_string"}}],"inLanguage":"en-US"}]}},"_links":{"self":[{"href":"https:\/\/preprod.unchicfou.com\/en\/wp-json\/wp\/v2\/product\/1664","targetHints":{"allow":["GET"]}}],"collection":[{"href":"https:\/\/preprod.unchicfou.com\/en\/wp-json\/wp\/v2\/product"}],"about":[{"href":"https:\/\/preprod.unchicfou.com\/en\/wp-json\/wp\/v2\/types\/product"}],"wp:featuredmedia":[{"embeddable":true,"href":"https:\/\/preprod.unchicfou.com\/en\/wp-json\/wp\/v2\/media\/4327"}],"wp:attachment":[{"href":"https:\/\/preprod.unchicfou.com\/en\/wp-json\/wp\/v2\/media?parent=1664"}],"wp:term":[{"taxonomy":"product_brand","embeddable":true,"href":"https:\/\/preprod.unchicfou.com\/en\/wp-json\/wp\/v2\/product_brand?post=1664"},{"taxonomy":"product_cat","embeddable":true,"href":"https:\/\/preprod.unchicfou.com\/en\/wp-json\/wp\/v2\/product_cat?post=1664"},{"taxonomy":"product_tag","embeddable":true,"href":"https:\/\/preprod.unchicfou.com\/en\/wp-json\/wp\/v2\/product_tag?post=1664"}],"curies":[{"name":"wp","href":"https:\/\/api.w.org\/{rel}","templated":true}]}}