{"id":16343,"date":"2022-02-28T16:48:37","date_gmt":"2022-02-28T15:48:37","guid":{"rendered":"http:\/\/prod.unchicfou.com\/?post_type=product&#038;p=16343"},"modified":"2022-09-22T15:34:25","modified_gmt":"2022-09-22T13:34:25","slug":"necklace-gold-adjustable","status":"publish","type":"product","link":"https:\/\/preprod.unchicfou.com\/en\/produit\/necklace-gold-adjustable\/","title":{"rendered":"Necklace TWIST"},"content":{"rendered":"<ul>\n<li><b>Gold\u00a0plated\u00a0necklace. Adjustable. 3 possible lengths.\u00a0<\/b><\/li>\n<li>Material: brass with 18k gold plating at 5 microns.<\/li>\n<li>Inspiration: anniversary\u00a0collection for our 10th year: <em>un chic fou<\/em> with an original Twist!<\/li>\n<li>Details: Adjustable thanks to its chain with three soldered closing rings. Length from 41 to 51cm. Twist made by hand by our craftsmen.<\/li>\n<li><b>Swiss Design. Local production in the Greater Geneva area.<\/b><\/li>\n<li>The necklace comes with its 100% cotton pouch.<\/li>\n<li>To extend the family TWIST.<\/li>\n<\/ul>\n","protected":false},"excerpt":{"rendered":"<p>Large golden necklace. Three rings on the chain enable to adjust the length.<\/p>\n<p>To celebrate our 10th anniversary, we have created a special line with more presence with a brand new and modern finishing.<\/p>\n<p>The jewel piece gains in volume and is twisted manually. An artisanal dexterity that naturally gave its name to the collection!<\/p>\n<p>The work by hand gives a unique originality to each piece. And the &#8220;twist&#8221; reflects the light in an unprecedented way.<\/p>\n","protected":false},"featured_media":16339,"template":"","meta":{"_acf_changed":false},"product_brand":[],"product_cat":[89],"product_tag":[375,1112,2092,919],"class_list":{"0":"post-16343","1":"product","2":"type-product","3":"status-publish","4":"has-post-thumbnail","6":"product_cat-necklaces-adjustable-gold-silver","7":"product_tag-gold-plated-en","8":"product_tag-new-novelties","9":"product_tag-twist-en","10":"product_tag-xl-en","12":"first","13":"instock","14":"featured","15":"purchasable","16":"product-type-simple"},"acf":[],"yoast_head":"<!-- This site is optimized with the Yoast SEO plugin v27.3 - https:\/\/yoast.com\/product\/yoast-seo-wordpress\/ -->\n<title>un chic fou - Necklace TWIST. Gold-plated. Adjustable.<\/title>\n<meta name=\"description\" content=\"un chic fou - Our 10th anniversary collection. Brass necklace with 18k gold plating. A unique twist made by hand by our craftsmen.\" \/>\n<meta name=\"robots\" content=\"index, follow, max-snippet:-1, max-image-preview:large, max-video-preview:-1\" \/>\n<link rel=\"canonical\" href=\"https:\/\/preprod.unchicfou.com\/en\/produit\/necklace-gold-adjustable\/\" \/>\n<meta property=\"og:locale\" content=\"en_US\" \/>\n<meta property=\"og:type\" content=\"article\" \/>\n<meta property=\"og:title\" content=\"un chic fou - Necklace TWIST. Gold-plated. Adjustable.\" \/>\n<meta property=\"og:description\" content=\"un chic fou - Our 10th anniversary collection. Brass necklace with 18k gold plating. A unique twist made by hand by our craftsmen.\" \/>\n<meta property=\"og:url\" content=\"https:\/\/preprod.unchicfou.com\/en\/produit\/necklace-gold-adjustable\/\" \/>\n<meta property=\"og:site_name\" content=\"un chic fou\" \/>\n<meta property=\"article:modified_time\" content=\"2022-09-22T13:34:25+00:00\" \/>\n<meta property=\"og:image\" content=\"https:\/\/preprod.unchicfou.com\/wp-content\/uploads\/2022\/02\/TWIST-Collier-DORE-zoom.jpg\" \/>\n\t<meta property=\"og:image:width\" content=\"2000\" \/>\n\t<meta property=\"og:image:height\" content=\"2000\" \/>\n\t<meta property=\"og:image:type\" content=\"image\/jpeg\" \/>\n<meta name=\"twitter:card\" content=\"summary_large_image\" \/>\n<meta name=\"twitter:label1\" content=\"Est. reading time\" \/>\n\t<meta name=\"twitter:data1\" content=\"2 minutes\" \/>\n<!-- \/ Yoast SEO plugin. -->","yoast_head_json":{"title":"un chic fou - Necklace TWIST. Gold-plated. Adjustable.","description":"un chic fou - Our 10th anniversary collection. Brass necklace with 18k gold plating. A unique twist made by hand by our craftsmen.","robots":{"index":"index","follow":"follow","max-snippet":"max-snippet:-1","max-image-preview":"max-image-preview:large","max-video-preview":"max-video-preview:-1"},"canonical":"https:\/\/preprod.unchicfou.com\/en\/produit\/necklace-gold-adjustable\/","og_locale":"en_US","og_type":"article","og_title":"un chic fou - Necklace TWIST. Gold-plated. Adjustable.","og_description":"un chic fou - Our 10th anniversary collection. Brass necklace with 18k gold plating. A unique twist made by hand by our craftsmen.","og_url":"https:\/\/preprod.unchicfou.com\/en\/produit\/necklace-gold-adjustable\/","og_site_name":"un chic fou","article_modified_time":"2022-09-22T13:34:25+00:00","og_image":[{"width":2000,"height":2000,"url":"https:\/\/preprod.unchicfou.com\/wp-content\/uploads\/2022\/02\/TWIST-Collier-DORE-zoom.jpg","type":"image\/jpeg"}],"twitter_card":"summary_large_image","twitter_misc":{"Est. reading time":"2 minutes"},"schema":{"@context":"https:\/\/schema.org","@graph":[{"@type":"WebPage","@id":"https:\/\/preprod.unchicfou.com\/en\/produit\/necklace-gold-adjustable\/","url":"https:\/\/preprod.unchicfou.com\/en\/produit\/necklace-gold-adjustable\/","name":"un chic fou - Necklace TWIST. Gold-plated. Adjustable.","isPartOf":{"@id":"https:\/\/preprod.unchicfou.com\/en\/#website"},"primaryImageOfPage":{"@id":"https:\/\/preprod.unchicfou.com\/en\/produit\/necklace-gold-adjustable\/#primaryimage"},"image":{"@id":"https:\/\/preprod.unchicfou.com\/en\/produit\/necklace-gold-adjustable\/#primaryimage"},"thumbnailUrl":"https:\/\/preprod.unchicfou.com\/wp-content\/uploads\/2022\/02\/TWIST-Collier-DORE-zoom.jpg","datePublished":"2022-02-28T15:48:37+00:00","dateModified":"2022-09-22T13:34:25+00:00","description":"un chic fou - Our 10th anniversary collection. Brass necklace with 18k gold plating. A unique twist made by hand by our craftsmen.","breadcrumb":{"@id":"https:\/\/preprod.unchicfou.com\/en\/produit\/necklace-gold-adjustable\/#breadcrumb"},"inLanguage":"en-US","potentialAction":[{"@type":"ReadAction","target":["https:\/\/preprod.unchicfou.com\/en\/produit\/necklace-gold-adjustable\/"]}]},{"@type":"ImageObject","inLanguage":"en-US","@id":"https:\/\/preprod.unchicfou.com\/en\/produit\/necklace-gold-adjustable\/#primaryimage","url":"https:\/\/preprod.unchicfou.com\/wp-content\/uploads\/2022\/02\/TWIST-Collier-DORE-zoom.jpg","contentUrl":"https:\/\/preprod.unchicfou.com\/wp-content\/uploads\/2022\/02\/TWIST-Collier-DORE-zoom.jpg","width":2000,"height":2000},{"@type":"BreadcrumbList","@id":"https:\/\/preprod.unchicfou.com\/en\/produit\/necklace-gold-adjustable\/#breadcrumb","itemListElement":[{"@type":"ListItem","position":1,"name":"Accueil","item":"https:\/\/preprod.unchicfou.com\/en\/"},{"@type":"ListItem","position":2,"name":"Boutique","item":"https:\/\/preprod.unchicfou.com\/boutique-unchicfou-bijoux-lin\/"},{"@type":"ListItem","position":3,"name":"Necklace TWIST"}]},{"@type":"WebSite","@id":"https:\/\/preprod.unchicfou.com\/en\/#website","url":"https:\/\/preprod.unchicfou.com\/en\/","name":"un chic fou","description":"Bijoux \u00e9l\u00e9gants, raffin\u00e9s et intemporels faits avec le coeur","potentialAction":[{"@type":"SearchAction","target":{"@type":"EntryPoint","urlTemplate":"https:\/\/preprod.unchicfou.com\/en\/?s={search_term_string}"},"query-input":{"@type":"PropertyValueSpecification","valueRequired":true,"valueName":"search_term_string"}}],"inLanguage":"en-US"}]}},"_links":{"self":[{"href":"https:\/\/preprod.unchicfou.com\/en\/wp-json\/wp\/v2\/product\/16343","targetHints":{"allow":["GET"]}}],"collection":[{"href":"https:\/\/preprod.unchicfou.com\/en\/wp-json\/wp\/v2\/product"}],"about":[{"href":"https:\/\/preprod.unchicfou.com\/en\/wp-json\/wp\/v2\/types\/product"}],"wp:featuredmedia":[{"embeddable":true,"href":"https:\/\/preprod.unchicfou.com\/en\/wp-json\/wp\/v2\/media\/16339"}],"wp:attachment":[{"href":"https:\/\/preprod.unchicfou.com\/en\/wp-json\/wp\/v2\/media?parent=16343"}],"wp:term":[{"taxonomy":"product_brand","embeddable":true,"href":"https:\/\/preprod.unchicfou.com\/en\/wp-json\/wp\/v2\/product_brand?post=16343"},{"taxonomy":"product_cat","embeddable":true,"href":"https:\/\/preprod.unchicfou.com\/en\/wp-json\/wp\/v2\/product_cat?post=16343"},{"taxonomy":"product_tag","embeddable":true,"href":"https:\/\/preprod.unchicfou.com\/en\/wp-json\/wp\/v2\/product_tag?post=16343"}],"curies":[{"name":"wp","href":"https:\/\/api.w.org\/{rel}","templated":true}]}}