{"id":1616,"date":"2018-11-12T15:16:23","date_gmt":"2018-11-12T14:16:23","guid":{"rendered":"http:\/\/357nkacsig.preview.infomaniak.website\/?product=irma-necklace"},"modified":"2022-11-28T00:04:52","modified_gmt":"2022-11-27T23:04:52","slug":"irma-necklace-silver","status":"publish","type":"product","link":"https:\/\/preprod.unchicfou.com\/en\/produit\/irma-necklace-silver\/","title":{"rendered":"Necklace IRMA"},"content":{"rendered":"<ul>\n<li><b>Silver necklace.\u00a0<\/b><\/li>\n<li>Material: solid 925\/1000 silver with rhodium finish.<\/li>\n<li>Inspiration: Three large intertwined loops. Smooth and hammered finish. Tribute to his grandma, IRMA.<\/li>\n<li>Details: Pendant diameter 38mm. 3 length possibilities, 42 \u00e0 52cm.<\/li>\n<li><b>Swiss Design. Local production in the Great Geneva area.<\/b><\/li>\n<li>The necklace comes with its 100% cotton pouch.<\/li>\n<li>To extend the family\u00a0<a href=\"https:\/\/preprod.unchicfou.com\/?s=irma&#038;post_type=product\">IRMA<\/a>.<\/li>\n<\/ul>\n","protected":false},"excerpt":{"rendered":"<p>Solid silver\u00a0necklace.<\/p>\n<p>Retro and modern at the same time. Smooth and hammered finish, dear to un chic fou.<\/p>\n","protected":false},"featured_media":4435,"template":"","meta":{"_acf_changed":false},"product_brand":[],"product_cat":[89],"product_tag":[1933,950,898,509,472,565,440],"class_list":{"0":"post-1616","1":"product","2":"type-product","3":"status-publish","4":"has-post-thumbnail","6":"product_cat-necklaces-adjustable-gold-silver","7":"product_tag-black-friday-en","8":"product_tag-collection-irma-en","9":"product_tag-favorites-en","10":"product_tag-hammered-en","11":"product_tag-rhodium-plated-en","12":"product_tag-smooth-en","13":"product_tag-silver-en","15":"first","16":"instock","17":"featured","18":"purchasable","19":"product-type-simple"},"acf":[],"yoast_head":"<!-- This site is optimized with the Yoast SEO plugin v27.3 - https:\/\/yoast.com\/product\/yoast-seo-wordpress\/ -->\n<title>Necklace IRMA - un chic fou. Solid silver necklace with rhodium finish.<\/title>\n<meta name=\"description\" content=\"un chic fou - Solid 925\/1000 silver necklace with rhodium plating. Smooth and hammered finish. Retro and modern at the same time.\" \/>\n<meta name=\"robots\" content=\"index, follow, max-snippet:-1, max-image-preview:large, max-video-preview:-1\" \/>\n<link rel=\"canonical\" href=\"https:\/\/preprod.unchicfou.com\/en\/produit\/irma-necklace-silver\/\" \/>\n<meta property=\"og:locale\" content=\"en_US\" \/>\n<meta property=\"og:type\" content=\"article\" \/>\n<meta property=\"og:title\" content=\"Necklace IRMA - un chic fou. Solid silver necklace with rhodium finish.\" \/>\n<meta property=\"og:description\" content=\"un chic fou - Solid 925\/1000 silver necklace with rhodium plating. Smooth and hammered finish. Retro and modern at the same time.\" \/>\n<meta property=\"og:url\" content=\"https:\/\/preprod.unchicfou.com\/en\/produit\/irma-necklace-silver\/\" \/>\n<meta property=\"og:site_name\" content=\"un chic fou\" \/>\n<meta property=\"article:modified_time\" content=\"2022-11-27T23:04:52+00:00\" \/>\n<meta property=\"og:image\" content=\"https:\/\/preprod.unchicfou.com\/wp-content\/uploads\/2020\/06\/IRMA-AG_GP-scaled.jpg\" \/>\n\t<meta property=\"og:image:width\" content=\"2560\" \/>\n\t<meta property=\"og:image:height\" content=\"2560\" \/>\n\t<meta property=\"og:image:type\" content=\"image\/jpeg\" \/>\n<meta name=\"twitter:card\" content=\"summary_large_image\" \/>\n<!-- \/ Yoast SEO plugin. -->","yoast_head_json":{"title":"Necklace IRMA - un chic fou. Solid silver necklace with rhodium finish.","description":"un chic fou - Solid 925\/1000 silver necklace with rhodium plating. Smooth and hammered finish. Retro and modern at the same time.","robots":{"index":"index","follow":"follow","max-snippet":"max-snippet:-1","max-image-preview":"max-image-preview:large","max-video-preview":"max-video-preview:-1"},"canonical":"https:\/\/preprod.unchicfou.com\/en\/produit\/irma-necklace-silver\/","og_locale":"en_US","og_type":"article","og_title":"Necklace IRMA - un chic fou. Solid silver necklace with rhodium finish.","og_description":"un chic fou - Solid 925\/1000 silver necklace with rhodium plating. Smooth and hammered finish. Retro and modern at the same time.","og_url":"https:\/\/preprod.unchicfou.com\/en\/produit\/irma-necklace-silver\/","og_site_name":"un chic fou","article_modified_time":"2022-11-27T23:04:52+00:00","og_image":[{"width":2560,"height":2560,"url":"https:\/\/preprod.unchicfou.com\/wp-content\/uploads\/2020\/06\/IRMA-AG_GP-scaled.jpg","type":"image\/jpeg"}],"twitter_card":"summary_large_image","schema":{"@context":"https:\/\/schema.org","@graph":[{"@type":"WebPage","@id":"https:\/\/preprod.unchicfou.com\/en\/produit\/irma-necklace-silver\/","url":"https:\/\/preprod.unchicfou.com\/en\/produit\/irma-necklace-silver\/","name":"Necklace IRMA - un chic fou. Solid silver necklace with rhodium finish.","isPartOf":{"@id":"https:\/\/preprod.unchicfou.com\/en\/#website"},"primaryImageOfPage":{"@id":"https:\/\/preprod.unchicfou.com\/en\/produit\/irma-necklace-silver\/#primaryimage"},"image":{"@id":"https:\/\/preprod.unchicfou.com\/en\/produit\/irma-necklace-silver\/#primaryimage"},"thumbnailUrl":"https:\/\/preprod.unchicfou.com\/wp-content\/uploads\/2020\/06\/IRMA-AG_GP-scaled.jpg","datePublished":"2018-11-12T14:16:23+00:00","dateModified":"2022-11-27T23:04:52+00:00","description":"un chic fou - Solid 925\/1000 silver necklace with rhodium plating. Smooth and hammered finish. Retro and modern at the same time.","breadcrumb":{"@id":"https:\/\/preprod.unchicfou.com\/en\/produit\/irma-necklace-silver\/#breadcrumb"},"inLanguage":"en-US","potentialAction":[{"@type":"ReadAction","target":["https:\/\/preprod.unchicfou.com\/en\/produit\/irma-necklace-silver\/"]}]},{"@type":"ImageObject","inLanguage":"en-US","@id":"https:\/\/preprod.unchicfou.com\/en\/produit\/irma-necklace-silver\/#primaryimage","url":"https:\/\/preprod.unchicfou.com\/wp-content\/uploads\/2020\/06\/IRMA-AG_GP-scaled.jpg","contentUrl":"https:\/\/preprod.unchicfou.com\/wp-content\/uploads\/2020\/06\/IRMA-AG_GP-scaled.jpg","width":2560,"height":2560,"caption":"IRMA AG GP scaled"},{"@type":"BreadcrumbList","@id":"https:\/\/preprod.unchicfou.com\/en\/produit\/irma-necklace-silver\/#breadcrumb","itemListElement":[{"@type":"ListItem","position":1,"name":"Accueil","item":"https:\/\/preprod.unchicfou.com\/en\/"},{"@type":"ListItem","position":2,"name":"Boutique","item":"https:\/\/preprod.unchicfou.com\/boutique-unchicfou-bijoux-lin\/"},{"@type":"ListItem","position":3,"name":"Necklace IRMA"}]},{"@type":"WebSite","@id":"https:\/\/preprod.unchicfou.com\/en\/#website","url":"https:\/\/preprod.unchicfou.com\/en\/","name":"un chic fou","description":"Bijoux \u00e9l\u00e9gants, raffin\u00e9s et intemporels faits avec le coeur","potentialAction":[{"@type":"SearchAction","target":{"@type":"EntryPoint","urlTemplate":"https:\/\/preprod.unchicfou.com\/en\/?s={search_term_string}"},"query-input":{"@type":"PropertyValueSpecification","valueRequired":true,"valueName":"search_term_string"}}],"inLanguage":"en-US"}]}},"_links":{"self":[{"href":"https:\/\/preprod.unchicfou.com\/en\/wp-json\/wp\/v2\/product\/1616","targetHints":{"allow":["GET"]}}],"collection":[{"href":"https:\/\/preprod.unchicfou.com\/en\/wp-json\/wp\/v2\/product"}],"about":[{"href":"https:\/\/preprod.unchicfou.com\/en\/wp-json\/wp\/v2\/types\/product"}],"wp:featuredmedia":[{"embeddable":true,"href":"https:\/\/preprod.unchicfou.com\/en\/wp-json\/wp\/v2\/media\/4435"}],"wp:attachment":[{"href":"https:\/\/preprod.unchicfou.com\/en\/wp-json\/wp\/v2\/media?parent=1616"}],"wp:term":[{"taxonomy":"product_brand","embeddable":true,"href":"https:\/\/preprod.unchicfou.com\/en\/wp-json\/wp\/v2\/product_brand?post=1616"},{"taxonomy":"product_cat","embeddable":true,"href":"https:\/\/preprod.unchicfou.com\/en\/wp-json\/wp\/v2\/product_cat?post=1616"},{"taxonomy":"product_tag","embeddable":true,"href":"https:\/\/preprod.unchicfou.com\/en\/wp-json\/wp\/v2\/product_tag?post=1616"}],"curies":[{"name":"wp","href":"https:\/\/api.w.org\/{rel}","templated":true}]}}