{"id":16090,"date":"2022-02-28T15:01:16","date_gmt":"2022-02-28T14:01:16","guid":{"rendered":"http:\/\/prod.unchicfou.com\/?post_type=product&#038;p=16090"},"modified":"2022-09-22T15:38:52","modified_gmt":"2022-09-22T13:38:52","slug":"bracelet-gold-bangle","status":"publish","type":"product","link":"https:\/\/preprod.unchicfou.com\/en\/produit\/bracelet-gold-bangle\/","title":{"rendered":"Bracelet TWIST"},"content":{"rendered":"<ul>\n<li><b>18K gold plated open bangle bracelet.<\/b><\/li>\n<li>Material: Brass with 18K gold plating at 5 microns.<\/li>\n<li>Inspiration: Anniversary\u00a0collection for our 10th year: <em>un chic fou<\/em> with an original Twist!<\/li>\n<li>Details: Twist made by hand by our craftsmen.<\/li>\n<li><b>Swiss Design. Local production in the Greater Geneva area.<\/b><\/li>\n<li>The bracelet comes with its 100% cotton pouch.<\/li>\n<li>To extend the family TWIST.<\/li>\n<\/ul>\n","protected":false},"excerpt":{"rendered":"<p>Our DEMIE revisited.\u00a0A 18K gold plated open bangle.<\/p>\n<p>To celebrate our 10th anniversary, we have created a special line with more presence with a brand new and modern finishing.<\/p>\n<p>The jewel piece gains in volume and is twisted manually. An artisanal dexterity that naturally gave its name to the collection!<\/p>\n<p>The work by hand gives a unique originality to each piece. And the &#8220;twist&#8221; reflects the light in an unprecedented way.<\/p>\n","protected":false},"featured_media":16088,"template":"","meta":{"_acf_changed":false},"product_brand":[],"product_cat":[85],"product_tag":[896,375,1112,2092],"class_list":{"0":"post-16090","1":"product","2":"type-product","3":"status-publish","4":"has-post-thumbnail","6":"product_cat-bracelets-gold-silver-text-cords-ajustable","7":"product_tag-christmas-selection","8":"product_tag-gold-plated-en","9":"product_tag-new-novelties","10":"product_tag-twist-en","12":"first","13":"instock","14":"featured","15":"purchasable","16":"product-type-simple"},"acf":[],"yoast_head":"<!-- This site is optimized with the Yoast SEO plugin v27.3 - https:\/\/yoast.com\/product\/yoast-seo-wordpress\/ -->\n<title>un chic fou - Bracelet TWIST. Gold-plated open bangle.<\/title>\n<meta name=\"description\" content=\"un chic fou - Brass open bangle with 18k gold plating. A unique handmade twist to celebrate our 10th anniversary.\" \/>\n<meta name=\"robots\" content=\"index, follow, max-snippet:-1, max-image-preview:large, max-video-preview:-1\" \/>\n<link rel=\"canonical\" href=\"https:\/\/preprod.unchicfou.com\/en\/produit\/bracelet-gold-bangle\/\" \/>\n<meta property=\"og:locale\" content=\"en_US\" \/>\n<meta property=\"og:type\" content=\"article\" \/>\n<meta property=\"og:title\" content=\"un chic fou - Bracelet TWIST. Gold-plated open bangle.\" \/>\n<meta property=\"og:description\" content=\"un chic fou - Brass open bangle with 18k gold plating. A unique handmade twist to celebrate our 10th anniversary.\" \/>\n<meta property=\"og:url\" content=\"https:\/\/preprod.unchicfou.com\/en\/produit\/bracelet-gold-bangle\/\" \/>\n<meta property=\"og:site_name\" content=\"un chic fou\" \/>\n<meta property=\"article:modified_time\" content=\"2022-09-22T13:38:52+00:00\" \/>\n<meta property=\"og:image\" content=\"https:\/\/preprod.unchicfou.com\/wp-content\/uploads\/2022\/02\/TWIST-Bracelet-RIGIDE-or.jpg\" \/>\n\t<meta property=\"og:image:width\" content=\"2362\" \/>\n\t<meta property=\"og:image:height\" content=\"2362\" \/>\n\t<meta property=\"og:image:type\" content=\"image\/jpeg\" \/>\n<meta name=\"twitter:card\" content=\"summary_large_image\" \/>\n<meta name=\"twitter:label1\" content=\"Est. reading time\" \/>\n\t<meta name=\"twitter:data1\" content=\"1 minute\" \/>\n<!-- \/ Yoast SEO plugin. -->","yoast_head_json":{"title":"un chic fou - Bracelet TWIST. Gold-plated open bangle.","description":"un chic fou - Brass open bangle with 18k gold plating. A unique handmade twist to celebrate our 10th anniversary.","robots":{"index":"index","follow":"follow","max-snippet":"max-snippet:-1","max-image-preview":"max-image-preview:large","max-video-preview":"max-video-preview:-1"},"canonical":"https:\/\/preprod.unchicfou.com\/en\/produit\/bracelet-gold-bangle\/","og_locale":"en_US","og_type":"article","og_title":"un chic fou - Bracelet TWIST. Gold-plated open bangle.","og_description":"un chic fou - Brass open bangle with 18k gold plating. A unique handmade twist to celebrate our 10th anniversary.","og_url":"https:\/\/preprod.unchicfou.com\/en\/produit\/bracelet-gold-bangle\/","og_site_name":"un chic fou","article_modified_time":"2022-09-22T13:38:52+00:00","og_image":[{"width":2362,"height":2362,"url":"https:\/\/preprod.unchicfou.com\/wp-content\/uploads\/2022\/02\/TWIST-Bracelet-RIGIDE-or.jpg","type":"image\/jpeg"}],"twitter_card":"summary_large_image","twitter_misc":{"Est. reading time":"1 minute"},"schema":{"@context":"https:\/\/schema.org","@graph":[{"@type":"WebPage","@id":"https:\/\/preprod.unchicfou.com\/en\/produit\/bracelet-gold-bangle\/","url":"https:\/\/preprod.unchicfou.com\/en\/produit\/bracelet-gold-bangle\/","name":"un chic fou - Bracelet TWIST. Gold-plated open bangle.","isPartOf":{"@id":"https:\/\/preprod.unchicfou.com\/en\/#website"},"primaryImageOfPage":{"@id":"https:\/\/preprod.unchicfou.com\/en\/produit\/bracelet-gold-bangle\/#primaryimage"},"image":{"@id":"https:\/\/preprod.unchicfou.com\/en\/produit\/bracelet-gold-bangle\/#primaryimage"},"thumbnailUrl":"https:\/\/preprod.unchicfou.com\/wp-content\/uploads\/2022\/02\/TWIST-Bracelet-RIGIDE-or.jpg","datePublished":"2022-02-28T14:01:16+00:00","dateModified":"2022-09-22T13:38:52+00:00","description":"un chic fou - Brass open bangle with 18k gold plating. A unique handmade twist to celebrate our 10th anniversary.","breadcrumb":{"@id":"https:\/\/preprod.unchicfou.com\/en\/produit\/bracelet-gold-bangle\/#breadcrumb"},"inLanguage":"en-US","potentialAction":[{"@type":"ReadAction","target":["https:\/\/preprod.unchicfou.com\/en\/produit\/bracelet-gold-bangle\/"]}]},{"@type":"ImageObject","inLanguage":"en-US","@id":"https:\/\/preprod.unchicfou.com\/en\/produit\/bracelet-gold-bangle\/#primaryimage","url":"https:\/\/preprod.unchicfou.com\/wp-content\/uploads\/2022\/02\/TWIST-Bracelet-RIGIDE-or.jpg","contentUrl":"https:\/\/preprod.unchicfou.com\/wp-content\/uploads\/2022\/02\/TWIST-Bracelet-RIGIDE-or.jpg","width":2362,"height":2362},{"@type":"BreadcrumbList","@id":"https:\/\/preprod.unchicfou.com\/en\/produit\/bracelet-gold-bangle\/#breadcrumb","itemListElement":[{"@type":"ListItem","position":1,"name":"Accueil","item":"https:\/\/preprod.unchicfou.com\/en\/"},{"@type":"ListItem","position":2,"name":"Boutique","item":"https:\/\/preprod.unchicfou.com\/boutique-unchicfou-bijoux-lin\/"},{"@type":"ListItem","position":3,"name":"Bracelet TWIST"}]},{"@type":"WebSite","@id":"https:\/\/preprod.unchicfou.com\/en\/#website","url":"https:\/\/preprod.unchicfou.com\/en\/","name":"un chic fou","description":"Bijoux \u00e9l\u00e9gants, raffin\u00e9s et intemporels faits avec le coeur","potentialAction":[{"@type":"SearchAction","target":{"@type":"EntryPoint","urlTemplate":"https:\/\/preprod.unchicfou.com\/en\/?s={search_term_string}"},"query-input":{"@type":"PropertyValueSpecification","valueRequired":true,"valueName":"search_term_string"}}],"inLanguage":"en-US"}]}},"_links":{"self":[{"href":"https:\/\/preprod.unchicfou.com\/en\/wp-json\/wp\/v2\/product\/16090","targetHints":{"allow":["GET"]}}],"collection":[{"href":"https:\/\/preprod.unchicfou.com\/en\/wp-json\/wp\/v2\/product"}],"about":[{"href":"https:\/\/preprod.unchicfou.com\/en\/wp-json\/wp\/v2\/types\/product"}],"wp:featuredmedia":[{"embeddable":true,"href":"https:\/\/preprod.unchicfou.com\/en\/wp-json\/wp\/v2\/media\/16088"}],"wp:attachment":[{"href":"https:\/\/preprod.unchicfou.com\/en\/wp-json\/wp\/v2\/media?parent=16090"}],"wp:term":[{"taxonomy":"product_brand","embeddable":true,"href":"https:\/\/preprod.unchicfou.com\/en\/wp-json\/wp\/v2\/product_brand?post=16090"},{"taxonomy":"product_cat","embeddable":true,"href":"https:\/\/preprod.unchicfou.com\/en\/wp-json\/wp\/v2\/product_cat?post=16090"},{"taxonomy":"product_tag","embeddable":true,"href":"https:\/\/preprod.unchicfou.com\/en\/wp-json\/wp\/v2\/product_tag?post=16090"}],"curies":[{"name":"wp","href":"https:\/\/api.w.org\/{rel}","templated":true}]}}