{"id":15911,"date":"2022-02-05T14:49:12","date_gmt":"2022-02-05T13:49:12","guid":{"rendered":"http:\/\/prod.unchicfou.com\/?post_type=product&#038;p=15911"},"modified":"2022-04-08T08:56:56","modified_gmt":"2022-04-08T06:56:56","slug":"lintrepide-bracelet-text-gold","status":"publish","type":"product","link":"https:\/\/preprod.unchicfou.com\/en\/produit\/lintrepide-bracelet-text-gold\/","title":{"rendered":"Bracelet L&#8217;INTREPIDE"},"content":{"rendered":"<ul>\n<li><b>Bracelet, rigid, ajustable. Text &#8220;L&#8217;INTREPIDE&#8221;, meaning &#8220;The FEARLESS&#8221;<\/b><\/li>\n<li>Material : brass with 18k-gold plating at 5 microns.<\/li>\n<li>Inspiration : Words. Those that reveal emotions, that are original and meaningful, that incarnate the <em>un chic fou<\/em> woman.<\/li>\n<li>Details : Set on the edge of the bracelet for a unique wear. Laser engraving. Polished finish.<\/li>\n<li><b>Swiss design. Local production in the Greater Geneva area.<\/b><\/li>\n<li>The bracelet comes in its 100% cotton pouch.<\/li>\n<\/ul>\n","protected":false},"excerpt":{"rendered":"<p>The alliance of simplicity and originality of its form. Placed on the edge it gives a different and new volume on the wrist.<\/p>\n<p>The text will certainly make you smile! Golden bracelet. Rigid and adjustable to\u00a0the wrist.<\/p>\n","protected":false},"featured_media":16690,"template":"","meta":{"_acf_changed":false},"product_brand":[],"product_cat":[1964,85],"product_tag":[1942,566,375,536,2174],"class_list":{"0":"post-15911","1":"product","2":"type-product","3":"status-publish","4":"has-post-thumbnail","6":"product_cat-bracelet-un-chic-fou-women","7":"product_cat-bracelets-gold-silver-text-cords-ajustable","8":"product_tag-selection-st-valentin-en","9":"product_tag-adjustable-en","10":"product_tag-gold-plated-en","11":"product_tag-text-jewelry-en","12":"product_tag-un-chic-fou-woman","14":"first","15":"instock","16":"purchasable","17":"product-type-simple"},"acf":[],"yoast_head":"<!-- This site is optimized with the Yoast SEO plugin v27.3 - https:\/\/yoast.com\/product\/yoast-seo-wordpress\/ -->\n<title>un chic fou - Bracelet L&#039;INTREPIDE. Golden bracelet.<\/title>\n<meta name=\"description\" content=\"un chic fou - Stiff bracelet, 18k gold-plated brass, adjustable to all wrists, written L&#039;INTREPIDE = The FEARLESS.\" \/>\n<meta name=\"robots\" content=\"index, follow, max-snippet:-1, max-image-preview:large, max-video-preview:-1\" \/>\n<link rel=\"canonical\" href=\"https:\/\/preprod.unchicfou.com\/en\/produit\/lintrepide-bracelet-text-gold\/\" \/>\n<meta property=\"og:locale\" content=\"en_US\" \/>\n<meta property=\"og:type\" content=\"article\" \/>\n<meta property=\"og:title\" content=\"un chic fou - Bracelet L&#039;INTREPIDE. Golden bracelet.\" \/>\n<meta property=\"og:description\" content=\"un chic fou - Stiff bracelet, 18k gold-plated brass, adjustable to all wrists, written L&#039;INTREPIDE = The FEARLESS.\" \/>\n<meta property=\"og:url\" content=\"https:\/\/preprod.unchicfou.com\/en\/produit\/lintrepide-bracelet-text-gold\/\" \/>\n<meta property=\"og:site_name\" content=\"un chic fou\" \/>\n<meta property=\"article:modified_time\" content=\"2022-04-08T06:56:56+00:00\" \/>\n<meta property=\"og:image\" content=\"https:\/\/preprod.unchicfou.com\/wp-content\/uploads\/2022\/02\/LINTREPIDE.jpg\" \/>\n\t<meta property=\"og:image:width\" content=\"2362\" \/>\n\t<meta property=\"og:image:height\" content=\"2362\" \/>\n\t<meta property=\"og:image:type\" content=\"image\/jpeg\" \/>\n<meta name=\"twitter:card\" content=\"summary_large_image\" \/>\n<meta name=\"twitter:label1\" content=\"Est. reading time\" \/>\n\t<meta name=\"twitter:data1\" content=\"2 minutes\" \/>\n<!-- \/ Yoast SEO plugin. -->","yoast_head_json":{"title":"un chic fou - Bracelet L'INTREPIDE. Golden bracelet.","description":"un chic fou - Stiff bracelet, 18k gold-plated brass, adjustable to all wrists, written L'INTREPIDE = The FEARLESS.","robots":{"index":"index","follow":"follow","max-snippet":"max-snippet:-1","max-image-preview":"max-image-preview:large","max-video-preview":"max-video-preview:-1"},"canonical":"https:\/\/preprod.unchicfou.com\/en\/produit\/lintrepide-bracelet-text-gold\/","og_locale":"en_US","og_type":"article","og_title":"un chic fou - Bracelet L'INTREPIDE. Golden bracelet.","og_description":"un chic fou - Stiff bracelet, 18k gold-plated brass, adjustable to all wrists, written L'INTREPIDE = The FEARLESS.","og_url":"https:\/\/preprod.unchicfou.com\/en\/produit\/lintrepide-bracelet-text-gold\/","og_site_name":"un chic fou","article_modified_time":"2022-04-08T06:56:56+00:00","og_image":[{"width":2362,"height":2362,"url":"https:\/\/preprod.unchicfou.com\/wp-content\/uploads\/2022\/02\/LINTREPIDE.jpg","type":"image\/jpeg"}],"twitter_card":"summary_large_image","twitter_misc":{"Est. reading time":"2 minutes"},"schema":{"@context":"https:\/\/schema.org","@graph":[{"@type":"WebPage","@id":"https:\/\/preprod.unchicfou.com\/en\/produit\/lintrepide-bracelet-text-gold\/","url":"https:\/\/preprod.unchicfou.com\/en\/produit\/lintrepide-bracelet-text-gold\/","name":"un chic fou - Bracelet L'INTREPIDE. Golden bracelet.","isPartOf":{"@id":"https:\/\/preprod.unchicfou.com\/en\/#website"},"primaryImageOfPage":{"@id":"https:\/\/preprod.unchicfou.com\/en\/produit\/lintrepide-bracelet-text-gold\/#primaryimage"},"image":{"@id":"https:\/\/preprod.unchicfou.com\/en\/produit\/lintrepide-bracelet-text-gold\/#primaryimage"},"thumbnailUrl":"https:\/\/preprod.unchicfou.com\/wp-content\/uploads\/2022\/02\/LINTREPIDE.jpg","datePublished":"2022-02-05T13:49:12+00:00","dateModified":"2022-04-08T06:56:56+00:00","description":"un chic fou - Stiff bracelet, 18k gold-plated brass, adjustable to all wrists, written L'INTREPIDE = The FEARLESS.","breadcrumb":{"@id":"https:\/\/preprod.unchicfou.com\/en\/produit\/lintrepide-bracelet-text-gold\/#breadcrumb"},"inLanguage":"en-US","potentialAction":[{"@type":"ReadAction","target":["https:\/\/preprod.unchicfou.com\/en\/produit\/lintrepide-bracelet-text-gold\/"]}]},{"@type":"ImageObject","inLanguage":"en-US","@id":"https:\/\/preprod.unchicfou.com\/en\/produit\/lintrepide-bracelet-text-gold\/#primaryimage","url":"https:\/\/preprod.unchicfou.com\/wp-content\/uploads\/2022\/02\/LINTREPIDE.jpg","contentUrl":"https:\/\/preprod.unchicfou.com\/wp-content\/uploads\/2022\/02\/LINTREPIDE.jpg","width":2362,"height":2362},{"@type":"BreadcrumbList","@id":"https:\/\/preprod.unchicfou.com\/en\/produit\/lintrepide-bracelet-text-gold\/#breadcrumb","itemListElement":[{"@type":"ListItem","position":1,"name":"Accueil","item":"https:\/\/preprod.unchicfou.com\/en\/"},{"@type":"ListItem","position":2,"name":"Boutique","item":"https:\/\/preprod.unchicfou.com\/boutique-unchicfou-bijoux-lin\/"},{"@type":"ListItem","position":3,"name":"Bracelet L&#8217;INTREPIDE"}]},{"@type":"WebSite","@id":"https:\/\/preprod.unchicfou.com\/en\/#website","url":"https:\/\/preprod.unchicfou.com\/en\/","name":"un chic fou","description":"Bijoux \u00e9l\u00e9gants, raffin\u00e9s et intemporels faits avec le coeur","potentialAction":[{"@type":"SearchAction","target":{"@type":"EntryPoint","urlTemplate":"https:\/\/preprod.unchicfou.com\/en\/?s={search_term_string}"},"query-input":{"@type":"PropertyValueSpecification","valueRequired":true,"valueName":"search_term_string"}}],"inLanguage":"en-US"}]}},"_links":{"self":[{"href":"https:\/\/preprod.unchicfou.com\/en\/wp-json\/wp\/v2\/product\/15911","targetHints":{"allow":["GET"]}}],"collection":[{"href":"https:\/\/preprod.unchicfou.com\/en\/wp-json\/wp\/v2\/product"}],"about":[{"href":"https:\/\/preprod.unchicfou.com\/en\/wp-json\/wp\/v2\/types\/product"}],"wp:featuredmedia":[{"embeddable":true,"href":"https:\/\/preprod.unchicfou.com\/en\/wp-json\/wp\/v2\/media\/16690"}],"wp:attachment":[{"href":"https:\/\/preprod.unchicfou.com\/en\/wp-json\/wp\/v2\/media?parent=15911"}],"wp:term":[{"taxonomy":"product_brand","embeddable":true,"href":"https:\/\/preprod.unchicfou.com\/en\/wp-json\/wp\/v2\/product_brand?post=15911"},{"taxonomy":"product_cat","embeddable":true,"href":"https:\/\/preprod.unchicfou.com\/en\/wp-json\/wp\/v2\/product_cat?post=15911"},{"taxonomy":"product_tag","embeddable":true,"href":"https:\/\/preprod.unchicfou.com\/en\/wp-json\/wp\/v2\/product_tag?post=15911"}],"curies":[{"name":"wp","href":"https:\/\/api.w.org\/{rel}","templated":true}]}}