{"id":1351,"date":"2018-03-23T12:22:36","date_gmt":"2018-03-23T11:22:36","guid":{"rendered":"http:\/\/357nkacsig.preview.infomaniak.website\/?product=abeille-bee-ring"},"modified":"2022-08-31T09:09:08","modified_gmt":"2022-08-31T07:09:08","slug":"abeille-bee-ring-gold","status":"publish","type":"product","link":"https:\/\/preprod.unchicfou.com\/en\/produit\/abeille-bee-ring-gold\/","title":{"rendered":"Ring ABEILLE (Bee)"},"content":{"rendered":"<ul>\n<li><b>Adjustable ring.<\/b><\/li>\n<li>Material : brass with 18k gold plating at 5 microns.<\/li>\n<li>Inspiration : the bee, sacres animal. Our second totem figure. Simply because everything is good about the bee.<\/li>\n<li><b>Swiss Design Suisse. Local production in the Greater Geneva area. <\/b><\/li>\n<li>The ring comes in its 100% cotton pouch.<\/li>\n<li>To extend the family\u00a0<a href=\"https:\/\/preprod.unchicfou.com\/?s=abeille&amp;post_type=product\">ABEILLE<\/a>.<\/li>\n<\/ul>\n","protected":false},"excerpt":{"rendered":"<p>Gold plated ring. Open and adjustable.<\/p>\n<p>Strong symbolism and sweet finesse.<\/p>\n","protected":false},"featured_media":4381,"template":"","meta":{"_acf_changed":false},"product_brand":[],"product_cat":[83],"product_tag":[566,948,375],"class_list":{"0":"post-1351","1":"product","2":"type-product","3":"status-publish","4":"has-post-thumbnail","6":"product_cat-rings-gold-silver","7":"product_tag-adjustable-en","8":"product_tag-bee","9":"product_tag-gold-plated-en","11":"first","12":"instock","13":"purchasable","14":"product-type-simple"},"acf":[],"yoast_head":"<!-- This site is optimized with the Yoast SEO plugin v27.3 - https:\/\/yoast.com\/product\/yoast-seo-wordpress\/ -->\n<title>Ring ABEILLE (Bee) - un chic fou. Open and adjustable gold plated ring.<\/title>\n<meta name=\"description\" content=\"Open and adjustable brass ring with 18k gold plating. Inspired by little bees. Strong symbolism and sweet finesse.\" \/>\n<meta name=\"robots\" content=\"index, follow, max-snippet:-1, max-image-preview:large, max-video-preview:-1\" \/>\n<link rel=\"canonical\" href=\"https:\/\/preprod.unchicfou.com\/en\/produit\/abeille-bee-ring-gold\/\" \/>\n<meta property=\"og:locale\" content=\"en_US\" \/>\n<meta property=\"og:type\" content=\"article\" \/>\n<meta property=\"og:title\" content=\"Ring ABEILLE (Bee) - un chic fou. Open and adjustable gold plated ring.\" \/>\n<meta property=\"og:description\" content=\"Open and adjustable brass ring with 18k gold plating. Inspired by little bees. Strong symbolism and sweet finesse.\" \/>\n<meta property=\"og:url\" content=\"https:\/\/preprod.unchicfou.com\/en\/produit\/abeille-bee-ring-gold\/\" \/>\n<meta property=\"og:site_name\" content=\"un chic fou\" \/>\n<meta property=\"article:modified_time\" content=\"2022-08-31T07:09:08+00:00\" \/>\n<meta property=\"og:image\" content=\"https:\/\/preprod.unchicfou.com\/wp-content\/uploads\/2020\/06\/ABEILLE-OR_1-scaled.jpg\" \/>\n\t<meta property=\"og:image:width\" content=\"2560\" \/>\n\t<meta property=\"og:image:height\" content=\"2560\" \/>\n\t<meta property=\"og:image:type\" content=\"image\/jpeg\" \/>\n<meta name=\"twitter:card\" content=\"summary_large_image\" \/>\n<meta name=\"twitter:label1\" content=\"Est. reading time\" \/>\n\t<meta name=\"twitter:data1\" content=\"1 minute\" \/>\n<!-- \/ Yoast SEO plugin. -->","yoast_head_json":{"title":"Ring ABEILLE (Bee) - un chic fou. Open and adjustable gold plated ring.","description":"Open and adjustable brass ring with 18k gold plating. Inspired by little bees. Strong symbolism and sweet finesse.","robots":{"index":"index","follow":"follow","max-snippet":"max-snippet:-1","max-image-preview":"max-image-preview:large","max-video-preview":"max-video-preview:-1"},"canonical":"https:\/\/preprod.unchicfou.com\/en\/produit\/abeille-bee-ring-gold\/","og_locale":"en_US","og_type":"article","og_title":"Ring ABEILLE (Bee) - un chic fou. Open and adjustable gold plated ring.","og_description":"Open and adjustable brass ring with 18k gold plating. Inspired by little bees. Strong symbolism and sweet finesse.","og_url":"https:\/\/preprod.unchicfou.com\/en\/produit\/abeille-bee-ring-gold\/","og_site_name":"un chic fou","article_modified_time":"2022-08-31T07:09:08+00:00","og_image":[{"width":2560,"height":2560,"url":"https:\/\/preprod.unchicfou.com\/wp-content\/uploads\/2020\/06\/ABEILLE-OR_1-scaled.jpg","type":"image\/jpeg"}],"twitter_card":"summary_large_image","twitter_misc":{"Est. reading time":"1 minute"},"schema":{"@context":"https:\/\/schema.org","@graph":[{"@type":"WebPage","@id":"https:\/\/preprod.unchicfou.com\/en\/produit\/abeille-bee-ring-gold\/","url":"https:\/\/preprod.unchicfou.com\/en\/produit\/abeille-bee-ring-gold\/","name":"Ring ABEILLE (Bee) - un chic fou. Open and adjustable gold plated ring.","isPartOf":{"@id":"https:\/\/preprod.unchicfou.com\/en\/#website"},"primaryImageOfPage":{"@id":"https:\/\/preprod.unchicfou.com\/en\/produit\/abeille-bee-ring-gold\/#primaryimage"},"image":{"@id":"https:\/\/preprod.unchicfou.com\/en\/produit\/abeille-bee-ring-gold\/#primaryimage"},"thumbnailUrl":"https:\/\/preprod.unchicfou.com\/wp-content\/uploads\/2020\/06\/ABEILLE-OR_1-scaled.jpg","datePublished":"2018-03-23T11:22:36+00:00","dateModified":"2022-08-31T07:09:08+00:00","description":"Open and adjustable brass ring with 18k gold plating. Inspired by little bees. Strong symbolism and sweet finesse.","breadcrumb":{"@id":"https:\/\/preprod.unchicfou.com\/en\/produit\/abeille-bee-ring-gold\/#breadcrumb"},"inLanguage":"en-US","potentialAction":[{"@type":"ReadAction","target":["https:\/\/preprod.unchicfou.com\/en\/produit\/abeille-bee-ring-gold\/"]}]},{"@type":"ImageObject","inLanguage":"en-US","@id":"https:\/\/preprod.unchicfou.com\/en\/produit\/abeille-bee-ring-gold\/#primaryimage","url":"https:\/\/preprod.unchicfou.com\/wp-content\/uploads\/2020\/06\/ABEILLE-OR_1-scaled.jpg","contentUrl":"https:\/\/preprod.unchicfou.com\/wp-content\/uploads\/2020\/06\/ABEILLE-OR_1-scaled.jpg","width":2560,"height":2560,"caption":"ABEILLE OR 1 scaled"},{"@type":"BreadcrumbList","@id":"https:\/\/preprod.unchicfou.com\/en\/produit\/abeille-bee-ring-gold\/#breadcrumb","itemListElement":[{"@type":"ListItem","position":1,"name":"Accueil","item":"https:\/\/preprod.unchicfou.com\/en\/"},{"@type":"ListItem","position":2,"name":"Boutique","item":"https:\/\/preprod.unchicfou.com\/boutique-unchicfou-bijoux-lin\/"},{"@type":"ListItem","position":3,"name":"Ring ABEILLE (Bee)"}]},{"@type":"WebSite","@id":"https:\/\/preprod.unchicfou.com\/en\/#website","url":"https:\/\/preprod.unchicfou.com\/en\/","name":"un chic fou","description":"Bijoux \u00e9l\u00e9gants, raffin\u00e9s et intemporels faits avec le coeur","potentialAction":[{"@type":"SearchAction","target":{"@type":"EntryPoint","urlTemplate":"https:\/\/preprod.unchicfou.com\/en\/?s={search_term_string}"},"query-input":{"@type":"PropertyValueSpecification","valueRequired":true,"valueName":"search_term_string"}}],"inLanguage":"en-US"}]}},"_links":{"self":[{"href":"https:\/\/preprod.unchicfou.com\/en\/wp-json\/wp\/v2\/product\/1351","targetHints":{"allow":["GET"]}}],"collection":[{"href":"https:\/\/preprod.unchicfou.com\/en\/wp-json\/wp\/v2\/product"}],"about":[{"href":"https:\/\/preprod.unchicfou.com\/en\/wp-json\/wp\/v2\/types\/product"}],"wp:featuredmedia":[{"embeddable":true,"href":"https:\/\/preprod.unchicfou.com\/en\/wp-json\/wp\/v2\/media\/4381"}],"wp:attachment":[{"href":"https:\/\/preprod.unchicfou.com\/en\/wp-json\/wp\/v2\/media?parent=1351"}],"wp:term":[{"taxonomy":"product_brand","embeddable":true,"href":"https:\/\/preprod.unchicfou.com\/en\/wp-json\/wp\/v2\/product_brand?post=1351"},{"taxonomy":"product_cat","embeddable":true,"href":"https:\/\/preprod.unchicfou.com\/en\/wp-json\/wp\/v2\/product_cat?post=1351"},{"taxonomy":"product_tag","embeddable":true,"href":"https:\/\/preprod.unchicfou.com\/en\/wp-json\/wp\/v2\/product_tag?post=1351"}],"curies":[{"name":"wp","href":"https:\/\/api.w.org\/{rel}","templated":true}]}}