{"id":1267,"date":"2017-10-16T12:48:09","date_gmt":"2017-10-16T10:48:09","guid":{"rendered":"http:\/\/357nkacsig.preview.infomaniak.website\/?product=majorque-scale-earring"},"modified":"2022-11-28T00:05:03","modified_gmt":"2022-11-27T23:05:03","slug":"majorque-scale-earring-silver-gold","status":"publish","type":"product","link":"https:\/\/preprod.unchicfou.com\/en\/produit\/majorque-scale-earring-silver-gold\/","title":{"rendered":"MAJORQUE Scale"},"content":{"rendered":"<ul>\n<li><b>Earring sold by the unit. Order two units if you want a pair.<\/b><\/li>\n<li>Material : solid 925\/1000 silver with rhodium plating or brass with 18k gold plating at 5 microns.<\/li>\n<li>Inspiration : Openness and geometrical shapes.<\/li>\n<li>Details : diameter 10mm, scale shape. Open earring. Polished finish.<\/li>\n<li><b>Swiss Design. Local production in the Greater Geneva area.<\/b><\/li>\n<li>The earring comes with its 100% cotton pouch.<\/li>\n<\/ul>\n","protected":false},"excerpt":{"rendered":"<p>Solid silver or gold plated open earring.<\/p>\n<p>Simple seduction: originality and geometrical\u00a0shape.<\/p>\n","protected":false},"featured_media":4788,"template":"","meta":{"_acf_changed":false},"product_brand":[],"product_cat":[95],"product_tag":[1933,375,472,440],"class_list":{"0":"post-1267","1":"product","2":"type-product","3":"status-publish","4":"has-post-thumbnail","6":"product_cat-earring-by-unit-mixmatch","7":"product_tag-black-friday-en","8":"product_tag-gold-plated-en","9":"product_tag-rhodium-plated-en","10":"product_tag-silver-en","12":"first","13":"instock","14":"featured","15":"purchasable","16":"product-type-simple"},"acf":[],"yoast_head":"<!-- This site is optimized with the Yoast SEO plugin v27.3 - https:\/\/yoast.com\/product\/yoast-seo-wordpress\/ -->\n<title>un chic fou - MAJORQUE Scale. Open earring silver or gold-plated.<\/title>\n<meta name=\"description\" content=\"un chic fou - Open earring in solid silver or brass with 18k gold plating. Originality of the openness and refined scale shape.\" \/>\n<meta name=\"robots\" content=\"index, follow, max-snippet:-1, max-image-preview:large, max-video-preview:-1\" \/>\n<link rel=\"canonical\" href=\"https:\/\/preprod.unchicfou.com\/en\/produit\/majorque-scale-earring-silver-gold\/\" \/>\n<meta property=\"og:locale\" content=\"en_US\" \/>\n<meta property=\"og:type\" content=\"article\" \/>\n<meta property=\"og:title\" content=\"un chic fou - MAJORQUE Scale. Open earring silver or gold-plated.\" \/>\n<meta property=\"og:description\" content=\"un chic fou - Open earring in solid silver or brass with 18k gold plating. Originality of the openness and refined scale shape.\" \/>\n<meta property=\"og:url\" content=\"https:\/\/preprod.unchicfou.com\/en\/produit\/majorque-scale-earring-silver-gold\/\" \/>\n<meta property=\"og:site_name\" content=\"un chic fou\" \/>\n<meta property=\"article:modified_time\" content=\"2022-11-27T23:05:03+00:00\" \/>\n<meta property=\"og:image\" content=\"https:\/\/preprod.unchicfou.com\/wp-content\/uploads\/2020\/07\/MAJORQUE-ECAILLE-OR.jpg\" \/>\n\t<meta property=\"og:image:width\" content=\"1000\" \/>\n\t<meta property=\"og:image:height\" content=\"1000\" \/>\n\t<meta property=\"og:image:type\" content=\"image\/jpeg\" \/>\n<meta name=\"twitter:card\" content=\"summary_large_image\" \/>\n<!-- \/ Yoast SEO plugin. -->","yoast_head_json":{"title":"un chic fou - MAJORQUE Scale. Open earring silver or gold-plated.","description":"un chic fou - Open earring in solid silver or brass with 18k gold plating. Originality of the openness and refined scale shape.","robots":{"index":"index","follow":"follow","max-snippet":"max-snippet:-1","max-image-preview":"max-image-preview:large","max-video-preview":"max-video-preview:-1"},"canonical":"https:\/\/preprod.unchicfou.com\/en\/produit\/majorque-scale-earring-silver-gold\/","og_locale":"en_US","og_type":"article","og_title":"un chic fou - MAJORQUE Scale. Open earring silver or gold-plated.","og_description":"un chic fou - Open earring in solid silver or brass with 18k gold plating. Originality of the openness and refined scale shape.","og_url":"https:\/\/preprod.unchicfou.com\/en\/produit\/majorque-scale-earring-silver-gold\/","og_site_name":"un chic fou","article_modified_time":"2022-11-27T23:05:03+00:00","og_image":[{"width":1000,"height":1000,"url":"https:\/\/preprod.unchicfou.com\/wp-content\/uploads\/2020\/07\/MAJORQUE-ECAILLE-OR.jpg","type":"image\/jpeg"}],"twitter_card":"summary_large_image","schema":{"@context":"https:\/\/schema.org","@graph":[{"@type":"WebPage","@id":"https:\/\/preprod.unchicfou.com\/en\/produit\/majorque-scale-earring-silver-gold\/","url":"https:\/\/preprod.unchicfou.com\/en\/produit\/majorque-scale-earring-silver-gold\/","name":"un chic fou - MAJORQUE Scale. Open earring silver or gold-plated.","isPartOf":{"@id":"https:\/\/preprod.unchicfou.com\/en\/#website"},"primaryImageOfPage":{"@id":"https:\/\/preprod.unchicfou.com\/en\/produit\/majorque-scale-earring-silver-gold\/#primaryimage"},"image":{"@id":"https:\/\/preprod.unchicfou.com\/en\/produit\/majorque-scale-earring-silver-gold\/#primaryimage"},"thumbnailUrl":"https:\/\/preprod.unchicfou.com\/wp-content\/uploads\/2020\/07\/MAJORQUE-ECAILLE-OR.jpg","datePublished":"2017-10-16T10:48:09+00:00","dateModified":"2022-11-27T23:05:03+00:00","description":"un chic fou - Open earring in solid silver or brass with 18k gold plating. Originality of the openness and refined scale shape.","breadcrumb":{"@id":"https:\/\/preprod.unchicfou.com\/en\/produit\/majorque-scale-earring-silver-gold\/#breadcrumb"},"inLanguage":"en-US","potentialAction":[{"@type":"ReadAction","target":["https:\/\/preprod.unchicfou.com\/en\/produit\/majorque-scale-earring-silver-gold\/"]}]},{"@type":"ImageObject","inLanguage":"en-US","@id":"https:\/\/preprod.unchicfou.com\/en\/produit\/majorque-scale-earring-silver-gold\/#primaryimage","url":"https:\/\/preprod.unchicfou.com\/wp-content\/uploads\/2020\/07\/MAJORQUE-ECAILLE-OR.jpg","contentUrl":"https:\/\/preprod.unchicfou.com\/wp-content\/uploads\/2020\/07\/MAJORQUE-ECAILLE-OR.jpg","width":1000,"height":1000,"caption":"MAJORQUE ECAILLE OR"},{"@type":"BreadcrumbList","@id":"https:\/\/preprod.unchicfou.com\/en\/produit\/majorque-scale-earring-silver-gold\/#breadcrumb","itemListElement":[{"@type":"ListItem","position":1,"name":"Accueil","item":"https:\/\/preprod.unchicfou.com\/en\/"},{"@type":"ListItem","position":2,"name":"Boutique","item":"https:\/\/preprod.unchicfou.com\/boutique-unchicfou-bijoux-lin\/"},{"@type":"ListItem","position":3,"name":"MAJORQUE Scale"}]},{"@type":"WebSite","@id":"https:\/\/preprod.unchicfou.com\/en\/#website","url":"https:\/\/preprod.unchicfou.com\/en\/","name":"un chic fou","description":"Bijoux \u00e9l\u00e9gants, raffin\u00e9s et intemporels faits avec le coeur","potentialAction":[{"@type":"SearchAction","target":{"@type":"EntryPoint","urlTemplate":"https:\/\/preprod.unchicfou.com\/en\/?s={search_term_string}"},"query-input":{"@type":"PropertyValueSpecification","valueRequired":true,"valueName":"search_term_string"}}],"inLanguage":"en-US"}]}},"_links":{"self":[{"href":"https:\/\/preprod.unchicfou.com\/en\/wp-json\/wp\/v2\/product\/1267","targetHints":{"allow":["GET"]}}],"collection":[{"href":"https:\/\/preprod.unchicfou.com\/en\/wp-json\/wp\/v2\/product"}],"about":[{"href":"https:\/\/preprod.unchicfou.com\/en\/wp-json\/wp\/v2\/types\/product"}],"wp:featuredmedia":[{"embeddable":true,"href":"https:\/\/preprod.unchicfou.com\/en\/wp-json\/wp\/v2\/media\/4788"}],"wp:attachment":[{"href":"https:\/\/preprod.unchicfou.com\/en\/wp-json\/wp\/v2\/media?parent=1267"}],"wp:term":[{"taxonomy":"product_brand","embeddable":true,"href":"https:\/\/preprod.unchicfou.com\/en\/wp-json\/wp\/v2\/product_brand?post=1267"},{"taxonomy":"product_cat","embeddable":true,"href":"https:\/\/preprod.unchicfou.com\/en\/wp-json\/wp\/v2\/product_cat?post=1267"},{"taxonomy":"product_tag","embeddable":true,"href":"https:\/\/preprod.unchicfou.com\/en\/wp-json\/wp\/v2\/product_tag?post=1267"}],"curies":[{"name":"wp","href":"https:\/\/api.w.org\/{rel}","templated":true}]}}