{"id":1221,"date":"2017-10-16T12:12:51","date_gmt":"2017-10-16T10:12:51","guid":{"rendered":"http:\/\/357nkacsig.preview.infomaniak.website\/?product=joe-small-earring"},"modified":"2022-01-12T20:28:51","modified_gmt":"2022-01-12T19:28:51","slug":"joe-small-earring-gold","status":"publish","type":"product","link":"https:\/\/preprod.unchicfou.com\/en\/produit\/joe-small-earring-gold\/","title":{"rendered":"Earring JOE Small"},"content":{"rendered":"<ul>\n<li><strong>Earring sold by the unit. Order two units if you want a pair.<\/strong><\/li>\n<li>Material : solid 925\/1000 silver with rhodium finish.<\/li>\n<li>Inspiration : Simplicity. Urban and chic.<\/li>\n<li>Details : height 14mm, push-piece closing.<\/li>\n<li><strong>Swiss Design. Local production in the Great Geneva area.<\/strong><\/li>\n<li>The earring comes in its 100% cotton pouch.<\/li>\n<\/ul>\n","protected":false},"excerpt":{"rendered":"<p>Gold plated earring.<\/p>\n<p>Simplicity. Chic and urban style.<\/p>\n","protected":false},"featured_media":6834,"template":"","meta":{"_acf_changed":false},"product_brand":[],"product_cat":[95],"product_tag":[375],"class_list":{"0":"post-1221","1":"product","2":"type-product","3":"status-publish","4":"has-post-thumbnail","6":"product_cat-earring-by-unit-mixmatch","7":"product_tag-gold-plated-en","9":"first","10":"instock","11":"purchasable","12":"product-type-simple"},"acf":[],"yoast_head":"<!-- This site is optimized with the Yoast SEO plugin v27.3 - https:\/\/yoast.com\/product\/yoast-seo-wordpress\/ -->\n<title>Earring JOE Small - un chic fou. Simple earring, brass with 18k gold plating.<\/title>\n<meta name=\"description\" content=\"un chic fou - Brass earring with 18k gold plating at 5 microns. Charming simplicity. Chic and urban design. Sleek as a comma.\" \/>\n<meta name=\"robots\" content=\"index, follow, max-snippet:-1, max-image-preview:large, max-video-preview:-1\" \/>\n<link rel=\"canonical\" href=\"https:\/\/preprod.unchicfou.com\/en\/produit\/joe-small-earring-gold\/\" \/>\n<meta property=\"og:locale\" content=\"en_US\" \/>\n<meta property=\"og:type\" content=\"article\" \/>\n<meta property=\"og:title\" content=\"Earring JOE Small - un chic fou. Simple earring, brass with 18k gold plating.\" \/>\n<meta property=\"og:description\" content=\"un chic fou - Brass earring with 18k gold plating at 5 microns. Charming simplicity. Chic and urban design. Sleek as a comma.\" \/>\n<meta property=\"og:url\" content=\"https:\/\/preprod.unchicfou.com\/en\/produit\/joe-small-earring-gold\/\" \/>\n<meta property=\"og:site_name\" content=\"un chic fou\" \/>\n<meta property=\"article:modified_time\" content=\"2022-01-12T19:28:51+00:00\" \/>\n<meta property=\"og:image\" content=\"https:\/\/preprod.unchicfou.com\/wp-content\/uploads\/2017\/10\/JOE-SMALL-OR-zoom.jpg\" \/>\n\t<meta property=\"og:image:width\" content=\"2500\" \/>\n\t<meta property=\"og:image:height\" content=\"2500\" \/>\n\t<meta property=\"og:image:type\" content=\"image\/jpeg\" \/>\n<meta name=\"twitter:card\" content=\"summary_large_image\" \/>\n<!-- \/ Yoast SEO plugin. -->","yoast_head_json":{"title":"Earring JOE Small - un chic fou. Simple earring, brass with 18k gold plating.","description":"un chic fou - Brass earring with 18k gold plating at 5 microns. Charming simplicity. Chic and urban design. Sleek as a comma.","robots":{"index":"index","follow":"follow","max-snippet":"max-snippet:-1","max-image-preview":"max-image-preview:large","max-video-preview":"max-video-preview:-1"},"canonical":"https:\/\/preprod.unchicfou.com\/en\/produit\/joe-small-earring-gold\/","og_locale":"en_US","og_type":"article","og_title":"Earring JOE Small - un chic fou. Simple earring, brass with 18k gold plating.","og_description":"un chic fou - Brass earring with 18k gold plating at 5 microns. Charming simplicity. Chic and urban design. Sleek as a comma.","og_url":"https:\/\/preprod.unchicfou.com\/en\/produit\/joe-small-earring-gold\/","og_site_name":"un chic fou","article_modified_time":"2022-01-12T19:28:51+00:00","og_image":[{"width":2500,"height":2500,"url":"https:\/\/preprod.unchicfou.com\/wp-content\/uploads\/2017\/10\/JOE-SMALL-OR-zoom.jpg","type":"image\/jpeg"}],"twitter_card":"summary_large_image","schema":{"@context":"https:\/\/schema.org","@graph":[{"@type":"WebPage","@id":"https:\/\/preprod.unchicfou.com\/en\/produit\/joe-small-earring-gold\/","url":"https:\/\/preprod.unchicfou.com\/en\/produit\/joe-small-earring-gold\/","name":"Earring JOE Small - un chic fou. Simple earring, brass with 18k gold plating.","isPartOf":{"@id":"https:\/\/preprod.unchicfou.com\/en\/#website"},"primaryImageOfPage":{"@id":"https:\/\/preprod.unchicfou.com\/en\/produit\/joe-small-earring-gold\/#primaryimage"},"image":{"@id":"https:\/\/preprod.unchicfou.com\/en\/produit\/joe-small-earring-gold\/#primaryimage"},"thumbnailUrl":"https:\/\/preprod.unchicfou.com\/wp-content\/uploads\/2017\/10\/JOE-SMALL-OR-zoom.jpg","datePublished":"2017-10-16T10:12:51+00:00","dateModified":"2022-01-12T19:28:51+00:00","description":"un chic fou - Brass earring with 18k gold plating at 5 microns. Charming simplicity. Chic and urban design. Sleek as a comma.","breadcrumb":{"@id":"https:\/\/preprod.unchicfou.com\/en\/produit\/joe-small-earring-gold\/#breadcrumb"},"inLanguage":"en-US","potentialAction":[{"@type":"ReadAction","target":["https:\/\/preprod.unchicfou.com\/en\/produit\/joe-small-earring-gold\/"]}]},{"@type":"ImageObject","inLanguage":"en-US","@id":"https:\/\/preprod.unchicfou.com\/en\/produit\/joe-small-earring-gold\/#primaryimage","url":"https:\/\/preprod.unchicfou.com\/wp-content\/uploads\/2017\/10\/JOE-SMALL-OR-zoom.jpg","contentUrl":"https:\/\/preprod.unchicfou.com\/wp-content\/uploads\/2017\/10\/JOE-SMALL-OR-zoom.jpg","width":2500,"height":2500,"caption":"JOE SMALL OR zoom"},{"@type":"BreadcrumbList","@id":"https:\/\/preprod.unchicfou.com\/en\/produit\/joe-small-earring-gold\/#breadcrumb","itemListElement":[{"@type":"ListItem","position":1,"name":"Accueil","item":"https:\/\/preprod.unchicfou.com\/en\/"},{"@type":"ListItem","position":2,"name":"Boutique","item":"https:\/\/preprod.unchicfou.com\/boutique-unchicfou-bijoux-lin\/"},{"@type":"ListItem","position":3,"name":"Earring JOE Small"}]},{"@type":"WebSite","@id":"https:\/\/preprod.unchicfou.com\/en\/#website","url":"https:\/\/preprod.unchicfou.com\/en\/","name":"un chic fou","description":"Bijoux \u00e9l\u00e9gants, raffin\u00e9s et intemporels faits avec le coeur","potentialAction":[{"@type":"SearchAction","target":{"@type":"EntryPoint","urlTemplate":"https:\/\/preprod.unchicfou.com\/en\/?s={search_term_string}"},"query-input":{"@type":"PropertyValueSpecification","valueRequired":true,"valueName":"search_term_string"}}],"inLanguage":"en-US"}]}},"_links":{"self":[{"href":"https:\/\/preprod.unchicfou.com\/en\/wp-json\/wp\/v2\/product\/1221","targetHints":{"allow":["GET"]}}],"collection":[{"href":"https:\/\/preprod.unchicfou.com\/en\/wp-json\/wp\/v2\/product"}],"about":[{"href":"https:\/\/preprod.unchicfou.com\/en\/wp-json\/wp\/v2\/types\/product"}],"wp:featuredmedia":[{"embeddable":true,"href":"https:\/\/preprod.unchicfou.com\/en\/wp-json\/wp\/v2\/media\/6834"}],"wp:attachment":[{"href":"https:\/\/preprod.unchicfou.com\/en\/wp-json\/wp\/v2\/media?parent=1221"}],"wp:term":[{"taxonomy":"product_brand","embeddable":true,"href":"https:\/\/preprod.unchicfou.com\/en\/wp-json\/wp\/v2\/product_brand?post=1221"},{"taxonomy":"product_cat","embeddable":true,"href":"https:\/\/preprod.unchicfou.com\/en\/wp-json\/wp\/v2\/product_cat?post=1221"},{"taxonomy":"product_tag","embeddable":true,"href":"https:\/\/preprod.unchicfou.com\/en\/wp-json\/wp\/v2\/product_tag?post=1221"}],"curies":[{"name":"wp","href":"https:\/\/api.w.org\/{rel}","templated":true}]}}