{"id":11383,"date":"2021-11-12T15:54:47","date_gmt":"2021-11-12T14:54:47","guid":{"rendered":"http:\/\/prod.unchicfou.com\/?post_type=product&#038;p=11383"},"modified":"2022-01-28T10:56:48","modified_gmt":"2022-01-28T09:56:48","slug":"jane-large-necklace-gold","status":"publish","type":"product","link":"https:\/\/preprod.unchicfou.com\/en\/produit\/jane-large-necklace-gold\/","title":{"rendered":"Necklace JANE Large"},"content":{"rendered":"<ul>\n<li><strong>Golden necklace Large.<\/strong><\/li>\n<li>Material : brass with 18k gold plating 5 microns.<\/li>\n<li>Inspiration : jungle flowers in a large necklace version.<\/li>\n<li>Details : pendent width 25mm. 3 closing options: 42 to 52cm<\/li>\n<li><strong>Swiss design. Local production in the Greater Geneva area.<\/strong><\/li>\n<li>The necklace comes in its 100% cotton pouch.<\/li>\n<li>To extend the family\u00a0<a href=\"https:\/\/preprod.unchicfou.com\/?s=jane&#038;post_type=product\">JANE<\/a><\/li>\n<\/ul>\n","protected":false},"excerpt":{"rendered":"<p>Golden necklace. A small jungle flower around your neck. Three closing options 42-52mm.<\/p>\n<p>A wild flower, symbol of freedom and joy.<\/p>\n","protected":false},"featured_media":12342,"template":"","meta":{"_acf_changed":false},"product_brand":[],"product_cat":[89],"product_tag":[896,808,898,375],"class_list":{"0":"post-11383","1":"product","2":"type-product","3":"status-publish","4":"has-post-thumbnail","6":"product_cat-necklaces-adjustable-gold-silver","7":"product_tag-christmas-selection","8":"product_tag-collection-daniele-en","9":"product_tag-favorites-en","10":"product_tag-gold-plated-en","12":"first","13":"instock","14":"featured","15":"purchasable","16":"product-type-simple"},"acf":[],"yoast_head":"<!-- This site is optimized with the Yoast SEO plugin v27.3 - https:\/\/yoast.com\/product\/yoast-seo-wordpress\/ -->\n<title>un chic fou - Necklace JANE Large. Large gold-plated necklace.<\/title>\n<meta name=\"description\" content=\"un chic fou - Large brass necklace with 18k gold plating. Inspired from wild jungle flowers. Symbol of joy and freedom.\" \/>\n<meta name=\"robots\" content=\"index, follow, max-snippet:-1, max-image-preview:large, max-video-preview:-1\" \/>\n<link rel=\"canonical\" href=\"https:\/\/preprod.unchicfou.com\/en\/produit\/jane-large-necklace-gold\/\" \/>\n<meta property=\"og:locale\" content=\"en_US\" \/>\n<meta property=\"og:type\" content=\"article\" \/>\n<meta property=\"og:title\" content=\"un chic fou - Necklace JANE Large. Large gold-plated necklace.\" \/>\n<meta property=\"og:description\" content=\"un chic fou - Large brass necklace with 18k gold plating. Inspired from wild jungle flowers. Symbol of joy and freedom.\" \/>\n<meta property=\"og:url\" content=\"https:\/\/preprod.unchicfou.com\/en\/produit\/jane-large-necklace-gold\/\" \/>\n<meta property=\"og:site_name\" content=\"un chic fou\" \/>\n<meta property=\"article:modified_time\" content=\"2022-01-28T09:56:48+00:00\" \/>\n<meta property=\"og:image\" content=\"https:\/\/preprod.unchicfou.com\/wp-content\/uploads\/2021\/11\/JANE_LARGE_DORE-zoom-1.jpg\" \/>\n\t<meta property=\"og:image:width\" content=\"1591\" \/>\n\t<meta property=\"og:image:height\" content=\"1590\" \/>\n\t<meta property=\"og:image:type\" content=\"image\/jpeg\" \/>\n<meta name=\"twitter:card\" content=\"summary_large_image\" \/>\n<meta name=\"twitter:label1\" content=\"Est. reading time\" \/>\n\t<meta name=\"twitter:data1\" content=\"2 minutes\" \/>\n<!-- \/ Yoast SEO plugin. -->","yoast_head_json":{"title":"un chic fou - Necklace JANE Large. Large gold-plated necklace.","description":"un chic fou - Large brass necklace with 18k gold plating. Inspired from wild jungle flowers. Symbol of joy and freedom.","robots":{"index":"index","follow":"follow","max-snippet":"max-snippet:-1","max-image-preview":"max-image-preview:large","max-video-preview":"max-video-preview:-1"},"canonical":"https:\/\/preprod.unchicfou.com\/en\/produit\/jane-large-necklace-gold\/","og_locale":"en_US","og_type":"article","og_title":"un chic fou - Necklace JANE Large. Large gold-plated necklace.","og_description":"un chic fou - Large brass necklace with 18k gold plating. Inspired from wild jungle flowers. Symbol of joy and freedom.","og_url":"https:\/\/preprod.unchicfou.com\/en\/produit\/jane-large-necklace-gold\/","og_site_name":"un chic fou","article_modified_time":"2022-01-28T09:56:48+00:00","og_image":[{"width":1591,"height":1590,"url":"https:\/\/preprod.unchicfou.com\/wp-content\/uploads\/2021\/11\/JANE_LARGE_DORE-zoom-1.jpg","type":"image\/jpeg"}],"twitter_card":"summary_large_image","twitter_misc":{"Est. reading time":"2 minutes"},"schema":{"@context":"https:\/\/schema.org","@graph":[{"@type":"WebPage","@id":"https:\/\/preprod.unchicfou.com\/en\/produit\/jane-large-necklace-gold\/","url":"https:\/\/preprod.unchicfou.com\/en\/produit\/jane-large-necklace-gold\/","name":"un chic fou - Necklace JANE Large. Large gold-plated necklace.","isPartOf":{"@id":"https:\/\/preprod.unchicfou.com\/en\/#website"},"primaryImageOfPage":{"@id":"https:\/\/preprod.unchicfou.com\/en\/produit\/jane-large-necklace-gold\/#primaryimage"},"image":{"@id":"https:\/\/preprod.unchicfou.com\/en\/produit\/jane-large-necklace-gold\/#primaryimage"},"thumbnailUrl":"https:\/\/preprod.unchicfou.com\/wp-content\/uploads\/2021\/11\/JANE_LARGE_DORE-zoom-1.jpg","datePublished":"2021-11-12T14:54:47+00:00","dateModified":"2022-01-28T09:56:48+00:00","description":"un chic fou - Large brass necklace with 18k gold plating. Inspired from wild jungle flowers. Symbol of joy and freedom.","breadcrumb":{"@id":"https:\/\/preprod.unchicfou.com\/en\/produit\/jane-large-necklace-gold\/#breadcrumb"},"inLanguage":"en-US","potentialAction":[{"@type":"ReadAction","target":["https:\/\/preprod.unchicfou.com\/en\/produit\/jane-large-necklace-gold\/"]}]},{"@type":"ImageObject","inLanguage":"en-US","@id":"https:\/\/preprod.unchicfou.com\/en\/produit\/jane-large-necklace-gold\/#primaryimage","url":"https:\/\/preprod.unchicfou.com\/wp-content\/uploads\/2021\/11\/JANE_LARGE_DORE-zoom-1.jpg","contentUrl":"https:\/\/preprod.unchicfou.com\/wp-content\/uploads\/2021\/11\/JANE_LARGE_DORE-zoom-1.jpg","width":1591,"height":1590},{"@type":"BreadcrumbList","@id":"https:\/\/preprod.unchicfou.com\/en\/produit\/jane-large-necklace-gold\/#breadcrumb","itemListElement":[{"@type":"ListItem","position":1,"name":"Accueil","item":"https:\/\/preprod.unchicfou.com\/en\/"},{"@type":"ListItem","position":2,"name":"Boutique","item":"https:\/\/preprod.unchicfou.com\/boutique-unchicfou-bijoux-lin\/"},{"@type":"ListItem","position":3,"name":"Necklace JANE Large"}]},{"@type":"WebSite","@id":"https:\/\/preprod.unchicfou.com\/en\/#website","url":"https:\/\/preprod.unchicfou.com\/en\/","name":"un chic fou","description":"Bijoux \u00e9l\u00e9gants, raffin\u00e9s et intemporels faits avec le coeur","potentialAction":[{"@type":"SearchAction","target":{"@type":"EntryPoint","urlTemplate":"https:\/\/preprod.unchicfou.com\/en\/?s={search_term_string}"},"query-input":{"@type":"PropertyValueSpecification","valueRequired":true,"valueName":"search_term_string"}}],"inLanguage":"en-US"}]}},"_links":{"self":[{"href":"https:\/\/preprod.unchicfou.com\/en\/wp-json\/wp\/v2\/product\/11383","targetHints":{"allow":["GET"]}}],"collection":[{"href":"https:\/\/preprod.unchicfou.com\/en\/wp-json\/wp\/v2\/product"}],"about":[{"href":"https:\/\/preprod.unchicfou.com\/en\/wp-json\/wp\/v2\/types\/product"}],"wp:featuredmedia":[{"embeddable":true,"href":"https:\/\/preprod.unchicfou.com\/en\/wp-json\/wp\/v2\/media\/12342"}],"wp:attachment":[{"href":"https:\/\/preprod.unchicfou.com\/en\/wp-json\/wp\/v2\/media?parent=11383"}],"wp:term":[{"taxonomy":"product_brand","embeddable":true,"href":"https:\/\/preprod.unchicfou.com\/en\/wp-json\/wp\/v2\/product_brand?post=11383"},{"taxonomy":"product_cat","embeddable":true,"href":"https:\/\/preprod.unchicfou.com\/en\/wp-json\/wp\/v2\/product_cat?post=11383"},{"taxonomy":"product_tag","embeddable":true,"href":"https:\/\/preprod.unchicfou.com\/en\/wp-json\/wp\/v2\/product_tag?post=11383"}],"curies":[{"name":"wp","href":"https:\/\/api.w.org\/{rel}","templated":true}]}}