{"id":11254,"date":"2021-11-09T15:14:44","date_gmt":"2021-11-09T14:14:44","guid":{"rendered":"http:\/\/prod.unchicfou.com\/?post_type=product&#038;p=11254"},"modified":"2022-05-07T14:51:43","modified_gmt":"2022-05-07T12:51:43","slug":"alice-hammered-silver-earring-hoop","status":"publish","type":"product","link":"https:\/\/preprod.unchicfou.com\/en\/produit\/alice-hammered-silver-earring-hoop\/","title":{"rendered":"Earring ALICE"},"content":{"rendered":"<ul>\n<li><b>Earring sold by the unit. Order two units if you want a pair.<\/b><\/li>\n<li>Material : solid 925\/1000 silver with rhodium plating.<\/li>\n<li>Inspiration : in wonderland everything becomes more present and original.<\/li>\n<li>Details : thicker for more presence, an unexpected opening in the circle, an unprecedented wear facing out. External diameter 20mm. <strong>Handmade hammered finish.<\/strong> Closing with push-piece.<\/li>\n<li><b>Swiss Design. Local production in the Greater Geneva area.<\/b><\/li>\n<li>The earring comes with its 100% cotton pouch.<\/li>\n<li>To extend the family\u00a0ALICE<\/li>\n<\/ul>\n","protected":false},"excerpt":{"rendered":"<p>Solid silver earring with rhodium plating. Large hammered hoop with an unexpected opening in the circle.<\/p>\n<p>An original wear, facing outwards. A perfectly imposing hoop for wonderland.<\/p>\n","protected":false},"featured_media":11665,"template":"","meta":{"_acf_changed":false},"product_brand":[],"product_cat":[95],"product_tag":[509,440],"class_list":{"0":"post-11254","1":"product","2":"type-product","3":"status-publish","4":"has-post-thumbnail","6":"product_cat-earring-by-unit-mixmatch","7":"product_tag-hammered-en","8":"product_tag-silver-en","10":"first","11":"instock","12":"purchasable","13":"product-type-simple"},"acf":[],"yoast_head":"<!-- This site is optimized with the Yoast SEO plugin v27.3 - https:\/\/yoast.com\/product\/yoast-seo-wordpress\/ -->\n<title>un chic fou - Earring ALICE . Large solid silver open hoop.<\/title>\n<meta name=\"description\" content=\"un chic fou - Large solid 925\/1000 silver hammered hoop with rhodium plating. Original facing outwards wear and unexpected opening.\" \/>\n<meta name=\"robots\" content=\"index, follow, max-snippet:-1, max-image-preview:large, max-video-preview:-1\" \/>\n<link rel=\"canonical\" href=\"https:\/\/preprod.unchicfou.com\/en\/produit\/alice-hammered-silver-earring-hoop\/\" \/>\n<meta property=\"og:locale\" content=\"en_US\" \/>\n<meta property=\"og:type\" content=\"article\" \/>\n<meta property=\"og:title\" content=\"un chic fou - Earring ALICE . Large solid silver open hoop.\" \/>\n<meta property=\"og:description\" content=\"un chic fou - Large solid 925\/1000 silver hammered hoop with rhodium plating. Original facing outwards wear and unexpected opening.\" \/>\n<meta property=\"og:url\" content=\"https:\/\/preprod.unchicfou.com\/en\/produit\/alice-hammered-silver-earring-hoop\/\" \/>\n<meta property=\"og:site_name\" content=\"un chic fou\" \/>\n<meta property=\"article:modified_time\" content=\"2022-05-07T12:51:43+00:00\" \/>\n<meta property=\"og:image\" content=\"https:\/\/preprod.unchicfou.com\/wp-content\/uploads\/2021\/11\/ALICE_MARTELE_ARGENT.jpg\" \/>\n\t<meta property=\"og:image:width\" content=\"2362\" \/>\n\t<meta property=\"og:image:height\" content=\"2362\" \/>\n\t<meta property=\"og:image:type\" content=\"image\/jpeg\" \/>\n<meta name=\"twitter:card\" content=\"summary_large_image\" \/>\n<meta name=\"twitter:label1\" content=\"Est. reading time\" \/>\n\t<meta name=\"twitter:data1\" content=\"2 minutes\" \/>\n<!-- \/ Yoast SEO plugin. -->","yoast_head_json":{"title":"un chic fou - Earring ALICE . Large solid silver open hoop.","description":"un chic fou - Large solid 925\/1000 silver hammered hoop with rhodium plating. Original facing outwards wear and unexpected opening.","robots":{"index":"index","follow":"follow","max-snippet":"max-snippet:-1","max-image-preview":"max-image-preview:large","max-video-preview":"max-video-preview:-1"},"canonical":"https:\/\/preprod.unchicfou.com\/en\/produit\/alice-hammered-silver-earring-hoop\/","og_locale":"en_US","og_type":"article","og_title":"un chic fou - Earring ALICE . Large solid silver open hoop.","og_description":"un chic fou - Large solid 925\/1000 silver hammered hoop with rhodium plating. Original facing outwards wear and unexpected opening.","og_url":"https:\/\/preprod.unchicfou.com\/en\/produit\/alice-hammered-silver-earring-hoop\/","og_site_name":"un chic fou","article_modified_time":"2022-05-07T12:51:43+00:00","og_image":[{"width":2362,"height":2362,"url":"https:\/\/preprod.unchicfou.com\/wp-content\/uploads\/2021\/11\/ALICE_MARTELE_ARGENT.jpg","type":"image\/jpeg"}],"twitter_card":"summary_large_image","twitter_misc":{"Est. reading time":"2 minutes"},"schema":{"@context":"https:\/\/schema.org","@graph":[{"@type":"WebPage","@id":"https:\/\/preprod.unchicfou.com\/en\/produit\/alice-hammered-silver-earring-hoop\/","url":"https:\/\/preprod.unchicfou.com\/en\/produit\/alice-hammered-silver-earring-hoop\/","name":"un chic fou - Earring ALICE . Large solid silver open hoop.","isPartOf":{"@id":"https:\/\/preprod.unchicfou.com\/en\/#website"},"primaryImageOfPage":{"@id":"https:\/\/preprod.unchicfou.com\/en\/produit\/alice-hammered-silver-earring-hoop\/#primaryimage"},"image":{"@id":"https:\/\/preprod.unchicfou.com\/en\/produit\/alice-hammered-silver-earring-hoop\/#primaryimage"},"thumbnailUrl":"https:\/\/preprod.unchicfou.com\/wp-content\/uploads\/2021\/11\/ALICE_MARTELE_ARGENT.jpg","datePublished":"2021-11-09T14:14:44+00:00","dateModified":"2022-05-07T12:51:43+00:00","description":"un chic fou - Large solid 925\/1000 silver hammered hoop with rhodium plating. Original facing outwards wear and unexpected opening.","breadcrumb":{"@id":"https:\/\/preprod.unchicfou.com\/en\/produit\/alice-hammered-silver-earring-hoop\/#breadcrumb"},"inLanguage":"en-US","potentialAction":[{"@type":"ReadAction","target":["https:\/\/preprod.unchicfou.com\/en\/produit\/alice-hammered-silver-earring-hoop\/"]}]},{"@type":"ImageObject","inLanguage":"en-US","@id":"https:\/\/preprod.unchicfou.com\/en\/produit\/alice-hammered-silver-earring-hoop\/#primaryimage","url":"https:\/\/preprod.unchicfou.com\/wp-content\/uploads\/2021\/11\/ALICE_MARTELE_ARGENT.jpg","contentUrl":"https:\/\/preprod.unchicfou.com\/wp-content\/uploads\/2021\/11\/ALICE_MARTELE_ARGENT.jpg","width":2362,"height":2362},{"@type":"BreadcrumbList","@id":"https:\/\/preprod.unchicfou.com\/en\/produit\/alice-hammered-silver-earring-hoop\/#breadcrumb","itemListElement":[{"@type":"ListItem","position":1,"name":"Accueil","item":"https:\/\/preprod.unchicfou.com\/en\/"},{"@type":"ListItem","position":2,"name":"Boutique","item":"https:\/\/preprod.unchicfou.com\/boutique-unchicfou-bijoux-lin\/"},{"@type":"ListItem","position":3,"name":"Earring ALICE"}]},{"@type":"WebSite","@id":"https:\/\/preprod.unchicfou.com\/en\/#website","url":"https:\/\/preprod.unchicfou.com\/en\/","name":"un chic fou","description":"Bijoux \u00e9l\u00e9gants, raffin\u00e9s et intemporels faits avec le coeur","potentialAction":[{"@type":"SearchAction","target":{"@type":"EntryPoint","urlTemplate":"https:\/\/preprod.unchicfou.com\/en\/?s={search_term_string}"},"query-input":{"@type":"PropertyValueSpecification","valueRequired":true,"valueName":"search_term_string"}}],"inLanguage":"en-US"}]}},"_links":{"self":[{"href":"https:\/\/preprod.unchicfou.com\/en\/wp-json\/wp\/v2\/product\/11254","targetHints":{"allow":["GET"]}}],"collection":[{"href":"https:\/\/preprod.unchicfou.com\/en\/wp-json\/wp\/v2\/product"}],"about":[{"href":"https:\/\/preprod.unchicfou.com\/en\/wp-json\/wp\/v2\/types\/product"}],"wp:featuredmedia":[{"embeddable":true,"href":"https:\/\/preprod.unchicfou.com\/en\/wp-json\/wp\/v2\/media\/11665"}],"wp:attachment":[{"href":"https:\/\/preprod.unchicfou.com\/en\/wp-json\/wp\/v2\/media?parent=11254"}],"wp:term":[{"taxonomy":"product_brand","embeddable":true,"href":"https:\/\/preprod.unchicfou.com\/en\/wp-json\/wp\/v2\/product_brand?post=11254"},{"taxonomy":"product_cat","embeddable":true,"href":"https:\/\/preprod.unchicfou.com\/en\/wp-json\/wp\/v2\/product_cat?post=11254"},{"taxonomy":"product_tag","embeddable":true,"href":"https:\/\/preprod.unchicfou.com\/en\/wp-json\/wp\/v2\/product_tag?post=11254"}],"curies":[{"name":"wp","href":"https:\/\/api.w.org\/{rel}","templated":true}]}}