{"id":11242,"date":"2021-11-09T14:36:27","date_gmt":"2021-11-09T13:36:27","guid":{"rendered":"http:\/\/prod.unchicfou.com\/?post_type=product&#038;p=11242"},"modified":"2022-01-29T18:05:04","modified_gmt":"2022-01-29T17:05:04","slug":"nora-medium-earring-hoop-gold","status":"publish","type":"product","link":"https:\/\/preprod.unchicfou.com\/en\/produit\/nora-medium-earring-hoop-gold\/","title":{"rendered":"Earring NORA Medium"},"content":{"rendered":"<ul>\n<li><b>Earring sold by the unit. Order two units if you want a pair.<\/b><\/li>\n<li>Material : brass with 18k gold plating at 5 microns.<\/li>\n<li>Inspiration : original open hoops. NORA wanted them different with an optimal wear.<\/li>\n<li>Details : the details that change everything: a small flat part enables the earring stay in perfect position, another one finishes the hoop for a touch of originality. <strong>Handmade hammered finish<\/strong>. Diameter 20mm. Closing with push-in mechanism.<\/li>\n<li><b>Swiss Design. Local production in the Greater Geneva area.<\/b><\/li>\n<li>The earring comes with its 100% cotton pouch.<\/li>\n<li>To extend the family\u00a0NORA<\/li>\n<\/ul>\n","protected":false},"excerpt":{"rendered":"<p>Golden earring. Medium size. Open hoop with two original flat endings.<\/p>\n<p>The elegance from a perfect wear and the light playing on the hammered finish.<\/p>\n","protected":false},"featured_media":11506,"template":"","meta":{"_acf_changed":false},"product_brand":[],"product_cat":[95],"product_tag":[896,375,509],"class_list":{"0":"post-11242","1":"product","2":"type-product","3":"status-publish","4":"has-post-thumbnail","6":"product_cat-earring-by-unit-mixmatch","7":"product_tag-christmas-selection","8":"product_tag-gold-plated-en","9":"product_tag-hammered-en","11":"first","12":"instock","13":"purchasable","14":"product-type-simple"},"acf":[],"yoast_head":"<!-- This site is optimized with the Yoast SEO plugin v27.3 - https:\/\/yoast.com\/product\/yoast-seo-wordpress\/ -->\n<title>un chic fou - Earring NORA Medium . 18k gold-plated open hoop.<\/title>\n<meta name=\"description\" content=\"un chic fou - Brass earring with 18k gold plating. Medium size. The elegance of a perfect wear, an original flat end and a hammered finish.\" \/>\n<meta name=\"robots\" content=\"index, follow, max-snippet:-1, max-image-preview:large, max-video-preview:-1\" \/>\n<link rel=\"canonical\" href=\"https:\/\/preprod.unchicfou.com\/en\/produit\/nora-medium-earring-hoop-gold\/\" \/>\n<meta property=\"og:locale\" content=\"en_US\" \/>\n<meta property=\"og:type\" content=\"article\" \/>\n<meta property=\"og:title\" content=\"un chic fou - Earring NORA Medium . 18k gold-plated open hoop.\" \/>\n<meta property=\"og:description\" content=\"un chic fou - Brass earring with 18k gold plating. Medium size. The elegance of a perfect wear, an original flat end and a hammered finish.\" \/>\n<meta property=\"og:url\" content=\"https:\/\/preprod.unchicfou.com\/en\/produit\/nora-medium-earring-hoop-gold\/\" \/>\n<meta property=\"og:site_name\" content=\"un chic fou\" \/>\n<meta property=\"article:modified_time\" content=\"2022-01-29T17:05:04+00:00\" \/>\n<meta property=\"og:image\" content=\"https:\/\/preprod.unchicfou.com\/wp-content\/uploads\/2021\/11\/NORA_MEDIUM_DORE.jpg\" \/>\n\t<meta property=\"og:image:width\" content=\"2362\" \/>\n\t<meta property=\"og:image:height\" content=\"2362\" \/>\n\t<meta property=\"og:image:type\" content=\"image\/jpeg\" \/>\n<meta name=\"twitter:card\" content=\"summary_large_image\" \/>\n<meta name=\"twitter:label1\" content=\"Est. reading time\" \/>\n\t<meta name=\"twitter:data1\" content=\"2 minutes\" \/>\n<!-- \/ Yoast SEO plugin. -->","yoast_head_json":{"title":"un chic fou - Earring NORA Medium . 18k gold-plated open hoop.","description":"un chic fou - Brass earring with 18k gold plating. Medium size. The elegance of a perfect wear, an original flat end and a hammered finish.","robots":{"index":"index","follow":"follow","max-snippet":"max-snippet:-1","max-image-preview":"max-image-preview:large","max-video-preview":"max-video-preview:-1"},"canonical":"https:\/\/preprod.unchicfou.com\/en\/produit\/nora-medium-earring-hoop-gold\/","og_locale":"en_US","og_type":"article","og_title":"un chic fou - Earring NORA Medium . 18k gold-plated open hoop.","og_description":"un chic fou - Brass earring with 18k gold plating. Medium size. The elegance of a perfect wear, an original flat end and a hammered finish.","og_url":"https:\/\/preprod.unchicfou.com\/en\/produit\/nora-medium-earring-hoop-gold\/","og_site_name":"un chic fou","article_modified_time":"2022-01-29T17:05:04+00:00","og_image":[{"width":2362,"height":2362,"url":"https:\/\/preprod.unchicfou.com\/wp-content\/uploads\/2021\/11\/NORA_MEDIUM_DORE.jpg","type":"image\/jpeg"}],"twitter_card":"summary_large_image","twitter_misc":{"Est. reading time":"2 minutes"},"schema":{"@context":"https:\/\/schema.org","@graph":[{"@type":"WebPage","@id":"https:\/\/preprod.unchicfou.com\/en\/produit\/nora-medium-earring-hoop-gold\/","url":"https:\/\/preprod.unchicfou.com\/en\/produit\/nora-medium-earring-hoop-gold\/","name":"un chic fou - Earring NORA Medium . 18k gold-plated open hoop.","isPartOf":{"@id":"https:\/\/preprod.unchicfou.com\/en\/#website"},"primaryImageOfPage":{"@id":"https:\/\/preprod.unchicfou.com\/en\/produit\/nora-medium-earring-hoop-gold\/#primaryimage"},"image":{"@id":"https:\/\/preprod.unchicfou.com\/en\/produit\/nora-medium-earring-hoop-gold\/#primaryimage"},"thumbnailUrl":"https:\/\/preprod.unchicfou.com\/wp-content\/uploads\/2021\/11\/NORA_MEDIUM_DORE.jpg","datePublished":"2021-11-09T13:36:27+00:00","dateModified":"2022-01-29T17:05:04+00:00","description":"un chic fou - Brass earring with 18k gold plating. Medium size. The elegance of a perfect wear, an original flat end and a hammered finish.","breadcrumb":{"@id":"https:\/\/preprod.unchicfou.com\/en\/produit\/nora-medium-earring-hoop-gold\/#breadcrumb"},"inLanguage":"en-US","potentialAction":[{"@type":"ReadAction","target":["https:\/\/preprod.unchicfou.com\/en\/produit\/nora-medium-earring-hoop-gold\/"]}]},{"@type":"ImageObject","inLanguage":"en-US","@id":"https:\/\/preprod.unchicfou.com\/en\/produit\/nora-medium-earring-hoop-gold\/#primaryimage","url":"https:\/\/preprod.unchicfou.com\/wp-content\/uploads\/2021\/11\/NORA_MEDIUM_DORE.jpg","contentUrl":"https:\/\/preprod.unchicfou.com\/wp-content\/uploads\/2021\/11\/NORA_MEDIUM_DORE.jpg","width":2362,"height":2362},{"@type":"BreadcrumbList","@id":"https:\/\/preprod.unchicfou.com\/en\/produit\/nora-medium-earring-hoop-gold\/#breadcrumb","itemListElement":[{"@type":"ListItem","position":1,"name":"Accueil","item":"https:\/\/preprod.unchicfou.com\/en\/"},{"@type":"ListItem","position":2,"name":"Boutique","item":"https:\/\/preprod.unchicfou.com\/boutique-unchicfou-bijoux-lin\/"},{"@type":"ListItem","position":3,"name":"Earring NORA Medium"}]},{"@type":"WebSite","@id":"https:\/\/preprod.unchicfou.com\/en\/#website","url":"https:\/\/preprod.unchicfou.com\/en\/","name":"un chic fou","description":"Bijoux \u00e9l\u00e9gants, raffin\u00e9s et intemporels faits avec le coeur","potentialAction":[{"@type":"SearchAction","target":{"@type":"EntryPoint","urlTemplate":"https:\/\/preprod.unchicfou.com\/en\/?s={search_term_string}"},"query-input":{"@type":"PropertyValueSpecification","valueRequired":true,"valueName":"search_term_string"}}],"inLanguage":"en-US"}]}},"_links":{"self":[{"href":"https:\/\/preprod.unchicfou.com\/en\/wp-json\/wp\/v2\/product\/11242","targetHints":{"allow":["GET"]}}],"collection":[{"href":"https:\/\/preprod.unchicfou.com\/en\/wp-json\/wp\/v2\/product"}],"about":[{"href":"https:\/\/preprod.unchicfou.com\/en\/wp-json\/wp\/v2\/types\/product"}],"wp:featuredmedia":[{"embeddable":true,"href":"https:\/\/preprod.unchicfou.com\/en\/wp-json\/wp\/v2\/media\/11506"}],"wp:attachment":[{"href":"https:\/\/preprod.unchicfou.com\/en\/wp-json\/wp\/v2\/media?parent=11242"}],"wp:term":[{"taxonomy":"product_brand","embeddable":true,"href":"https:\/\/preprod.unchicfou.com\/en\/wp-json\/wp\/v2\/product_brand?post=11242"},{"taxonomy":"product_cat","embeddable":true,"href":"https:\/\/preprod.unchicfou.com\/en\/wp-json\/wp\/v2\/product_cat?post=11242"},{"taxonomy":"product_tag","embeddable":true,"href":"https:\/\/preprod.unchicfou.com\/en\/wp-json\/wp\/v2\/product_tag?post=11242"}],"curies":[{"name":"wp","href":"https:\/\/api.w.org\/{rel}","templated":true}]}}