{"id":1124,"date":"2017-06-20T09:50:29","date_gmt":"2017-06-20T07:50:29","guid":{"rendered":"http:\/\/357nkacsig.preview.infomaniak.website\/?product=mobile-for-her-bracelet"},"modified":"2021-03-26T19:18:54","modified_gmt":"2021-03-26T18:18:54","slug":"mobile-for-her-bracelet-silver","status":"publish","type":"product","link":"https:\/\/preprod.unchicfou.com\/en\/produit\/mobile-for-her-bracelet-silver\/","title":{"rendered":"MOBILE For Her"},"content":{"rendered":"<ul>\n<li><b>Silver mobile bracelet with its 100% suede cord.<\/b><\/li>\n<li>Material: solid 925\/1000 silver with rhodium plating.<\/li>\n<li>Inspiration: like a child&#8217;s mobile or an automatic watchmaking movement.<\/li>\n<li>Details: the satin brushed part spins over the polished base underneath.<\/li>\n<li><b>Swiss Design. Local production in the Greater Geneva area.<\/b><\/li>\n<li>The bracelet comes with its 100% cotton pouch.<\/li>\n<li>To extend the family <a href=\"https:\/\/preprod.unchicfou.com\/?s=aswisstory&#038;post_type=product\">ASWISSTORY<\/a>.<\/li>\n<\/ul>\n","protected":false},"excerpt":{"rendered":"<p>Solid silver bracelet &#8211; adjustable to the wrist\u00a0with its 100% suede cord.<\/p>\n<p>The polished part turns on the brilliant disc underneath, and reminds us of a baby mobile or a watch movement&#8230;<\/p>\n","protected":false},"featured_media":8574,"template":"","meta":{"_acf_changed":false},"product_brand":[],"product_cat":[85],"product_tag":[1172,384,421,472,440],"class_list":{"0":"post-1124","1":"product","2":"type-product","3":"status-publish","4":"has-post-thumbnail","6":"product_cat-bracelets-gold-silver-text-cords-ajustable","7":"product_tag-swiss-en","8":"product_tag-cotton-ribbon-en","9":"product_tag-mobile-en","10":"product_tag-rhodium-plated-en","11":"product_tag-silver-en","13":"first","14":"outofstock","15":"purchasable","16":"product-type-variable"},"acf":[],"yoast_head":"<!-- This site is optimized with the Yoast SEO plugin v27.3 - https:\/\/yoast.com\/product\/yoast-seo-wordpress\/ -->\n<title>un chic fou - MOBILE For Her . Solid silver mobile bracelet. Suede cord.<\/title>\n<meta name=\"description\" content=\"un chic fou - Solid 925\/1000 silver mobile bracelet with rhodium plating. The satin brushed part spins over the polished base. Suede cord.\" \/>\n<meta name=\"robots\" content=\"index, follow, max-snippet:-1, max-image-preview:large, max-video-preview:-1\" \/>\n<link rel=\"canonical\" href=\"https:\/\/preprod.unchicfou.com\/en\/produit\/mobile-for-her-bracelet-silver\/\" \/>\n<meta property=\"og:locale\" content=\"en_US\" \/>\n<meta property=\"og:type\" content=\"article\" \/>\n<meta property=\"og:title\" content=\"un chic fou - MOBILE For Her . Solid silver mobile bracelet. Suede cord.\" \/>\n<meta property=\"og:description\" content=\"un chic fou - Solid 925\/1000 silver mobile bracelet with rhodium plating. The satin brushed part spins over the polished base. Suede cord.\" \/>\n<meta property=\"og:url\" content=\"https:\/\/preprod.unchicfou.com\/en\/produit\/mobile-for-her-bracelet-silver\/\" \/>\n<meta property=\"og:site_name\" content=\"un chic fou\" \/>\n<meta property=\"article:modified_time\" content=\"2021-03-26T18:18:54+00:00\" \/>\n<meta property=\"og:image\" content=\"https:\/\/preprod.unchicfou.com\/wp-content\/uploads\/2017\/06\/MOBILE-femme-AG2.png\" \/>\n\t<meta property=\"og:image:width\" content=\"1442\" \/>\n\t<meta property=\"og:image:height\" content=\"1346\" \/>\n\t<meta property=\"og:image:type\" content=\"image\/png\" \/>\n<meta name=\"twitter:card\" content=\"summary_large_image\" \/>\n<meta name=\"twitter:label1\" content=\"Est. reading time\" \/>\n\t<meta name=\"twitter:data1\" content=\"1 minute\" \/>\n<!-- \/ Yoast SEO plugin. -->","yoast_head_json":{"title":"un chic fou - MOBILE For Her . Solid silver mobile bracelet. Suede cord.","description":"un chic fou - Solid 925\/1000 silver mobile bracelet with rhodium plating. The satin brushed part spins over the polished base. Suede cord.","robots":{"index":"index","follow":"follow","max-snippet":"max-snippet:-1","max-image-preview":"max-image-preview:large","max-video-preview":"max-video-preview:-1"},"canonical":"https:\/\/preprod.unchicfou.com\/en\/produit\/mobile-for-her-bracelet-silver\/","og_locale":"en_US","og_type":"article","og_title":"un chic fou - MOBILE For Her . Solid silver mobile bracelet. Suede cord.","og_description":"un chic fou - Solid 925\/1000 silver mobile bracelet with rhodium plating. The satin brushed part spins over the polished base. Suede cord.","og_url":"https:\/\/preprod.unchicfou.com\/en\/produit\/mobile-for-her-bracelet-silver\/","og_site_name":"un chic fou","article_modified_time":"2021-03-26T18:18:54+00:00","og_image":[{"width":1442,"height":1346,"url":"https:\/\/preprod.unchicfou.com\/wp-content\/uploads\/2017\/06\/MOBILE-femme-AG2.png","type":"image\/png"}],"twitter_card":"summary_large_image","twitter_misc":{"Est. reading time":"1 minute"},"schema":{"@context":"https:\/\/schema.org","@graph":[{"@type":"WebPage","@id":"https:\/\/preprod.unchicfou.com\/en\/produit\/mobile-for-her-bracelet-silver\/","url":"https:\/\/preprod.unchicfou.com\/en\/produit\/mobile-for-her-bracelet-silver\/","name":"un chic fou - MOBILE For Her . Solid silver mobile bracelet. Suede cord.","isPartOf":{"@id":"https:\/\/preprod.unchicfou.com\/en\/#website"},"primaryImageOfPage":{"@id":"https:\/\/preprod.unchicfou.com\/en\/produit\/mobile-for-her-bracelet-silver\/#primaryimage"},"image":{"@id":"https:\/\/preprod.unchicfou.com\/en\/produit\/mobile-for-her-bracelet-silver\/#primaryimage"},"thumbnailUrl":"https:\/\/preprod.unchicfou.com\/wp-content\/uploads\/2017\/06\/MOBILE-femme-AG2.png","datePublished":"2017-06-20T07:50:29+00:00","dateModified":"2021-03-26T18:18:54+00:00","description":"un chic fou - Solid 925\/1000 silver mobile bracelet with rhodium plating. The satin brushed part spins over the polished base. Suede cord.","breadcrumb":{"@id":"https:\/\/preprod.unchicfou.com\/en\/produit\/mobile-for-her-bracelet-silver\/#breadcrumb"},"inLanguage":"en-US","potentialAction":[{"@type":"ReadAction","target":["https:\/\/preprod.unchicfou.com\/en\/produit\/mobile-for-her-bracelet-silver\/"]}]},{"@type":"ImageObject","inLanguage":"en-US","@id":"https:\/\/preprod.unchicfou.com\/en\/produit\/mobile-for-her-bracelet-silver\/#primaryimage","url":"https:\/\/preprod.unchicfou.com\/wp-content\/uploads\/2017\/06\/MOBILE-femme-AG2.png","contentUrl":"https:\/\/preprod.unchicfou.com\/wp-content\/uploads\/2017\/06\/MOBILE-femme-AG2.png","width":1442,"height":1346,"caption":"MOBILE femme AG2"},{"@type":"BreadcrumbList","@id":"https:\/\/preprod.unchicfou.com\/en\/produit\/mobile-for-her-bracelet-silver\/#breadcrumb","itemListElement":[{"@type":"ListItem","position":1,"name":"Accueil","item":"https:\/\/preprod.unchicfou.com\/en\/"},{"@type":"ListItem","position":2,"name":"Boutique","item":"https:\/\/preprod.unchicfou.com\/boutique-unchicfou-bijoux-lin\/"},{"@type":"ListItem","position":3,"name":"MOBILE For Her"}]},{"@type":"WebSite","@id":"https:\/\/preprod.unchicfou.com\/en\/#website","url":"https:\/\/preprod.unchicfou.com\/en\/","name":"un chic fou","description":"Bijoux \u00e9l\u00e9gants, raffin\u00e9s et intemporels faits avec le coeur","potentialAction":[{"@type":"SearchAction","target":{"@type":"EntryPoint","urlTemplate":"https:\/\/preprod.unchicfou.com\/en\/?s={search_term_string}"},"query-input":{"@type":"PropertyValueSpecification","valueRequired":true,"valueName":"search_term_string"}}],"inLanguage":"en-US"}]}},"_links":{"self":[{"href":"https:\/\/preprod.unchicfou.com\/en\/wp-json\/wp\/v2\/product\/1124","targetHints":{"allow":["GET"]}}],"collection":[{"href":"https:\/\/preprod.unchicfou.com\/en\/wp-json\/wp\/v2\/product"}],"about":[{"href":"https:\/\/preprod.unchicfou.com\/en\/wp-json\/wp\/v2\/types\/product"}],"wp:featuredmedia":[{"embeddable":true,"href":"https:\/\/preprod.unchicfou.com\/en\/wp-json\/wp\/v2\/media\/8574"}],"wp:attachment":[{"href":"https:\/\/preprod.unchicfou.com\/en\/wp-json\/wp\/v2\/media?parent=1124"}],"wp:term":[{"taxonomy":"product_brand","embeddable":true,"href":"https:\/\/preprod.unchicfou.com\/en\/wp-json\/wp\/v2\/product_brand?post=1124"},{"taxonomy":"product_cat","embeddable":true,"href":"https:\/\/preprod.unchicfou.com\/en\/wp-json\/wp\/v2\/product_cat?post=1124"},{"taxonomy":"product_tag","embeddable":true,"href":"https:\/\/preprod.unchicfou.com\/en\/wp-json\/wp\/v2\/product_tag?post=1124"}],"curies":[{"name":"wp","href":"https:\/\/api.w.org\/{rel}","templated":true}]}}