{"id":1097,"date":"2017-06-12T18:06:39","date_gmt":"2017-06-12T16:06:39","guid":{"rendered":"http:\/\/357nkacsig.preview.infomaniak.website\/?product=meriem-earring"},"modified":"2020-11-12T14:27:21","modified_gmt":"2020-11-12T13:27:21","slug":"meriem-earring-silver-rhodium","status":"publish","type":"product","link":"https:\/\/preprod.unchicfou.com\/en\/produit\/meriem-earring-silver-rhodium\/","title":{"rendered":"MERIEM"},"content":{"rendered":"<ul>\n<li><b>Earring sold by the unit. Order two units if you want a pair.<\/b><\/li>\n<li>Material : brass with rhodium plating. White zircons set by hand.<\/li>\n<li>Inspiration :\u00a0design was influenced by her grandmother&#8217;s earring. Her name was MERIEM.<\/li>\n<li>Details : length 10mm, curved. Closing with push-piece. Diamond-cut white zircons.<\/li>\n<li><b>Swiss Design. Local production in the Greater Geneva area.<\/b><\/li>\n<li>The earring comes with its 100% cotton pouch.<\/li>\n<\/ul>\n","protected":false},"excerpt":{"rendered":"<p>Silver\u00a0earring. White zircons set by hand.<\/p>\n<p>Like a glittering comma at your ear.<\/p>\n","protected":false},"featured_media":4191,"template":"","meta":{"_acf_changed":false},"product_brand":[],"product_cat":[95],"product_tag":[472,878],"class_list":{"0":"post-1097","1":"product","2":"type-product","3":"status-publish","4":"has-post-thumbnail","6":"product_cat-earring-by-unit-mixmatch","7":"product_tag-rhodium-plated-en","8":"product_tag-stones-en","10":"first","11":"instock","12":"featured","13":"purchasable","14":"product-type-simple"},"acf":[],"yoast_head":"<!-- This site is optimized with the Yoast SEO plugin v27.3 - https:\/\/yoast.com\/product\/yoast-seo-wordpress\/ -->\n<title>un chic fou - MERIEM . Brass rhodium-plated earring. Stones set by hand.<\/title>\n<meta name=\"description\" content=\"un chic fou - Brass earring with rhodium plating. White diamond-cut zircon stones set by hand. Like a glittering comma at your ears.\" \/>\n<meta name=\"robots\" content=\"index, follow, max-snippet:-1, max-image-preview:large, max-video-preview:-1\" \/>\n<link rel=\"canonical\" href=\"https:\/\/preprod.unchicfou.com\/en\/produit\/meriem-earring-silver-rhodium\/\" \/>\n<meta property=\"og:locale\" content=\"en_US\" \/>\n<meta property=\"og:type\" content=\"article\" \/>\n<meta property=\"og:title\" content=\"un chic fou - MERIEM . Brass rhodium-plated earring. Stones set by hand.\" \/>\n<meta property=\"og:description\" content=\"un chic fou - Brass earring with rhodium plating. White diamond-cut zircon stones set by hand. Like a glittering comma at your ears.\" \/>\n<meta property=\"og:url\" content=\"https:\/\/preprod.unchicfou.com\/en\/produit\/meriem-earring-silver-rhodium\/\" \/>\n<meta property=\"og:site_name\" content=\"un chic fou\" \/>\n<meta property=\"article:modified_time\" content=\"2020-11-12T13:27:21+00:00\" \/>\n<meta property=\"og:image\" content=\"https:\/\/preprod.unchicfou.com\/wp-content\/uploads\/2020\/06\/MERIEM-SILWT-scaled.jpg\" \/>\n\t<meta property=\"og:image:width\" content=\"2560\" \/>\n\t<meta property=\"og:image:height\" content=\"2560\" \/>\n\t<meta property=\"og:image:type\" content=\"image\/jpeg\" \/>\n<meta name=\"twitter:card\" content=\"summary_large_image\" \/>\n<!-- \/ Yoast SEO plugin. -->","yoast_head_json":{"title":"un chic fou - MERIEM . Brass rhodium-plated earring. Stones set by hand.","description":"un chic fou - Brass earring with rhodium plating. White diamond-cut zircon stones set by hand. Like a glittering comma at your ears.","robots":{"index":"index","follow":"follow","max-snippet":"max-snippet:-1","max-image-preview":"max-image-preview:large","max-video-preview":"max-video-preview:-1"},"canonical":"https:\/\/preprod.unchicfou.com\/en\/produit\/meriem-earring-silver-rhodium\/","og_locale":"en_US","og_type":"article","og_title":"un chic fou - MERIEM . Brass rhodium-plated earring. Stones set by hand.","og_description":"un chic fou - Brass earring with rhodium plating. White diamond-cut zircon stones set by hand. Like a glittering comma at your ears.","og_url":"https:\/\/preprod.unchicfou.com\/en\/produit\/meriem-earring-silver-rhodium\/","og_site_name":"un chic fou","article_modified_time":"2020-11-12T13:27:21+00:00","og_image":[{"width":2560,"height":2560,"url":"https:\/\/preprod.unchicfou.com\/wp-content\/uploads\/2020\/06\/MERIEM-SILWT-scaled.jpg","type":"image\/jpeg"}],"twitter_card":"summary_large_image","schema":{"@context":"https:\/\/schema.org","@graph":[{"@type":"WebPage","@id":"https:\/\/preprod.unchicfou.com\/en\/produit\/meriem-earring-silver-rhodium\/","url":"https:\/\/preprod.unchicfou.com\/en\/produit\/meriem-earring-silver-rhodium\/","name":"un chic fou - MERIEM . Brass rhodium-plated earring. Stones set by hand.","isPartOf":{"@id":"https:\/\/preprod.unchicfou.com\/en\/#website"},"primaryImageOfPage":{"@id":"https:\/\/preprod.unchicfou.com\/en\/produit\/meriem-earring-silver-rhodium\/#primaryimage"},"image":{"@id":"https:\/\/preprod.unchicfou.com\/en\/produit\/meriem-earring-silver-rhodium\/#primaryimage"},"thumbnailUrl":"https:\/\/preprod.unchicfou.com\/wp-content\/uploads\/2020\/06\/MERIEM-SILWT-scaled.jpg","datePublished":"2017-06-12T16:06:39+00:00","dateModified":"2020-11-12T13:27:21+00:00","description":"un chic fou - Brass earring with rhodium plating. White diamond-cut zircon stones set by hand. Like a glittering comma at your ears.","breadcrumb":{"@id":"https:\/\/preprod.unchicfou.com\/en\/produit\/meriem-earring-silver-rhodium\/#breadcrumb"},"inLanguage":"en-US","potentialAction":[{"@type":"ReadAction","target":["https:\/\/preprod.unchicfou.com\/en\/produit\/meriem-earring-silver-rhodium\/"]}]},{"@type":"ImageObject","inLanguage":"en-US","@id":"https:\/\/preprod.unchicfou.com\/en\/produit\/meriem-earring-silver-rhodium\/#primaryimage","url":"https:\/\/preprod.unchicfou.com\/wp-content\/uploads\/2020\/06\/MERIEM-SILWT-scaled.jpg","contentUrl":"https:\/\/preprod.unchicfou.com\/wp-content\/uploads\/2020\/06\/MERIEM-SILWT-scaled.jpg","width":2560,"height":2560,"caption":"MERIEM SILWT scaled"},{"@type":"BreadcrumbList","@id":"https:\/\/preprod.unchicfou.com\/en\/produit\/meriem-earring-silver-rhodium\/#breadcrumb","itemListElement":[{"@type":"ListItem","position":1,"name":"Accueil","item":"https:\/\/preprod.unchicfou.com\/en\/"},{"@type":"ListItem","position":2,"name":"Boutique","item":"https:\/\/preprod.unchicfou.com\/boutique-unchicfou-bijoux-lin\/"},{"@type":"ListItem","position":3,"name":"MERIEM"}]},{"@type":"WebSite","@id":"https:\/\/preprod.unchicfou.com\/en\/#website","url":"https:\/\/preprod.unchicfou.com\/en\/","name":"un chic fou","description":"Bijoux \u00e9l\u00e9gants, raffin\u00e9s et intemporels faits avec le coeur","potentialAction":[{"@type":"SearchAction","target":{"@type":"EntryPoint","urlTemplate":"https:\/\/preprod.unchicfou.com\/en\/?s={search_term_string}"},"query-input":{"@type":"PropertyValueSpecification","valueRequired":true,"valueName":"search_term_string"}}],"inLanguage":"en-US"}]}},"_links":{"self":[{"href":"https:\/\/preprod.unchicfou.com\/en\/wp-json\/wp\/v2\/product\/1097","targetHints":{"allow":["GET"]}}],"collection":[{"href":"https:\/\/preprod.unchicfou.com\/en\/wp-json\/wp\/v2\/product"}],"about":[{"href":"https:\/\/preprod.unchicfou.com\/en\/wp-json\/wp\/v2\/types\/product"}],"wp:featuredmedia":[{"embeddable":true,"href":"https:\/\/preprod.unchicfou.com\/en\/wp-json\/wp\/v2\/media\/4191"}],"wp:attachment":[{"href":"https:\/\/preprod.unchicfou.com\/en\/wp-json\/wp\/v2\/media?parent=1097"}],"wp:term":[{"taxonomy":"product_brand","embeddable":true,"href":"https:\/\/preprod.unchicfou.com\/en\/wp-json\/wp\/v2\/product_brand?post=1097"},{"taxonomy":"product_cat","embeddable":true,"href":"https:\/\/preprod.unchicfou.com\/en\/wp-json\/wp\/v2\/product_cat?post=1097"},{"taxonomy":"product_tag","embeddable":true,"href":"https:\/\/preprod.unchicfou.com\/en\/wp-json\/wp\/v2\/product_tag?post=1097"}],"curies":[{"name":"wp","href":"https:\/\/api.w.org\/{rel}","templated":true}]}}